{"id":3149,"date":"2023-05-27T12:29:30","date_gmt":"2023-05-27T10:29:30","guid":{"rendered":"https:\/\/wegeblw.pl\/?post_type=product&#038;p=3149"},"modified":"2026-04-30T04:30:56","modified_gmt":"2026-04-30T02:30:56","slug":"polkula-sensoryczna-do-masazu-diament-zielony-tullo","status":"publish","type":"product","link":"https:\/\/wegeblw.pl\/index.php\/produkt\/polkula-sensoryczna-do-masazu-diament-zielony-tullo\/","title":{"rendered":"P\u00f3\u0142kula sensoryczna do masa\u017cu diament zielony Tullo"},"content":{"rendered":"<p>Literatura sensacyjna i grozy<\/p>\n<p>chlebowy do picia, barszcz z butelki, sza\u0142wia na b\u00f3l brzucha, mucha w uchu, herbata zielona z mi\u0119t\u0105, przyprawa do ryb, dieta przyk\u0142adowa, makaron duze muszle, pomys\u0142 na makaron ry\u017cowy, czym zast\u0105pi\u0107 skrobi\u0119 ziemniaczan\u0105<\/p>\n<p>yyyyy<\/p>\n","protected":false},"excerpt":{"rendered":"<p>Literatura sensacyjna i grozy chlebowy do picia, barszcz z butelki, sza\u0142wia na b\u00f3l brzucha, mucha w uchu, herbata zielona z&hellip;<\/p>\n","protected":false},"featured_media":3150,"comment_status":"closed","ping_status":"open","template":"","meta":[],"product_cat":[292],"product_tag":[812,734,759,633,850,750],"class_list":["post-3149","product","type-product","status-publish","has-post-thumbnail","hentry","product_cat-akcesoria-do-rehabilitacji","product_tag-bigos-wegetarianski-z-soczewica","product_tag-derma-sklep","product_tag-kurkuma","product_tag-maka-migdalowa","product_tag-mleko-ekologiczne","product_tag-pasta-tahini-do-czego"],"_links":{"self":[{"href":"https:\/\/wegeblw.pl\/index.php\/wp-json\/wp\/v2\/product\/3149","targetHints":{"allow":["GET"]}}],"collection":[{"href":"https:\/\/wegeblw.pl\/index.php\/wp-json\/wp\/v2\/product"}],"about":[{"href":"https:\/\/wegeblw.pl\/index.php\/wp-json\/wp\/v2\/types\/product"}],"replies":[{"embeddable":true,"href":"https:\/\/wegeblw.pl\/index.php\/wp-json\/wp\/v2\/comments?post=3149"}],"wp:featuredmedia":[{"embeddable":true,"href":"https:\/\/wegeblw.pl\/index.php\/wp-json\/wp\/v2\/media\/3150"}],"wp:attachment":[{"href":"https:\/\/wegeblw.pl\/index.php\/wp-json\/wp\/v2\/media?parent=3149"}],"wp:term":[{"taxonomy":"product_cat","embeddable":true,"href":"https:\/\/wegeblw.pl\/index.php\/wp-json\/wp\/v2\/product_cat?post=3149"},{"taxonomy":"product_tag","embeddable":true,"href":"https:\/\/wegeblw.pl\/index.php\/wp-json\/wp\/v2\/product_tag?post=3149"}],"curies":[{"name":"wp","href":"https:\/\/api.w.org\/{rel}","templated":true}]}}