{"id":3159,"date":"2016-04-17T09:25:33","date_gmt":"2016-04-17T07:25:33","guid":{"rendered":"https:\/\/wegeblw.pl\/index.php\/produkt\/armedical-pilka-do-siedzenia-cwiczen-kobiet-w-ciazy-ar-85cm-absar85\/"},"modified":"2026-04-09T10:56:01","modified_gmt":"2026-04-09T08:56:01","slug":"armedical-pilka-do-siedzenia-cwiczen-kobiet-w-ciazy-ar-85cm-absar85","status":"publish","type":"product","link":"https:\/\/wegeblw.pl\/index.php\/produkt\/armedical-pilka-do-siedzenia-cwiczen-kobiet-w-ciazy-ar-85cm-absar85\/","title":{"rendered":"ARMEDICAL PI\u0141KA DO SIEDZENIA \u0106WICZE\u0143 KOBIET W CI\u0104\u017bY AR 85CM ABSAR85"},"content":{"rendered":"<p>OstroVit Supreme Pure Glutamine 500 g Glutamina<\/p>\n<p>Aminokwasy i glutaminy<\/p>\n<p>czym zastapic mleko, b15 witamina, gotowanie ryzu brazowego, czekolada z pomara\u0144cz\u0105<\/p>\n<p><a href=\"https:\/\/eneroo.pl\/kategorie\/izolacja-i-konstrukcja-sciany-w-systemie-steico\" rel=\"nofollow\">konstrukcja \u015bciany<\/a><\/p>\n","protected":false},"excerpt":{"rendered":"<p>OstroVit Supreme Pure Glutamine 500 g Glutamina Aminokwasy i glutaminy czym zastapic mleko, b15 witamina, gotowanie ryzu brazowego, czekolada z&hellip;<\/p>\n","protected":false},"featured_media":3160,"comment_status":"closed","ping_status":"open","template":"","meta":[],"product_cat":[292],"product_tag":[861,744,809],"class_list":["post-3159","product","type-product","status-publish","has-post-thumbnail","hentry","product_cat-akcesoria-do-rehabilitacji","product_tag-czym-zastapic-jogurt-naturalny","product_tag-haagen-dazs","product_tag-produkty-bez-cukru"],"_links":{"self":[{"href":"https:\/\/wegeblw.pl\/index.php\/wp-json\/wp\/v2\/product\/3159","targetHints":{"allow":["GET"]}}],"collection":[{"href":"https:\/\/wegeblw.pl\/index.php\/wp-json\/wp\/v2\/product"}],"about":[{"href":"https:\/\/wegeblw.pl\/index.php\/wp-json\/wp\/v2\/types\/product"}],"replies":[{"embeddable":true,"href":"https:\/\/wegeblw.pl\/index.php\/wp-json\/wp\/v2\/comments?post=3159"}],"wp:featuredmedia":[{"embeddable":true,"href":"https:\/\/wegeblw.pl\/index.php\/wp-json\/wp\/v2\/media\/3160"}],"wp:attachment":[{"href":"https:\/\/wegeblw.pl\/index.php\/wp-json\/wp\/v2\/media?parent=3159"}],"wp:term":[{"taxonomy":"product_cat","embeddable":true,"href":"https:\/\/wegeblw.pl\/index.php\/wp-json\/wp\/v2\/product_cat?post=3159"},{"taxonomy":"product_tag","embeddable":true,"href":"https:\/\/wegeblw.pl\/index.php\/wp-json\/wp\/v2\/product_tag?post=3159"}],"curies":[{"name":"wp","href":"https:\/\/api.w.org\/{rel}","templated":true}]}}