{"id":3165,"date":"2017-02-13T21:47:56","date_gmt":"2017-02-13T20:47:56","guid":{"rendered":"https:\/\/wegeblw.pl\/index.php\/produkt\/balanssen-abs-gym-ball-pilka-rehabilitacyjna-z-systemem-orzeszek\/"},"modified":"2026-04-08T07:34:47","modified_gmt":"2026-04-08T05:34:47","slug":"balanssen-abs-gym-ball-pilka-rehabilitacyjna-z-systemem-orzeszek","status":"publish","type":"product","link":"https:\/\/wegeblw.pl\/index.php\/produkt\/balanssen-abs-gym-ball-pilka-rehabilitacyjna-z-systemem-orzeszek\/","title":{"rendered":"Balanssen Abs Gym Ball Pi\u0142ka Rehabilitacyjna Z Systemem \u2013 Orzeszek"},"content":{"rendered":"<p>Emolium A-topic Tr\u00f3jaktywna Emulsja do cia\u0142a 200ml<\/p>\n<p>Pozosta\u0142e kosmetyki do piel\u0119gnacji cia\u0142a<\/p>\n<p>ma\u0142y makaron, rzodkiew japonska, suplement maca, zdrowe cukierki, witamina cw proszku do twarzy, dynia olbrzymia nasiona, cukier waniliowy, wisiolek, yope p\u0142yn do \u0142azienki<\/p>\n<p>yyyyy<\/p>\n","protected":false},"excerpt":{"rendered":"<p>Emolium A-topic Tr\u00f3jaktywna Emulsja do cia\u0142a 200ml Pozosta\u0142e kosmetyki do piel\u0119gnacji cia\u0142a ma\u0142y makaron, rzodkiew japonska, suplement maca, zdrowe cukierki,&hellip;<\/p>\n","protected":false},"featured_media":3166,"comment_status":"closed","ping_status":"open","template":"","meta":[],"product_cat":[292],"product_tag":[644,656,775,810,845,851],"class_list":["post-3165","product","type-product","status-publish","has-post-thumbnail","hentry","product_cat-akcesoria-do-rehabilitacji","product_tag-co-zamiast-jogurtu-naturalnego","product_tag-ekologiczne-mieso","product_tag-kwasna-smietana","product_tag-pasta-misp","product_tag-syrop-klonowy","product_tag-warzywa-online"],"_links":{"self":[{"href":"https:\/\/wegeblw.pl\/index.php\/wp-json\/wp\/v2\/product\/3165","targetHints":{"allow":["GET"]}}],"collection":[{"href":"https:\/\/wegeblw.pl\/index.php\/wp-json\/wp\/v2\/product"}],"about":[{"href":"https:\/\/wegeblw.pl\/index.php\/wp-json\/wp\/v2\/types\/product"}],"replies":[{"embeddable":true,"href":"https:\/\/wegeblw.pl\/index.php\/wp-json\/wp\/v2\/comments?post=3165"}],"wp:featuredmedia":[{"embeddable":true,"href":"https:\/\/wegeblw.pl\/index.php\/wp-json\/wp\/v2\/media\/3166"}],"wp:attachment":[{"href":"https:\/\/wegeblw.pl\/index.php\/wp-json\/wp\/v2\/media?parent=3165"}],"wp:term":[{"taxonomy":"product_cat","embeddable":true,"href":"https:\/\/wegeblw.pl\/index.php\/wp-json\/wp\/v2\/product_cat?post=3165"},{"taxonomy":"product_tag","embeddable":true,"href":"https:\/\/wegeblw.pl\/index.php\/wp-json\/wp\/v2\/product_tag?post=3165"}],"curies":[{"name":"wp","href":"https:\/\/api.w.org\/{rel}","templated":true}]}}