{"id":3169,"date":"2023-05-21T15:01:40","date_gmt":"2023-05-21T13:01:40","guid":{"rendered":"https:\/\/wegeblw.pl\/?post_type=product&#038;p=3169"},"modified":"2026-04-08T01:17:25","modified_gmt":"2026-04-07T23:17:25","slug":"naluconcept-polwalek-rehabilitacyjny-ledzwiowy-naluconcept-40-x-25-x-5-cm-8178585","status":"publish","type":"product","link":"https:\/\/wegeblw.pl\/index.php\/produkt\/naluconcept-polwalek-rehabilitacyjny-ledzwiowy-naluconcept-40-x-25-x-5-cm-8178585\/","title":{"rendered":"NaluConcept P\u00f3\u0142wa\u0142ek rehabilitacyjny l\u0119d\u017awiowy NaluConcept 40 x 25 x 5 cm 8178585"},"content":{"rendered":"<p>VERSACEVERSUSZjawiskowe damskie szpilki na wysokim obcasiew zestawie z wysok\u0105 doczepian\u0105 cholewk\u0105Bardzo SEXYWykonane z najwy\u017cszej jako\u015bci sk\u00f3ry naturalnej zamszowejMADE IN ITALYDost\u0119pne rozmiary :38 &#8211; d\u0142ugo\u015b\u0107 wk\u0142adki 25.5 cm38.5 &#8211; d\u0142ugo\u015b\u0107 wk\u0142adki 26 cm39 &#8211; d\u0142ugo\u015b\u0107 wk\u0142adki 26.5 cmWysoko\u015b\u0107 obcasa 11.5 cmsk\u00f3ra naturalna najwy\u017cszej jako\u015bciwk\u0142adki sk\u00f3rzane sygnowane firmowym napisemUnikatowy w\u0142oski stylIdealnie wyprofilowaneDoskonale wysmuklaj\u0105 sylwetk\u0119Nowe w oryginalnym kartonieCena butikowa 1799 PLNOszcz\u0119dzasz 1170 PLN<\/p>\n<p>Cz\u00f3\u0142enka<\/p>\n<p>matcha z mlekiem kokosowym, czy w jogurcie jest laktoza, banan suszony, winogrona zielone, multi omega, mi\u00f3d od sadowskich, co zamiast proszku do pieczenia, memoryme, yerba mate elaborada, indeks glikemiczny dynia<\/p>\n<p>yyyyy<\/p>\n","protected":false},"excerpt":{"rendered":"<p>VERSACEVERSUSZjawiskowe damskie szpilki na wysokim obcasiew zestawie z wysok\u0105 doczepian\u0105 cholewk\u0105Bardzo SEXYWykonane z najwy\u017cszej jako\u015bci sk\u00f3ry naturalnej zamszowejMADE IN ITALYDost\u0119pne&hellip;<\/p>\n","protected":false},"featured_media":3170,"comment_status":"closed","ping_status":"open","template":"","meta":[],"product_cat":[292],"product_tag":[816,664,716,739,817],"class_list":["post-3169","product","type-product","status-publish","has-post-thumbnail","hentry","product_cat-akcesoria-do-rehabilitacji","product_tag-bigos-z-soczewica","product_tag-komoda-ryzowa","product_tag-leckers","product_tag-makaron-sojowy-indeks-glikemiczny","product_tag-niepasteryzowane-mleko"],"_links":{"self":[{"href":"https:\/\/wegeblw.pl\/index.php\/wp-json\/wp\/v2\/product\/3169","targetHints":{"allow":["GET"]}}],"collection":[{"href":"https:\/\/wegeblw.pl\/index.php\/wp-json\/wp\/v2\/product"}],"about":[{"href":"https:\/\/wegeblw.pl\/index.php\/wp-json\/wp\/v2\/types\/product"}],"replies":[{"embeddable":true,"href":"https:\/\/wegeblw.pl\/index.php\/wp-json\/wp\/v2\/comments?post=3169"}],"wp:featuredmedia":[{"embeddable":true,"href":"https:\/\/wegeblw.pl\/index.php\/wp-json\/wp\/v2\/media\/3170"}],"wp:attachment":[{"href":"https:\/\/wegeblw.pl\/index.php\/wp-json\/wp\/v2\/media?parent=3169"}],"wp:term":[{"taxonomy":"product_cat","embeddable":true,"href":"https:\/\/wegeblw.pl\/index.php\/wp-json\/wp\/v2\/product_cat?post=3169"},{"taxonomy":"product_tag","embeddable":true,"href":"https:\/\/wegeblw.pl\/index.php\/wp-json\/wp\/v2\/product_tag?post=3169"}],"curies":[{"name":"wp","href":"https:\/\/api.w.org\/{rel}","templated":true}]}}