{"id":317,"date":"2020-04-04T04:36:15","date_gmt":"2020-04-04T02:36:15","guid":{"rendered":"https:\/\/wegeblw.pl\/index.php\/produkt\/anthelmin-230mg-20mg-kot-przeciw-ekto-i-endopasozytom-2-tabl\/"},"modified":"2026-04-07T01:16:48","modified_gmt":"2026-04-06T23:16:48","slug":"anthelmin-230mg-20mg-kot-przeciw-ekto-i-endopasozytom-2-tabl","status":"publish","type":"product","link":"https:\/\/wegeblw.pl\/index.php\/produkt\/anthelmin-230mg-20mg-kot-przeciw-ekto-i-endopasozytom-2-tabl\/","title":{"rendered":"Anthelmin 230Mg+ 20Mg Kot Przeciw Ekto I Endopaso\u017cytom 2 Tabl."},"content":{"rendered":"<p>Syrop smakowy Monin Pumpkin Spice 700ml dyniowy korzennyMonin dyniowo-korzenny 0,7l to doskona\u0142e po\u0142\u0105czenie \u0142agodnego smaku dyni z aromatem cynamonu i go\u017adzik\u00f3w.Dynia jest bardzo uniwersalnym i wszechstronnym warzywem,z kt\u00f3rego mo\u017cna przyrz\u0105dza\u0107 niezliczon\u0105 ilo\u015b\u0107 potraw takichjak muffiny, zupy, ciasta, placki, nale\u015bniki. Mo\u017ce stanowi\u0107 dodatek do ry\u017cu, makaronu, pasztetu czy curry. SMAK: pieczona dynia z nutami go\u017adzik\u00f3w i cynamonu.\u00a0W kuchni delikatna dynia potrzebuje dobrego towarzystwa, dlatego idealnie wsp\u00f3\u0142gra z korzennymi przyprawami, kt\u00f3re dodaj\u0105 jej charakteru i wyrazisto\u015bci. Po to po\u0142\u0105czenie si\u0119gn\u0119li tw\u00f3rcy smak\u00f3w firmy Monin, kt\u00f3rzy skomponowali bursztynowy syrop dyniowo-korzenny, doskonale sprawdzaj\u0105cy si\u0119 w przyrz\u0105dzaniu kawy, czekolady, herbaty i wypiek\u00f3w.Syropy Monin idealnie nadaj\u0105 si\u0119 r\u00f3wnie\u017c jako dodatek do lod\u00f3w, deser\u00f3w, czy drink\u00f3w. Elegancka, szklana butelka b\u0119dzie dodatkowo stanowi\u0142a ozdob\u0119 w Twojej kuchni.Pojemno\u015b\u0107:\u00a0700mlBarwa:\u00a0BursztynowaSmak:\u00a0Smak i aromat dyni pieczonej z przyprawami.Zastosowania: Kawa, herbata, czekoladaOpakowanie:\u00a0Szklana butelka<\/p>\n<p>Soki syropy i nektary<\/p>\n<p>agropyri rhizoma, czy \u015bliwki s\u0105 zdrowe, sarrasin, o\u015ble og\u00f3rki, amarantus m\u0105ka, blonnik dla dzieci, astaksantyna, makaron z groszku, white food, olej z czarnuszki na covid, co to jest tahini, termos na yerbe, suplementy na sen, bombilla rozkr\u0119cana, p\u0142atki dro\u017cd\u017cowe nieaktywne gdzie kupi\u0107, oliwa z oliwek extra virgin biedronka, danisco, w ilu stopniach piec pierniki, s\u00f3l gorzka epsom apteka, suplementy diety co to, witamina c krystaliczna<\/p>\n<p>yyyyy<\/p>\n","protected":false},"excerpt":{"rendered":"<p>Syrop smakowy Monin Pumpkin Spice 700ml dyniowy korzennyMonin dyniowo-korzenny 0,7l to doskona\u0142e po\u0142\u0105czenie \u0142agodnego smaku dyni z aromatem cynamonu i&hellip;<\/p>\n","protected":false},"featured_media":318,"comment_status":"closed","ping_status":"open","template":"","meta":[],"product_cat":[53],"product_tag":[793,748,655,709,853,743,807],"class_list":["post-317","product","type-product","status-publish","has-post-thumbnail","hentry","product_cat-pozostale-akcesoria-dla-kotow","product_tag-bio-planet-sklep","product_tag-czerwona-soczewica","product_tag-eko-warzywa","product_tag-maka-orkiszowa-zastosowanie","product_tag-makaron-0-kcal","product_tag-siemie-lniane","product_tag-siemie-lniane-na-co-pomaga"],"_links":{"self":[{"href":"https:\/\/wegeblw.pl\/index.php\/wp-json\/wp\/v2\/product\/317","targetHints":{"allow":["GET"]}}],"collection":[{"href":"https:\/\/wegeblw.pl\/index.php\/wp-json\/wp\/v2\/product"}],"about":[{"href":"https:\/\/wegeblw.pl\/index.php\/wp-json\/wp\/v2\/types\/product"}],"replies":[{"embeddable":true,"href":"https:\/\/wegeblw.pl\/index.php\/wp-json\/wp\/v2\/comments?post=317"}],"wp:featuredmedia":[{"embeddable":true,"href":"https:\/\/wegeblw.pl\/index.php\/wp-json\/wp\/v2\/media\/318"}],"wp:attachment":[{"href":"https:\/\/wegeblw.pl\/index.php\/wp-json\/wp\/v2\/media?parent=317"}],"wp:term":[{"taxonomy":"product_cat","embeddable":true,"href":"https:\/\/wegeblw.pl\/index.php\/wp-json\/wp\/v2\/product_cat?post=317"},{"taxonomy":"product_tag","embeddable":true,"href":"https:\/\/wegeblw.pl\/index.php\/wp-json\/wp\/v2\/product_tag?post=317"}],"curies":[{"name":"wp","href":"https:\/\/api.w.org\/{rel}","templated":true}]}}