{"id":3209,"date":"2023-01-15T10:38:44","date_gmt":"2023-01-15T09:38:44","guid":{"rendered":"https:\/\/wegeblw.pl\/?post_type=product&#038;p=3209"},"modified":"2026-04-07T06:29:44","modified_gmt":"2026-04-07T04:29:44","slug":"pds-care-pas-stabilizujacy-do-wozka-inwalidzkiego-z-szelkami-ii-ppw036","status":"publish","type":"product","link":"https:\/\/wegeblw.pl\/index.php\/produkt\/pds-care-pas-stabilizujacy-do-wozka-inwalidzkiego-z-szelkami-ii-ppw036\/","title":{"rendered":"Pds Care Pas Stabilizuj\u0105cy Do W\u00f3zka Inwalidzkiego Z Szelkami Ii Ppw036"},"content":{"rendered":"<p>Wyci\u0105g ostropestu 190mg karczoch 100 kaps. Aliness<\/p>\n<p>Pozosta\u0142e preparaty dla sportowc\u00f3w<\/p>\n<p>zinc forte, bajgiel, zamiennik jajka, zupa tajska ostra, macerat z marchwi, jod krystaliczny, olejki relaksacyjne, mleko na keto, fasola czerwona puszka, bataty czy ziemniaki<\/p>\n<p>yyyyy<\/p>\n","protected":false},"excerpt":{"rendered":"<p>Wyci\u0105g ostropestu 190mg karczoch 100 kaps. Aliness Pozosta\u0142e preparaty dla sportowc\u00f3w zinc forte, bajgiel, zamiennik jajka, zupa tajska ostra, macerat&hellip;<\/p>\n","protected":false},"featured_media":3210,"comment_status":"closed","ping_status":"open","template":"","meta":[],"product_cat":[291],"product_tag":[847,811,831],"class_list":["post-3209","product","type-product","status-publish","has-post-thumbnail","hentry","product_cat-wozki-inwalidzkie-balkoniki-i-laski","product_tag-czym-zastapic-nabial","product_tag-jajka-ekologiczne","product_tag-rozgryzanie-pestek-granatu"],"_links":{"self":[{"href":"https:\/\/wegeblw.pl\/index.php\/wp-json\/wp\/v2\/product\/3209","targetHints":{"allow":["GET"]}}],"collection":[{"href":"https:\/\/wegeblw.pl\/index.php\/wp-json\/wp\/v2\/product"}],"about":[{"href":"https:\/\/wegeblw.pl\/index.php\/wp-json\/wp\/v2\/types\/product"}],"replies":[{"embeddable":true,"href":"https:\/\/wegeblw.pl\/index.php\/wp-json\/wp\/v2\/comments?post=3209"}],"wp:featuredmedia":[{"embeddable":true,"href":"https:\/\/wegeblw.pl\/index.php\/wp-json\/wp\/v2\/media\/3210"}],"wp:attachment":[{"href":"https:\/\/wegeblw.pl\/index.php\/wp-json\/wp\/v2\/media?parent=3209"}],"wp:term":[{"taxonomy":"product_cat","embeddable":true,"href":"https:\/\/wegeblw.pl\/index.php\/wp-json\/wp\/v2\/product_cat?post=3209"},{"taxonomy":"product_tag","embeddable":true,"href":"https:\/\/wegeblw.pl\/index.php\/wp-json\/wp\/v2\/product_tag?post=3209"}],"curies":[{"name":"wp","href":"https:\/\/api.w.org\/{rel}","templated":true}]}}