{"id":3213,"date":"2012-10-19T12:52:09","date_gmt":"2012-10-19T10:52:09","guid":{"rendered":"https:\/\/wegeblw.pl\/index.php\/produkt\/novama-kino2-niebieska-tasma-kinesiology-kinesiot-6953663103547\/"},"modified":"2026-04-07T01:10:41","modified_gmt":"2026-04-06T23:10:41","slug":"novama-kino2-niebieska-tasma-kinesiology-kinesiot-6953663103547","status":"publish","type":"product","link":"https:\/\/wegeblw.pl\/index.php\/produkt\/novama-kino2-niebieska-tasma-kinesiology-kinesiot-6953663103547\/","title":{"rendered":"NOVAMA KINO2 NIEBIESKA TA\u015aMA KINESIOLOGY (KINESIOT 6953663103547"},"content":{"rendered":"<p>Lancety uniwersalne Mylife (30G) &#8211; 200 sztukProducentYpsomed AGCH-3401 BurgdorfSzwajcariaDystrybutorYpsomed Polska Sp. z o.o.ul. Mangalia 2a02-758 Warszawainfo@ypsomed.pl<\/p>\n<p>Glukometry i akcesoria dla diabetyk\u00f3w<\/p>\n<p>superfood przepisy, eko\u0142ukta, teksturowane bia\u0142ko pszenicy, co to jest piperyna, czym zmieli\u0107 siemie lniane, buzdyganek naziemny zio\u0142a, uk\u0142ad krwionosny, krewetki w oleju biedronka, tapioka warto\u015bci od\u017cywcze, szparagi sklep<\/p>\n<p><a href=\"https:\/\/www.pracowniakreska.com\/terapeuci\/\" rel=\"nofollow\">terapia ptsd pozna\u0144<\/a><\/p>\n","protected":false},"excerpt":{"rendered":"<p>Lancety uniwersalne Mylife (30G) &#8211; 200 sztukProducentYpsomed AGCH-3401 BurgdorfSzwajcariaDystrybutorYpsomed Polska Sp. z o.o.ul. Mangalia 2a02-758 Warszawainfo@ypsomed.pl Glukometry i akcesoria dla&hellip;<\/p>\n","protected":false},"featured_media":3214,"comment_status":"closed","ping_status":"open","template":"","meta":[],"product_cat":[292],"product_tag":[724,706,707],"class_list":["post-3213","product","type-product","status-publish","has-post-thumbnail","hentry","product_cat-akcesoria-do-rehabilitacji","product_tag-siarczyny-w-winie","product_tag-soki-wielowarzywne","product_tag-wege-mieso"],"_links":{"self":[{"href":"https:\/\/wegeblw.pl\/index.php\/wp-json\/wp\/v2\/product\/3213","targetHints":{"allow":["GET"]}}],"collection":[{"href":"https:\/\/wegeblw.pl\/index.php\/wp-json\/wp\/v2\/product"}],"about":[{"href":"https:\/\/wegeblw.pl\/index.php\/wp-json\/wp\/v2\/types\/product"}],"replies":[{"embeddable":true,"href":"https:\/\/wegeblw.pl\/index.php\/wp-json\/wp\/v2\/comments?post=3213"}],"wp:featuredmedia":[{"embeddable":true,"href":"https:\/\/wegeblw.pl\/index.php\/wp-json\/wp\/v2\/media\/3214"}],"wp:attachment":[{"href":"https:\/\/wegeblw.pl\/index.php\/wp-json\/wp\/v2\/media?parent=3213"}],"wp:term":[{"taxonomy":"product_cat","embeddable":true,"href":"https:\/\/wegeblw.pl\/index.php\/wp-json\/wp\/v2\/product_cat?post=3213"},{"taxonomy":"product_tag","embeddable":true,"href":"https:\/\/wegeblw.pl\/index.php\/wp-json\/wp\/v2\/product_tag?post=3213"}],"curies":[{"name":"wp","href":"https:\/\/api.w.org\/{rel}","templated":true}]}}