{"id":3223,"date":"2014-04-29T23:06:49","date_gmt":"2014-04-29T21:06:49","guid":{"rendered":"https:\/\/wegeblw.pl\/index.php\/produkt\/asiamed-kinesio-plastry-czarne-do-tejpingu-5cmx5m-tasmaasia\/"},"modified":"2026-04-10T03:57:52","modified_gmt":"2026-04-10T01:57:52","slug":"asiamed-kinesio-plastry-czarne-do-tejpingu-5cmx5m-tasmaasia","status":"publish","type":"product","link":"https:\/\/wegeblw.pl\/index.php\/produkt\/asiamed-kinesio-plastry-czarne-do-tejpingu-5cmx5m-tasmaasia\/","title":{"rendered":"ASIAMED KINESIO PLASTRY CZARNE DO TEJPINGU 5CMX5M TA\u015aMAASIA"},"content":{"rendered":"<p>Thorne Iso-Phos Izolat Fosfatydyloseryny 60Vkaps<\/p>\n<p>Uk\u0142ad nerwowy i pami\u0119\u0107<\/p>\n<p>schab w plastrach, nerkowiec orzech, olej z pestek dyni t\u0142oczony na zimno, tu\u0144czyk po angielsku, acai jagody, piwo bezalkoholowe a zdrowie, any\u017c w ci\u0105\u017cy, m\u0105ka z semoliny<\/p>\n<p><a href=\"https:\/\/cudimiod.pl\/catering-dietetyczny-poznan\">https:\/\/cudimiod.pl\/catering-dietetyczny-poznan<\/a><\/p>\n","protected":false},"excerpt":{"rendered":"<p>Thorne Iso-Phos Izolat Fosfatydyloseryny 60Vkaps Uk\u0142ad nerwowy i pami\u0119\u0107 schab w plastrach, nerkowiec orzech, olej z pestek dyni t\u0142oczony na&hellip;<\/p>\n","protected":false},"featured_media":3224,"comment_status":"closed","ping_status":"open","template":"","meta":[],"product_cat":[292],"product_tag":[692,637,704,813],"class_list":["post-3223","product","type-product","status-publish","has-post-thumbnail","hentry","product_cat-akcesoria-do-rehabilitacji","product_tag-jelito-drazliwe","product_tag-miso-paste","product_tag-naturgreen","product_tag-tortilla"],"_links":{"self":[{"href":"https:\/\/wegeblw.pl\/index.php\/wp-json\/wp\/v2\/product\/3223","targetHints":{"allow":["GET"]}}],"collection":[{"href":"https:\/\/wegeblw.pl\/index.php\/wp-json\/wp\/v2\/product"}],"about":[{"href":"https:\/\/wegeblw.pl\/index.php\/wp-json\/wp\/v2\/types\/product"}],"replies":[{"embeddable":true,"href":"https:\/\/wegeblw.pl\/index.php\/wp-json\/wp\/v2\/comments?post=3223"}],"wp:featuredmedia":[{"embeddable":true,"href":"https:\/\/wegeblw.pl\/index.php\/wp-json\/wp\/v2\/media\/3224"}],"wp:attachment":[{"href":"https:\/\/wegeblw.pl\/index.php\/wp-json\/wp\/v2\/media?parent=3223"}],"wp:term":[{"taxonomy":"product_cat","embeddable":true,"href":"https:\/\/wegeblw.pl\/index.php\/wp-json\/wp\/v2\/product_cat?post=3223"},{"taxonomy":"product_tag","embeddable":true,"href":"https:\/\/wegeblw.pl\/index.php\/wp-json\/wp\/v2\/product_tag?post=3223"}],"curies":[{"name":"wp","href":"https:\/\/api.w.org\/{rel}","templated":true}]}}