{"id":3235,"date":"2021-07-19T00:22:17","date_gmt":"2021-07-18T22:22:17","guid":{"rendered":"https:\/\/wegeblw.pl\/index.php\/produkt\/burberry-my-burberry-black-woda-perfumowana-50ml\/"},"modified":"2026-04-09T08:57:41","modified_gmt":"2026-04-09T06:57:41","slug":"burberry-my-burberry-black-woda-perfumowana-50ml","status":"publish","type":"product","link":"https:\/\/wegeblw.pl\/index.php\/produkt\/burberry-my-burberry-black-woda-perfumowana-50ml\/","title":{"rendered":"Burberry My Burberry Black Woda Perfumowana 50ml"},"content":{"rendered":"<p>VERSACEVERSUSZjawiskowe damskie szpilki na wysokim obcasiew zestawie z wysok\u0105 doczepian\u0105 cholewk\u0105Bardzo SEXYWykonane z najwy\u017cszej jako\u015bci sk\u00f3ry naturalnej zamszowejMADE IN ITALYDost\u0119pne rozmiary :38 &#8211; d\u0142ugo\u015b\u0107 wk\u0142adki 25.5 cm38.5 &#8211; d\u0142ugo\u015b\u0107 wk\u0142adki 26 cm39 &#8211; d\u0142ugo\u015b\u0107 wk\u0142adki 26.5 cmWysoko\u015b\u0107 obcasa 11.5 cmsk\u00f3ra naturalna najwy\u017cszej jako\u015bciwk\u0142adki sk\u00f3rzane sygnowane firmowym napisemUnikatowy w\u0142oski stylIdealnie wyprofilowaneDoskonale wysmuklaj\u0105 sylwetk\u0119Nowe w oryginalnym kartonieCena butikowa 1799 PLNOszcz\u0119dzasz 1170 PLN<\/p>\n<p>Cz\u00f3\u0142enka<\/p>\n<p>matcha z mlekiem kokosowym, czy w jogurcie jest laktoza, banan suszony, winogrona zielone, multi omega, mi\u00f3d od sadowskich, co zamiast proszku do pieczenia, memoryme, yerba mate elaborada, indeks glikemiczny dynia<\/p>\n<p><a href=\"https:\/\/doktor-porady.pl\/\">https:\/\/doktor-porady.pl\/<\/a><\/p>\n","protected":false},"excerpt":{"rendered":"<p>VERSACEVERSUSZjawiskowe damskie szpilki na wysokim obcasiew zestawie z wysok\u0105 doczepian\u0105 cholewk\u0105Bardzo SEXYWykonane z najwy\u017cszej jako\u015bci sk\u00f3ry naturalnej zamszowejMADE IN ITALYDost\u0119pne&hellip;<\/p>\n","protected":false},"featured_media":3236,"comment_status":"closed","ping_status":"open","template":"","meta":[],"product_cat":[34],"product_tag":[788,746,853,765],"class_list":["post-3235","product","type-product","status-publish","has-post-thumbnail","hentry","product_cat-perfumy-i-wody-damskie","product_tag-beyond-meat-burger","product_tag-majonez-byodo","product_tag-makaron-0-kcal","product_tag-makaron-bez-kalorii"],"_links":{"self":[{"href":"https:\/\/wegeblw.pl\/index.php\/wp-json\/wp\/v2\/product\/3235","targetHints":{"allow":["GET"]}}],"collection":[{"href":"https:\/\/wegeblw.pl\/index.php\/wp-json\/wp\/v2\/product"}],"about":[{"href":"https:\/\/wegeblw.pl\/index.php\/wp-json\/wp\/v2\/types\/product"}],"replies":[{"embeddable":true,"href":"https:\/\/wegeblw.pl\/index.php\/wp-json\/wp\/v2\/comments?post=3235"}],"wp:featuredmedia":[{"embeddable":true,"href":"https:\/\/wegeblw.pl\/index.php\/wp-json\/wp\/v2\/media\/3236"}],"wp:attachment":[{"href":"https:\/\/wegeblw.pl\/index.php\/wp-json\/wp\/v2\/media?parent=3235"}],"wp:term":[{"taxonomy":"product_cat","embeddable":true,"href":"https:\/\/wegeblw.pl\/index.php\/wp-json\/wp\/v2\/product_cat?post=3235"},{"taxonomy":"product_tag","embeddable":true,"href":"https:\/\/wegeblw.pl\/index.php\/wp-json\/wp\/v2\/product_tag?post=3235"}],"curies":[{"name":"wp","href":"https:\/\/api.w.org\/{rel}","templated":true}]}}