{"id":3247,"date":"2025-09-05T00:33:32","date_gmt":"2025-09-04T22:33:32","guid":{"rendered":"https:\/\/wegeblw.pl\/?post_type=product&#038;p=3247"},"modified":"2026-04-18T11:03:45","modified_gmt":"2026-04-18T09:03:45","slug":"okulary-przeciwsloneczne-burberry-be-3131-ivy-110971","status":"publish","type":"product","link":"https:\/\/wegeblw.pl\/index.php\/produkt\/okulary-przeciwsloneczne-burberry-be-3131-ivy-110971\/","title":{"rendered":"Okulary Przeciws\u0142oneczne Burberry BE 3131 IVY 110971"},"content":{"rendered":"<p>Okulary S\u0142oneczne Burberry<\/p>\n<p>Okulary przeciws\u0142oneczne damskie<\/p>\n<p>r\u00f3\u017cd\u017cka smaku, pacceri, brak jodu w organizmie, farby be\u017cowy blond, soda oczyszczona jak stosowa\u0107<\/p>\n<p>yyyyy<\/p>\n","protected":false},"excerpt":{"rendered":"<p>Okulary S\u0142oneczne Burberry Okulary przeciws\u0142oneczne damskie r\u00f3\u017cd\u017cka smaku, pacceri, brak jodu w organizmie, farby be\u017cowy blond, soda oczyszczona jak stosowa\u0107&hellip;<\/p>\n","protected":false},"featured_media":3248,"comment_status":"closed","ping_status":"open","template":"","meta":[],"product_cat":[250],"product_tag":[872,808,849],"class_list":["post-3247","product","type-product","status-publish","has-post-thumbnail","hentry","product_cat-okulary-przeciwsloneczne-damskie","product_tag-bis-ethylhexyloxyphenol-methoxyphenyl-triazine","product_tag-ciasto-sekacz","product_tag-mogli"],"_links":{"self":[{"href":"https:\/\/wegeblw.pl\/index.php\/wp-json\/wp\/v2\/product\/3247","targetHints":{"allow":["GET"]}}],"collection":[{"href":"https:\/\/wegeblw.pl\/index.php\/wp-json\/wp\/v2\/product"}],"about":[{"href":"https:\/\/wegeblw.pl\/index.php\/wp-json\/wp\/v2\/types\/product"}],"replies":[{"embeddable":true,"href":"https:\/\/wegeblw.pl\/index.php\/wp-json\/wp\/v2\/comments?post=3247"}],"wp:featuredmedia":[{"embeddable":true,"href":"https:\/\/wegeblw.pl\/index.php\/wp-json\/wp\/v2\/media\/3248"}],"wp:attachment":[{"href":"https:\/\/wegeblw.pl\/index.php\/wp-json\/wp\/v2\/media?parent=3247"}],"wp:term":[{"taxonomy":"product_cat","embeddable":true,"href":"https:\/\/wegeblw.pl\/index.php\/wp-json\/wp\/v2\/product_cat?post=3247"},{"taxonomy":"product_tag","embeddable":true,"href":"https:\/\/wegeblw.pl\/index.php\/wp-json\/wp\/v2\/product_tag?post=3247"}],"curies":[{"name":"wp","href":"https:\/\/api.w.org\/{rel}","templated":true}]}}