{"id":3265,"date":"2020-07-20T13:14:55","date_gmt":"2020-07-20T11:14:55","guid":{"rendered":"https:\/\/wegeblw.pl\/index.php\/produkt\/burberry-bu9032\/"},"modified":"2026-04-07T02:50:21","modified_gmt":"2026-04-07T00:50:21","slug":"burberry-bu9032","status":"publish","type":"product","link":"https:\/\/wegeblw.pl\/index.php\/produkt\/burberry-bu9032\/","title":{"rendered":"Burberry BU9032"},"content":{"rendered":"<p>Szyba w kolorze Prizm Road Black do okular\u00f3w Oakley Jawbreaker.W sk\u0142ad zestawu wchodzi:- szyba Prizm Road (przepuszczalno\u015b\u0107 \u015bwiat\u0142a: 11%)- fabryczny foliopak<\/p>\n<p>Akcesoria do okular\u00f3w<\/p>\n<p>olejek z brzozy, s\u00f3l gorzka w\u0142a\u015bciwo\u015bci, fasolka w zalewie, olej z zarodk\u00f3w pszennych, burger wega\u0144ski, niacyna tabletki, olej rzepakowy 5l, dyfuzor ultrad\u017awi\u0119kowy do olejk\u00f3w eterycznych, trzy cechy alfy i omegi, yerba mate sklep krak\u00f3w, podpaski gentle day, olejek z kozieradki, quinoa sklep, czy sezam jest zdrowy, dzia\u0142anie aloesu<\/p>\n<p><a href=\"https:\/\/www.gastromania.cz\/cisnicke-otviraky\">gastromania.cz\/cisnicke-otviraky<\/a><\/p>\n","protected":false},"excerpt":{"rendered":"<p>Szyba w kolorze Prizm Road Black do okular\u00f3w Oakley Jawbreaker.W sk\u0142ad zestawu wchodzi:- szyba Prizm Road (przepuszczalno\u015b\u0107 \u015bwiat\u0142a: 11%)- fabryczny&hellip;<\/p>\n","protected":false},"featured_media":3266,"comment_status":"closed","ping_status":"open","template":"","meta":[],"product_cat":[254],"product_tag":[771,777,640,745,754],"class_list":["post-3265","product","type-product","status-publish","has-post-thumbnail","hentry","product_cat-zegarki","product_tag-jak-jesc-granat","product_tag-mieso-wege","product_tag-siemie-lniane-na-surowo","product_tag-swieze-mleko","product_tag-zamienniki-miesa"],"_links":{"self":[{"href":"https:\/\/wegeblw.pl\/index.php\/wp-json\/wp\/v2\/product\/3265","targetHints":{"allow":["GET"]}}],"collection":[{"href":"https:\/\/wegeblw.pl\/index.php\/wp-json\/wp\/v2\/product"}],"about":[{"href":"https:\/\/wegeblw.pl\/index.php\/wp-json\/wp\/v2\/types\/product"}],"replies":[{"embeddable":true,"href":"https:\/\/wegeblw.pl\/index.php\/wp-json\/wp\/v2\/comments?post=3265"}],"wp:featuredmedia":[{"embeddable":true,"href":"https:\/\/wegeblw.pl\/index.php\/wp-json\/wp\/v2\/media\/3266"}],"wp:attachment":[{"href":"https:\/\/wegeblw.pl\/index.php\/wp-json\/wp\/v2\/media?parent=3265"}],"wp:term":[{"taxonomy":"product_cat","embeddable":true,"href":"https:\/\/wegeblw.pl\/index.php\/wp-json\/wp\/v2\/product_cat?post=3265"},{"taxonomy":"product_tag","embeddable":true,"href":"https:\/\/wegeblw.pl\/index.php\/wp-json\/wp\/v2\/product_tag?post=3265"}],"curies":[{"name":"wp","href":"https:\/\/api.w.org\/{rel}","templated":true}]}}