{"id":327,"date":"2021-12-04T03:34:29","date_gmt":"2021-12-04T02:34:29","guid":{"rendered":"https:\/\/wegeblw.pl\/index.php\/produkt\/kolo-dwumasowe-sprzeglo-luk-ford-mondeo-mk3-2-0-d-600-0246-00\/"},"modified":"2026-04-07T01:33:20","modified_gmt":"2026-04-06T23:33:20","slug":"kolo-dwumasowe-sprzeglo-luk-ford-mondeo-mk3-2-0-d-600-0246-00","status":"publish","type":"product","link":"https:\/\/wegeblw.pl\/index.php\/produkt\/kolo-dwumasowe-sprzeglo-luk-ford-mondeo-mk3-2-0-d-600-0246-00\/","title":{"rendered":"KO\u0141O DWUMASOWE SPRZ\u0118G\u0141O LUK FORD MONDEO MK3 2.0 D 600 0246 00"},"content":{"rendered":"<p>Ella Bache Ella Perfect Antioxidant Radiance Tomato Cream &#8211; Antyoksydacyjny krem do twarzy<\/p>\n<p>Kremy do twarzy<\/p>\n<p>hurtownia smakosz, sezamki kcal, papier lakmusowy, przepis na koktajl owocowy, naturli margaryna, kominek na olejki, kokos m\u0142ody, 350g m\u0105ki, ekodziki. pl, kwasek cytrynowy gdzie kupi\u0107, better than noodles, woda alkaliczna gdzie kupi\u0107, olej imbirowy, kwas mlekowy spo\u017cywczy<\/p>\n<p>yyyyy<\/p>\n","protected":false},"excerpt":{"rendered":"<p>Ella Bache Ella Perfect Antioxidant Radiance Tomato Cream &#8211; Antyoksydacyjny krem do twarzy Kremy do twarzy hurtownia smakosz, sezamki kcal,&hellip;<\/p>\n","protected":false},"featured_media":328,"comment_status":"closed","ping_status":"open","template":"","meta":[],"product_cat":[56],"product_tag":[690,856,724],"class_list":["post-327","product","type-product","status-publish","has-post-thumbnail","hentry","product_cat-sprzegla-kompletne","product_tag-maka-z-cieciorki","product_tag-profilaktyka-cukrzycy","product_tag-siarczyny-w-winie"],"_links":{"self":[{"href":"https:\/\/wegeblw.pl\/index.php\/wp-json\/wp\/v2\/product\/327","targetHints":{"allow":["GET"]}}],"collection":[{"href":"https:\/\/wegeblw.pl\/index.php\/wp-json\/wp\/v2\/product"}],"about":[{"href":"https:\/\/wegeblw.pl\/index.php\/wp-json\/wp\/v2\/types\/product"}],"replies":[{"embeddable":true,"href":"https:\/\/wegeblw.pl\/index.php\/wp-json\/wp\/v2\/comments?post=327"}],"wp:featuredmedia":[{"embeddable":true,"href":"https:\/\/wegeblw.pl\/index.php\/wp-json\/wp\/v2\/media\/328"}],"wp:attachment":[{"href":"https:\/\/wegeblw.pl\/index.php\/wp-json\/wp\/v2\/media?parent=327"}],"wp:term":[{"taxonomy":"product_cat","embeddable":true,"href":"https:\/\/wegeblw.pl\/index.php\/wp-json\/wp\/v2\/product_cat?post=327"},{"taxonomy":"product_tag","embeddable":true,"href":"https:\/\/wegeblw.pl\/index.php\/wp-json\/wp\/v2\/product_tag?post=327"}],"curies":[{"name":"wp","href":"https:\/\/api.w.org\/{rel}","templated":true}]}}