{"id":3279,"date":"2020-05-27T00:24:34","date_gmt":"2020-05-26T22:24:34","guid":{"rendered":"https:\/\/wegeblw.pl\/index.php\/produkt\/burberry-be-2355-arlo-3978-7526867\/"},"modified":"2026-04-10T04:24:10","modified_gmt":"2026-04-10T02:24:10","slug":"burberry-be-2355-arlo-3978-7526867","status":"publish","type":"product","link":"https:\/\/wegeblw.pl\/index.php\/produkt\/burberry-be-2355-arlo-3978-7526867\/","title":{"rendered":"Burberry BE 2355 ARLO 3978 (7526867)"},"content":{"rendered":"<p>Air Optix + Hg for Astigmatism 3 -10,00; -2,25 140<\/p>\n<p>Soczewki kontaktowe<\/p>\n<p>gold vit d3 k2 4000, cukier a cukier puder, melasa z trzciny cukrowej w\u0142a\u015bciwo\u015bci, \u017celazo kwas foliowy, ile gotuje si\u0119 kasza j\u0119czmienna, yerba mate palo santo, korze\u0144 traganka b\u0142oniastego, wyst\u0119powanie witaminy d<\/p>\n<p>yyyyy<\/p>\n","protected":false},"excerpt":{"rendered":"<p>Air Optix + Hg for Astigmatism 3 -10,00; -2,25 140 Soczewki kontaktowe gold vit d3 k2 4000, cukier a cukier&hellip;<\/p>\n","protected":false},"featured_media":3280,"comment_status":"closed","ping_status":"open","template":"","meta":[],"product_cat":[249],"product_tag":[873,648,686,695],"class_list":["post-3279","product","type-product","status-publish","has-post-thumbnail","hentry","product_cat-okulary-oprawki-i-szkla","product_tag-jak-przygotowac-komose-ryzowa","product_tag-maki-ekologiczne","product_tag-sekacz-skad","product_tag-zupa-krem-pomidorowa"],"_links":{"self":[{"href":"https:\/\/wegeblw.pl\/index.php\/wp-json\/wp\/v2\/product\/3279","targetHints":{"allow":["GET"]}}],"collection":[{"href":"https:\/\/wegeblw.pl\/index.php\/wp-json\/wp\/v2\/product"}],"about":[{"href":"https:\/\/wegeblw.pl\/index.php\/wp-json\/wp\/v2\/types\/product"}],"replies":[{"embeddable":true,"href":"https:\/\/wegeblw.pl\/index.php\/wp-json\/wp\/v2\/comments?post=3279"}],"wp:featuredmedia":[{"embeddable":true,"href":"https:\/\/wegeblw.pl\/index.php\/wp-json\/wp\/v2\/media\/3280"}],"wp:attachment":[{"href":"https:\/\/wegeblw.pl\/index.php\/wp-json\/wp\/v2\/media?parent=3279"}],"wp:term":[{"taxonomy":"product_cat","embeddable":true,"href":"https:\/\/wegeblw.pl\/index.php\/wp-json\/wp\/v2\/product_cat?post=3279"},{"taxonomy":"product_tag","embeddable":true,"href":"https:\/\/wegeblw.pl\/index.php\/wp-json\/wp\/v2\/product_tag?post=3279"}],"curies":[{"name":"wp","href":"https:\/\/api.w.org\/{rel}","templated":true}]}}