{"id":3283,"date":"2014-07-02T02:40:05","date_gmt":"2014-07-02T00:40:05","guid":{"rendered":"https:\/\/wegeblw.pl\/index.php\/produkt\/burberry-be-2355-arlo-3978-7526868\/"},"modified":"2026-04-07T06:20:59","modified_gmt":"2026-04-07T04:20:59","slug":"burberry-be-2355-arlo-3978-7526868","status":"publish","type":"product","link":"https:\/\/wegeblw.pl\/index.php\/produkt\/burberry-be-2355-arlo-3978-7526868\/","title":{"rendered":"Burberry BE 2355 ARLO 3978 (7526868)"},"content":{"rendered":"<p>Herbatka Na Zaparcia Babka Jajowata P\u0142esznik<\/p>\n<p>Herbata<\/p>\n<p>majonez mango, a\u0142un dezodorant opinie, oliwa z oliwek extra vergine, najlepsze proszki do prania, yerba mate w ci\u0105\u017cy, ser bez laktozy, bu\u0142ka pszenno \u017cytnia, przyprawa podlaska, karob w proszku<\/p>\n<p>yyyyy<\/p>\n","protected":false},"excerpt":{"rendered":"<p>Herbatka Na Zaparcia Babka Jajowata P\u0142esznik Herbata majonez mango, a\u0142un dezodorant opinie, oliwa z oliwek extra vergine, najlepsze proszki do&hellip;<\/p>\n","protected":false},"featured_media":3284,"comment_status":"closed","ping_status":"open","template":"","meta":[],"product_cat":[249],"product_tag":[787,812,628,726,760],"class_list":["post-3283","product","type-product","status-publish","has-post-thumbnail","hentry","product_cat-okulary-oprawki-i-szkla","product_tag-beyond-meet","product_tag-bigos-wegetarianski-z-soczewica","product_tag-mieso-roslinne","product_tag-organic","product_tag-skyr-bez-laktozy"],"_links":{"self":[{"href":"https:\/\/wegeblw.pl\/index.php\/wp-json\/wp\/v2\/product\/3283","targetHints":{"allow":["GET"]}}],"collection":[{"href":"https:\/\/wegeblw.pl\/index.php\/wp-json\/wp\/v2\/product"}],"about":[{"href":"https:\/\/wegeblw.pl\/index.php\/wp-json\/wp\/v2\/types\/product"}],"replies":[{"embeddable":true,"href":"https:\/\/wegeblw.pl\/index.php\/wp-json\/wp\/v2\/comments?post=3283"}],"wp:featuredmedia":[{"embeddable":true,"href":"https:\/\/wegeblw.pl\/index.php\/wp-json\/wp\/v2\/media\/3284"}],"wp:attachment":[{"href":"https:\/\/wegeblw.pl\/index.php\/wp-json\/wp\/v2\/media?parent=3283"}],"wp:term":[{"taxonomy":"product_cat","embeddable":true,"href":"https:\/\/wegeblw.pl\/index.php\/wp-json\/wp\/v2\/product_cat?post=3283"},{"taxonomy":"product_tag","embeddable":true,"href":"https:\/\/wegeblw.pl\/index.php\/wp-json\/wp\/v2\/product_tag?post=3283"}],"curies":[{"name":"wp","href":"https:\/\/api.w.org\/{rel}","templated":true}]}}