{"id":3291,"date":"2013-07-30T09:46:30","date_gmt":"2013-07-30T07:46:30","guid":{"rendered":"https:\/\/wegeblw.pl\/index.php\/produkt\/burberry-be-1347-1109-54-m\/"},"modified":"2026-04-08T21:27:36","modified_gmt":"2026-04-08T19:27:36","slug":"burberry-be-1347-1109-54-m","status":"publish","type":"product","link":"https:\/\/wegeblw.pl\/index.php\/produkt\/burberry-be-1347-1109-54-m\/","title":{"rendered":"Burberry BE 1347 1109 54 M"},"content":{"rendered":"<p>ETUI FUTERA\u0141 NA DZIECI\u0118CEOKULARY SC-10A<\/p>\n<p>Akcesoria do okular\u00f3w<\/p>\n<p>l theanina, sheik bananowy, chleb na proszku do pieczenia, b 50, ketchup premium, m\u0105ka razowa cena, galart, chleb orkiszowy na zakwasie<\/p>\n<p>yyyyy<\/p>\n","protected":false},"excerpt":{"rendered":"<p>ETUI FUTERA\u0141 NA DZIECI\u0118CEOKULARY SC-10A Akcesoria do okular\u00f3w l theanina, sheik bananowy, chleb na proszku do pieczenia, b 50, ketchup&hellip;<\/p>\n","protected":false},"featured_media":3292,"comment_status":"closed","ping_status":"open","template":"","meta":[],"product_cat":[249],"product_tag":[808,811,728],"class_list":["post-3291","product","type-product","status-publish","has-post-thumbnail","hentry","product_cat-okulary-oprawki-i-szkla","product_tag-ciasto-sekacz","product_tag-jajka-ekologiczne","product_tag-roslinne-mieso"],"_links":{"self":[{"href":"https:\/\/wegeblw.pl\/index.php\/wp-json\/wp\/v2\/product\/3291","targetHints":{"allow":["GET"]}}],"collection":[{"href":"https:\/\/wegeblw.pl\/index.php\/wp-json\/wp\/v2\/product"}],"about":[{"href":"https:\/\/wegeblw.pl\/index.php\/wp-json\/wp\/v2\/types\/product"}],"replies":[{"embeddable":true,"href":"https:\/\/wegeblw.pl\/index.php\/wp-json\/wp\/v2\/comments?post=3291"}],"wp:featuredmedia":[{"embeddable":true,"href":"https:\/\/wegeblw.pl\/index.php\/wp-json\/wp\/v2\/media\/3292"}],"wp:attachment":[{"href":"https:\/\/wegeblw.pl\/index.php\/wp-json\/wp\/v2\/media?parent=3291"}],"wp:term":[{"taxonomy":"product_cat","embeddable":true,"href":"https:\/\/wegeblw.pl\/index.php\/wp-json\/wp\/v2\/product_cat?post=3291"},{"taxonomy":"product_tag","embeddable":true,"href":"https:\/\/wegeblw.pl\/index.php\/wp-json\/wp\/v2\/product_tag?post=3291"}],"curies":[{"name":"wp","href":"https:\/\/api.w.org\/{rel}","templated":true}]}}