{"id":3293,"date":"2023-11-13T13:21:03","date_gmt":"2023-11-13T12:21:03","guid":{"rendered":"https:\/\/wegeblw.pl\/?post_type=product&#038;p=3293"},"modified":"2026-04-09T00:16:59","modified_gmt":"2026-04-08T22:16:59","slug":"okulary-korekcyjne-burberry-be-2344-edison-3952-67677394","status":"publish","type":"product","link":"https:\/\/wegeblw.pl\/index.php\/produkt\/okulary-korekcyjne-burberry-be-2344-edison-3952-67677394\/","title":{"rendered":"Okulary korekcyjne Burberry BE 2344 EDISON 3952 (67677394)"},"content":{"rendered":"<p>Od\u017cywki bia\u0142kowe<\/p>\n<p>ile soli fizjologicznej do inhalacji, pesto z pomidor\u00f3w, dieta lekkostrawna &#8211; co je\u015b\u0107, majom, kasza jaglana odchudzanie efekty, pasta sezamowa tahini gdzie kupi\u0107, mleka roslinne<\/p>\n<p>yyyyy<\/p>\n","protected":false},"excerpt":{"rendered":"<p>Od\u017cywki bia\u0142kowe ile soli fizjologicznej do inhalacji, pesto z pomidor\u00f3w, dieta lekkostrawna &#8211; co je\u015b\u0107, majom, kasza jaglana odchudzanie efekty,&hellip;<\/p>\n","protected":false},"featured_media":3294,"comment_status":"closed","ping_status":"open","template":"","meta":[],"product_cat":[249],"product_tag":[812,692,818,851],"class_list":["post-3293","product","type-product","status-publish","has-post-thumbnail","hentry","product_cat-okulary-oprawki-i-szkla","product_tag-bigos-wegetarianski-z-soczewica","product_tag-jelito-drazliwe","product_tag-organic-sklepy","product_tag-warzywa-online"],"_links":{"self":[{"href":"https:\/\/wegeblw.pl\/index.php\/wp-json\/wp\/v2\/product\/3293","targetHints":{"allow":["GET"]}}],"collection":[{"href":"https:\/\/wegeblw.pl\/index.php\/wp-json\/wp\/v2\/product"}],"about":[{"href":"https:\/\/wegeblw.pl\/index.php\/wp-json\/wp\/v2\/types\/product"}],"replies":[{"embeddable":true,"href":"https:\/\/wegeblw.pl\/index.php\/wp-json\/wp\/v2\/comments?post=3293"}],"wp:featuredmedia":[{"embeddable":true,"href":"https:\/\/wegeblw.pl\/index.php\/wp-json\/wp\/v2\/media\/3294"}],"wp:attachment":[{"href":"https:\/\/wegeblw.pl\/index.php\/wp-json\/wp\/v2\/media?parent=3293"}],"wp:term":[{"taxonomy":"product_cat","embeddable":true,"href":"https:\/\/wegeblw.pl\/index.php\/wp-json\/wp\/v2\/product_cat?post=3293"},{"taxonomy":"product_tag","embeddable":true,"href":"https:\/\/wegeblw.pl\/index.php\/wp-json\/wp\/v2\/product_tag?post=3293"}],"curies":[{"name":"wp","href":"https:\/\/api.w.org\/{rel}","templated":true}]}}