{"id":3327,"date":"2017-06-06T19:16:15","date_gmt":"2017-06-06T17:16:15","guid":{"rendered":"https:\/\/wegeblw.pl\/index.php\/produkt\/okulary-korekcyjne-burberry-be-2344-edison-3920-67699394\/"},"modified":"2026-04-10T03:06:55","modified_gmt":"2026-04-10T01:06:55","slug":"okulary-korekcyjne-burberry-be-2344-edison-3920-67699394","status":"publish","type":"product","link":"https:\/\/wegeblw.pl\/index.php\/produkt\/okulary-korekcyjne-burberry-be-2344-edison-3920-67699394\/","title":{"rendered":"Okulary korekcyjne Burberry BE 2344 EDISON 3920 (67699394)"},"content":{"rendered":"<p>KO01 HMS &#8211; to obrotowy twister magnetyczny. Produkt doskonale sprawdzi si\u0119 jako przyrz\u0105d do \u0107wicze\u0144 fitness w warunkach domowych.<\/p>\n<p>Twistery<\/p>\n<p>pierogi bezglutenowe z m\u0105ki sch\u00e4r, \u015bmietanka krem\u00f3wka, extra virgin, jogurt cena, siarka do k\u0105pieli w domu gdzie kupi\u0107<\/p>\n<p>yyyyy<\/p>\n","protected":false},"excerpt":{"rendered":"<p>KO01 HMS &#8211; to obrotowy twister magnetyczny. Produkt doskonale sprawdzi si\u0119 jako przyrz\u0105d do \u0107wicze\u0144 fitness w warunkach domowych. Twistery&hellip;<\/p>\n","protected":false},"featured_media":3328,"comment_status":"closed","ping_status":"open","template":"","meta":[],"product_cat":[249],"product_tag":[758,824,849,817,665],"class_list":["post-3327","product","type-product","status-publish","has-post-thumbnail","hentry","product_cat-okulary-oprawki-i-szkla","product_tag-bulki","product_tag-miso-pasta","product_tag-mogli","product_tag-niepasteryzowane-mleko","product_tag-weganskie-mieso"],"_links":{"self":[{"href":"https:\/\/wegeblw.pl\/index.php\/wp-json\/wp\/v2\/product\/3327","targetHints":{"allow":["GET"]}}],"collection":[{"href":"https:\/\/wegeblw.pl\/index.php\/wp-json\/wp\/v2\/product"}],"about":[{"href":"https:\/\/wegeblw.pl\/index.php\/wp-json\/wp\/v2\/types\/product"}],"replies":[{"embeddable":true,"href":"https:\/\/wegeblw.pl\/index.php\/wp-json\/wp\/v2\/comments?post=3327"}],"wp:featuredmedia":[{"embeddable":true,"href":"https:\/\/wegeblw.pl\/index.php\/wp-json\/wp\/v2\/media\/3328"}],"wp:attachment":[{"href":"https:\/\/wegeblw.pl\/index.php\/wp-json\/wp\/v2\/media?parent=3327"}],"wp:term":[{"taxonomy":"product_cat","embeddable":true,"href":"https:\/\/wegeblw.pl\/index.php\/wp-json\/wp\/v2\/product_cat?post=3327"},{"taxonomy":"product_tag","embeddable":true,"href":"https:\/\/wegeblw.pl\/index.php\/wp-json\/wp\/v2\/product_tag?post=3327"}],"curies":[{"name":"wp","href":"https:\/\/api.w.org\/{rel}","templated":true}]}}