{"id":3329,"date":"2018-06-11T15:52:47","date_gmt":"2018-06-11T13:52:47","guid":{"rendered":"https:\/\/wegeblw.pl\/index.php\/produkt\/burberry-be-2284-3764-53\/"},"modified":"2026-04-07T01:13:19","modified_gmt":"2026-04-06T23:13:19","slug":"burberry-be-2284-3764-53","status":"publish","type":"product","link":"https:\/\/wegeblw.pl\/index.php\/produkt\/burberry-be-2284-3764-53\/","title":{"rendered":"Burberry BE 2284 3764 53"},"content":{"rendered":"<p>O VersaceJe\u015bli szukasz oryginalnych i odwa\u017cnych okular\u00f3w, linia wysokiej jako\u015bci okular\u00f3w Versace jest dla Ciebie! W\u0142oska marka luksusowej mody stworzy\u0142a wyrafinowane i pomys\u0142owe modele skierowane do os\u00f3b z bran\u017cy mody O tych okularach Oprawki w kszta\u0142cie kociego oka doskonale pasuj\u0105 do owalnych i prostok\u0105tnych twarzy.Oprawki havana s\u0105 niesamowicie nowoczesne, a tak\u017ce pasuj\u0105 do wi\u0119kszo\u015bci stroj\u00f3w, fryzur i kolor\u00f3w oczu.Br\u0105zowe oprawki \u015bwietnie sprawdz\u0105 si\u0119 w przypadku ciemnych w\u0142os\u00f3w. Br\u0105z jest na og\u00f3\u0142 klasycznym wyborem na co dzie\u0144.Materia\u0142em jest lekkie i wytrzyma\u0142e tworzywo sztuczne.Oprawki posiadaj\u0105 eleganckie, l\u015bni\u0105ce wyko\u0144czenie.<\/p>\n<p>Okulary oprawki i szk\u0142a<\/p>\n<p>czepota puszysta, s\u0119kacz z piekarnika, wosk pszczeli 1 kg, d\u017cem bez dodatku cukru, gorvita ma\u015b\u0107 z \u017cywor\u00f3dki, \u015brodek czyszcz\u0105cy, syrip z agawy, warzywa bez cukru, buzdyganek naziemny opinie, sok z zurawiny, p\u0142yn do p\u0142ukania prania, \u017ar\u00f3d\u0142o kwasu foliowego, babki na wielkanoc, olej \u017cywokostowy z gojnikiem na stawy, jak przygotowa\u0107 nori do sushi, zestaw.do.sushi, zakupy dostawa do domu, m\u0105ka z tapioki<\/p>\n<p><a href=\"https:\/\/krolewskie-miody.pl\/kategoria-produktu\/miody\/\" rel=\"nofollow\">https:\/\/krolewskie-miody.pl\/kategoria-produktu\/miody\/<\/a><\/p>\n","protected":false},"excerpt":{"rendered":"<p>O VersaceJe\u015bli szukasz oryginalnych i odwa\u017cnych okular\u00f3w, linia wysokiej jako\u015bci okular\u00f3w Versace jest dla Ciebie! W\u0142oska marka luksusowej mody stworzy\u0142a&hellip;<\/p>\n","protected":false},"featured_media":3330,"comment_status":"closed","ping_status":"open","template":"","meta":[],"product_cat":[249],"product_tag":[636,708,672],"class_list":["post-3329","product","type-product","status-publish","has-post-thumbnail","hentry","product_cat-okulary-oprawki-i-szkla","product_tag-farma-zdrowia","product_tag-kurkuma-przyprawa-jak-stosowac","product_tag-makaron-zero-kalorii"],"_links":{"self":[{"href":"https:\/\/wegeblw.pl\/index.php\/wp-json\/wp\/v2\/product\/3329","targetHints":{"allow":["GET"]}}],"collection":[{"href":"https:\/\/wegeblw.pl\/index.php\/wp-json\/wp\/v2\/product"}],"about":[{"href":"https:\/\/wegeblw.pl\/index.php\/wp-json\/wp\/v2\/types\/product"}],"replies":[{"embeddable":true,"href":"https:\/\/wegeblw.pl\/index.php\/wp-json\/wp\/v2\/comments?post=3329"}],"wp:featuredmedia":[{"embeddable":true,"href":"https:\/\/wegeblw.pl\/index.php\/wp-json\/wp\/v2\/media\/3330"}],"wp:attachment":[{"href":"https:\/\/wegeblw.pl\/index.php\/wp-json\/wp\/v2\/media?parent=3329"}],"wp:term":[{"taxonomy":"product_cat","embeddable":true,"href":"https:\/\/wegeblw.pl\/index.php\/wp-json\/wp\/v2\/product_cat?post=3329"},{"taxonomy":"product_tag","embeddable":true,"href":"https:\/\/wegeblw.pl\/index.php\/wp-json\/wp\/v2\/product_tag?post=3329"}],"curies":[{"name":"wp","href":"https:\/\/api.w.org\/{rel}","templated":true}]}}