{"id":3343,"date":"2021-12-01T15:17:18","date_gmt":"2021-12-01T14:17:18","guid":{"rendered":"https:\/\/wegeblw.pl\/index.php\/produkt\/burberry-be-2348-3001-55\/"},"modified":"2026-04-07T08:36:22","modified_gmt":"2026-04-07T06:36:22","slug":"burberry-be-2348-3001-55","status":"publish","type":"product","link":"https:\/\/wegeblw.pl\/index.php\/produkt\/burberry-be-2348-3001-55\/","title":{"rendered":"Burberry BE 2348 3001 55"},"content":{"rendered":"<p>Carrera 2012 086 Rozmiar: 52<\/p>\n<p>Okulary oprawki i szk\u0142a<\/p>\n<p>cytrynian magnezu tabletki, na dzie\u0144 dobry, ry\u017c br\u0105zowy przepis, wybielanie zebow weglem aktywnym, skrobia ziemniaczana kcal, aktywna piana do czyszczenia, erythritol, olejek z gojnikiem<\/p>\n<p>yyyyy<\/p>\n","protected":false},"excerpt":{"rendered":"<p>Carrera 2012 086 Rozmiar: 52 Okulary oprawki i szk\u0142a cytrynian magnezu tabletki, na dzie\u0144 dobry, ry\u017c br\u0105zowy przepis, wybielanie zebow&hellip;<\/p>\n","protected":false},"featured_media":3344,"comment_status":"closed","ping_status":"open","template":"","meta":[],"product_cat":[249],"product_tag":[834,854,629,735,856],"class_list":["post-3343","product","type-product","status-publish","has-post-thumbnail","hentry","product_cat-okulary-oprawki-i-szkla","product_tag-biosaurus","product_tag-ecomil","product_tag-maka-z-ciecierzycy","product_tag-na-dobranoc","product_tag-profilaktyka-cukrzycy"],"_links":{"self":[{"href":"https:\/\/wegeblw.pl\/index.php\/wp-json\/wp\/v2\/product\/3343","targetHints":{"allow":["GET"]}}],"collection":[{"href":"https:\/\/wegeblw.pl\/index.php\/wp-json\/wp\/v2\/product"}],"about":[{"href":"https:\/\/wegeblw.pl\/index.php\/wp-json\/wp\/v2\/types\/product"}],"replies":[{"embeddable":true,"href":"https:\/\/wegeblw.pl\/index.php\/wp-json\/wp\/v2\/comments?post=3343"}],"wp:featuredmedia":[{"embeddable":true,"href":"https:\/\/wegeblw.pl\/index.php\/wp-json\/wp\/v2\/media\/3344"}],"wp:attachment":[{"href":"https:\/\/wegeblw.pl\/index.php\/wp-json\/wp\/v2\/media?parent=3343"}],"wp:term":[{"taxonomy":"product_cat","embeddable":true,"href":"https:\/\/wegeblw.pl\/index.php\/wp-json\/wp\/v2\/product_cat?post=3343"},{"taxonomy":"product_tag","embeddable":true,"href":"https:\/\/wegeblw.pl\/index.php\/wp-json\/wp\/v2\/product_tag?post=3343"}],"curies":[{"name":"wp","href":"https:\/\/api.w.org\/{rel}","templated":true}]}}