{"id":3347,"date":"2017-07-20T02:59:42","date_gmt":"2017-07-20T00:59:42","guid":{"rendered":"https:\/\/wegeblw.pl\/index.php\/produkt\/okulary-korekcyjne-burberry-be-2324-dorien-3001-52-17-140\/"},"modified":"2026-04-16T08:03:57","modified_gmt":"2026-04-16T06:03:57","slug":"okulary-korekcyjne-burberry-be-2324-dorien-3001-52-17-140","status":"publish","type":"product","link":"https:\/\/wegeblw.pl\/index.php\/produkt\/okulary-korekcyjne-burberry-be-2324-dorien-3001-52-17-140\/","title":{"rendered":"Okulary korekcyjne Burberry BE 2324 DORIEN 3001 52-17-140"},"content":{"rendered":"<p>Je\u015bli my\u015blisz o od\u015bwie\u017ceniu swojej garderoby, kup Ramki do okular\u00f3w Damski Rodenstock R5204-a Czarny (\u00f8 49 mm) i inne Rodenstock produkty! Najlepsza jako\u015b\u0107 w najlepszej cenie jest ju\u017c w zasi\u0119gu r\u0119ki!Kolor: CzarnyMateria\u0142: PlastikowySzk\u0142o: \u00f8 49 mmMost: 16 mmZauszniki: 135 mmZawiera: Zawiera markowe etuiW\u0142a\u015bciwo\u015bci: Standardowe soczewki<\/p>\n<p>Okulary oprawki i szk\u0142a<\/p>\n<p>czteroboran sodu, kasza gryczana niepalona jak gotowa\u0107, torras, surowa \u017curawina, krewetki jak oczy\u015bci\u0107, ekstrakt z wanilii, wit d3 dawkowanie, m\u0105ka \u017cytnia 720 do czego, kurkuma sklep, mas\u0142o ghee palce liza\u0107, kapusta z grzybami zasma\u017cana, mi\u00f3d z propolisem opinie, control stress, jogurt kokosowy bez cukru, new me healthlabs, garam masala sklad<\/p>\n<p><a href=\"https:\/\/wellispolska.com.pl\/flavia\/\">https:\/\/wellispolska.com.pl\/flavia\/<\/a><\/p>\n","protected":false},"excerpt":{"rendered":"<p>Je\u015bli my\u015blisz o od\u015bwie\u017ceniu swojej garderoby, kup Ramki do okular\u00f3w Damski Rodenstock R5204-a Czarny (\u00f8 49 mm) i inne Rodenstock&hellip;<\/p>\n","protected":false},"featured_media":3348,"comment_status":"closed","ping_status":"open","template":"","meta":[],"product_cat":[249],"product_tag":[628,637,752,785,745],"class_list":["post-3347","product","type-product","status-publish","has-post-thumbnail","hentry","product_cat-okulary-oprawki-i-szkla","product_tag-mieso-roslinne","product_tag-miso-paste","product_tag-mleko-bez-laktozy","product_tag-riyal-green","product_tag-swieze-mleko"],"_links":{"self":[{"href":"https:\/\/wegeblw.pl\/index.php\/wp-json\/wp\/v2\/product\/3347","targetHints":{"allow":["GET"]}}],"collection":[{"href":"https:\/\/wegeblw.pl\/index.php\/wp-json\/wp\/v2\/product"}],"about":[{"href":"https:\/\/wegeblw.pl\/index.php\/wp-json\/wp\/v2\/types\/product"}],"replies":[{"embeddable":true,"href":"https:\/\/wegeblw.pl\/index.php\/wp-json\/wp\/v2\/comments?post=3347"}],"wp:featuredmedia":[{"embeddable":true,"href":"https:\/\/wegeblw.pl\/index.php\/wp-json\/wp\/v2\/media\/3348"}],"wp:attachment":[{"href":"https:\/\/wegeblw.pl\/index.php\/wp-json\/wp\/v2\/media?parent=3347"}],"wp:term":[{"taxonomy":"product_cat","embeddable":true,"href":"https:\/\/wegeblw.pl\/index.php\/wp-json\/wp\/v2\/product_cat?post=3347"},{"taxonomy":"product_tag","embeddable":true,"href":"https:\/\/wegeblw.pl\/index.php\/wp-json\/wp\/v2\/product_tag?post=3347"}],"curies":[{"name":"wp","href":"https:\/\/api.w.org\/{rel}","templated":true}]}}