{"id":3367,"date":"2017-12-04T23:02:17","date_gmt":"2017-12-04T22:02:17","guid":{"rendered":"https:\/\/wegeblw.pl\/index.php\/produkt\/burberry-be-2276-3024-transparent\/"},"modified":"2026-04-08T02:13:02","modified_gmt":"2026-04-08T00:13:02","slug":"burberry-be-2276-3024-transparent","status":"publish","type":"product","link":"https:\/\/wegeblw.pl\/index.php\/produkt\/burberry-be-2276-3024-transparent\/","title":{"rendered":"Burberry Be 2276 3024 Transparent"},"content":{"rendered":"<p>Emolium A-topic Tr\u00f3jaktywna Emulsja do cia\u0142a 200ml<\/p>\n<p>Pozosta\u0142e kosmetyki do piel\u0119gnacji cia\u0142a<\/p>\n<p>ma\u0142y makaron, rzodkiew japonska, suplement maca, zdrowe cukierki, witamina cw proszku do twarzy, dynia olbrzymia nasiona, cukier waniliowy, wisiolek, yope p\u0142yn do \u0142azienki<\/p>\n<p><a href=\"https:\/\/multisalon24.pl\/baza-wiedzy\/opaty-za-przejazd-autostrada-2023-cennik-a1-a2-a3-i-a4\">op\u0142aty a1 multisalon24.pl\/baza-wiedzy\/opaty-za-przejazd-autostrada-2023-cennik-a1-a2-a3-i-a4<\/a><\/p>\n","protected":false},"excerpt":{"rendered":"<p>Emolium A-topic Tr\u00f3jaktywna Emulsja do cia\u0142a 200ml Pozosta\u0142e kosmetyki do piel\u0119gnacji cia\u0142a ma\u0142y makaron, rzodkiew japonska, suplement maca, zdrowe cukierki,&hellip;<\/p>\n","protected":false},"featured_media":3368,"comment_status":"closed","ping_status":"open","template":"","meta":[],"product_cat":[249],"product_tag":[854,843,638,810,884],"class_list":["post-3367","product","type-product","status-publish","has-post-thumbnail","hentry","product_cat-okulary-oprawki-i-szkla","product_tag-ecomil","product_tag-jak-gotowac-komose-ryzowa","product_tag-onlybio-odzywka","product_tag-pasta-misp","product_tag-zestaw-do-matchy"],"_links":{"self":[{"href":"https:\/\/wegeblw.pl\/index.php\/wp-json\/wp\/v2\/product\/3367","targetHints":{"allow":["GET"]}}],"collection":[{"href":"https:\/\/wegeblw.pl\/index.php\/wp-json\/wp\/v2\/product"}],"about":[{"href":"https:\/\/wegeblw.pl\/index.php\/wp-json\/wp\/v2\/types\/product"}],"replies":[{"embeddable":true,"href":"https:\/\/wegeblw.pl\/index.php\/wp-json\/wp\/v2\/comments?post=3367"}],"wp:featuredmedia":[{"embeddable":true,"href":"https:\/\/wegeblw.pl\/index.php\/wp-json\/wp\/v2\/media\/3368"}],"wp:attachment":[{"href":"https:\/\/wegeblw.pl\/index.php\/wp-json\/wp\/v2\/media?parent=3367"}],"wp:term":[{"taxonomy":"product_cat","embeddable":true,"href":"https:\/\/wegeblw.pl\/index.php\/wp-json\/wp\/v2\/product_cat?post=3367"},{"taxonomy":"product_tag","embeddable":true,"href":"https:\/\/wegeblw.pl\/index.php\/wp-json\/wp\/v2\/product_tag?post=3367"}],"curies":[{"name":"wp","href":"https:\/\/api.w.org\/{rel}","templated":true}]}}