{"id":337,"date":"2021-11-21T14:17:56","date_gmt":"2021-11-21T13:17:56","guid":{"rendered":"https:\/\/wegeblw.pl\/index.php\/produkt\/voskolix-spray-15-ml\/"},"modified":"2026-04-08T02:38:56","modified_gmt":"2026-04-08T00:38:56","slug":"voskolix-spray-15-ml","status":"publish","type":"product","link":"https:\/\/wegeblw.pl\/index.php\/produkt\/voskolix-spray-15-ml\/","title":{"rendered":"Voskolix Spray 15 ml"},"content":{"rendered":"<p>Okulary S\u0142oneczne Burberry<\/p>\n<p>Okulary przeciws\u0142oneczne damskie<\/p>\n<p>tapoka, czosnek nied\u017awiedzi kiedy ro\u015bnie, placki dla cukrzyk\u00f3w, fasola mung cena, platki musli, kaczka polska, hunan, imbir na kaszel<\/p>\n<p>yyyyy<\/p>\n","protected":false},"excerpt":{"rendered":"<p>Okulary S\u0142oneczne Burberry Okulary przeciws\u0142oneczne damskie tapoka, czosnek nied\u017awiedzi kiedy ro\u015bnie, placki dla cukrzyk\u00f3w, fasola mung cena, platki musli, kaczka&hellip;<\/p>\n","protected":false},"featured_media":338,"comment_status":"closed","ping_status":"open","template":"","meta":[],"product_cat":[45],"product_tag":[808,821,858,799,789,674],"class_list":["post-337","product","type-product","status-publish","has-post-thumbnail","hentry","product_cat-wzrok-i-sluch","product_tag-ciasto-sekacz","product_tag-gotowanie-komosy-ryzowej","product_tag-majonez-vitapol","product_tag-maslo-migdalowe","product_tag-pestki-granatu","product_tag-warzywa-eko"],"_links":{"self":[{"href":"https:\/\/wegeblw.pl\/index.php\/wp-json\/wp\/v2\/product\/337","targetHints":{"allow":["GET"]}}],"collection":[{"href":"https:\/\/wegeblw.pl\/index.php\/wp-json\/wp\/v2\/product"}],"about":[{"href":"https:\/\/wegeblw.pl\/index.php\/wp-json\/wp\/v2\/types\/product"}],"replies":[{"embeddable":true,"href":"https:\/\/wegeblw.pl\/index.php\/wp-json\/wp\/v2\/comments?post=337"}],"wp:featuredmedia":[{"embeddable":true,"href":"https:\/\/wegeblw.pl\/index.php\/wp-json\/wp\/v2\/media\/338"}],"wp:attachment":[{"href":"https:\/\/wegeblw.pl\/index.php\/wp-json\/wp\/v2\/media?parent=337"}],"wp:term":[{"taxonomy":"product_cat","embeddable":true,"href":"https:\/\/wegeblw.pl\/index.php\/wp-json\/wp\/v2\/product_cat?post=337"},{"taxonomy":"product_tag","embeddable":true,"href":"https:\/\/wegeblw.pl\/index.php\/wp-json\/wp\/v2\/product_tag?post=337"}],"curies":[{"name":"wp","href":"https:\/\/api.w.org\/{rel}","templated":true}]}}