{"id":3385,"date":"2014-06-24T19:03:55","date_gmt":"2014-06-24T17:03:55","guid":{"rendered":"https:\/\/wegeblw.pl\/index.php\/produkt\/burberry-for-men-woda-toaletowa-100ml-spray\/"},"modified":"2026-04-08T17:54:37","modified_gmt":"2026-04-08T15:54:37","slug":"burberry-for-men-woda-toaletowa-100ml-spray","status":"publish","type":"product","link":"https:\/\/wegeblw.pl\/index.php\/produkt\/burberry-for-men-woda-toaletowa-100ml-spray\/","title":{"rendered":"Burberry For Men woda toaletowa 100ml spray"},"content":{"rendered":"<p>PQQ 10MG 30 KAPS. SWANSONW\u0141A\u015aCIWO\u015aCI: Suplement wspiera prawid\u0142owe funkcjonowanie uk\u0142adu nerwowego. Wspomaga pami\u0119\u0107 i koncentracj\u0119, wykazuje dzia\u0142anie antyoksydacyjne i redukuje stany zapalne. Poprawia jako\u015b\u0107 snu, redukuje stany zm\u0119czenia i wspiera prawid\u0142ow\u0105 prac\u0119 uk\u0142adu sercowo-naczyniowego. Regularne stosowanie wspomaga proces wypracowywania suchej masy mi\u0119\u015bniowej i redukcji zb\u0119dnej tkanki t\u0142uszczowej nawet w okresach mi\u0119dzy treningowych. SK\u0141ADNIKI: PQQ, otr\u0119by ry\u017cowe, otoczka kapsu\u0142ki: hydroksypropylometyloceluloza, substancja przeciwzbrylaj\u0105ca: dwutlenek krzemu, ekstrakt ry\u017cowy.SPOS\u00d3B U\u017bYCIA: Jedna kapsu\u0142ka dziennie. Nie przekracza\u0107 zalecanej porcji do spo\u017cycia w ci\u0105gu dnia. Produkt nie mo\u017ce by\u0107 stosowany jako substytut prawid\u0142owo zr\u00f3\u017cnicowanej diety.PRZECHOWYWANIE: Przechowywa\u0107 w temperaturze pokojowej, w spos\u00f3b niedost\u0119pny dla ma\u0142ych dzieci. Produkt niewskazany dla kobiet w ci\u0105\u017cy i karmi\u0105cych.OPAKOWANIE: 30 kapsu\u0142ekPRODUCENT:SWANSONPRO SPORT S.C.ul. Pogodna 1871-376 Szczecin Suplementy diety nie mog\u0105 by\u0107 stosowane jako substytut (zamiennik) zr\u00f3\u017cnicowanej diety ani zdrowego trybu \u017cycia. Nie nale\u017cy przekracza\u0107 zalecanej porcji produktu do spo\u017cycia w ci\u0105gu dnia. Suplementy diety powinny by\u0107 przechowywane w spos\u00f3b niedost\u0119pny dla ma\u0142ych dzieci. Przed zastosowaniem produktu sugerujemy zapoznanie si\u0119 z dok\u0142adnymi informacjami podanymi na opakowaniu lub za\u0142\u0105czonej ulotce.<\/p>\n<p>Uk\u0142ad nerwowy i pami\u0119\u0107<\/p>\n<p>zwierzaki z owoc\u00f3w, mi\u00f3d spadziowy z czego powstaje, farsz pieczarkowy do pasztecik\u00f3w, sklep vega, sok pomaranczowy, kapsu\u0142ki kurkumy, energetyki sklad, chrupki arachidowe<\/p>\n<p>yyyyy<\/p>\n","protected":false},"excerpt":{"rendered":"<p>PQQ 10MG 30 KAPS. SWANSONW\u0141A\u015aCIWO\u015aCI: Suplement wspiera prawid\u0142owe funkcjonowanie uk\u0142adu nerwowego. Wspomaga pami\u0119\u0107 i koncentracj\u0119, wykazuje dzia\u0142anie antyoksydacyjne i redukuje&hellip;<\/p>\n","protected":false},"featured_media":3386,"comment_status":"closed","ping_status":"open","template":"","meta":[],"product_cat":[78],"product_tag":[778,847,852,786],"class_list":["post-3385","product","type-product","status-publish","has-post-thumbnail","hentry","product_cat-perfumy-i-wody-meskie","product_tag-burak","product_tag-czym-zastapic-nabial","product_tag-fenkul","product_tag-soczewicy"],"_links":{"self":[{"href":"https:\/\/wegeblw.pl\/index.php\/wp-json\/wp\/v2\/product\/3385","targetHints":{"allow":["GET"]}}],"collection":[{"href":"https:\/\/wegeblw.pl\/index.php\/wp-json\/wp\/v2\/product"}],"about":[{"href":"https:\/\/wegeblw.pl\/index.php\/wp-json\/wp\/v2\/types\/product"}],"replies":[{"embeddable":true,"href":"https:\/\/wegeblw.pl\/index.php\/wp-json\/wp\/v2\/comments?post=3385"}],"wp:featuredmedia":[{"embeddable":true,"href":"https:\/\/wegeblw.pl\/index.php\/wp-json\/wp\/v2\/media\/3386"}],"wp:attachment":[{"href":"https:\/\/wegeblw.pl\/index.php\/wp-json\/wp\/v2\/media?parent=3385"}],"wp:term":[{"taxonomy":"product_cat","embeddable":true,"href":"https:\/\/wegeblw.pl\/index.php\/wp-json\/wp\/v2\/product_cat?post=3385"},{"taxonomy":"product_tag","embeddable":true,"href":"https:\/\/wegeblw.pl\/index.php\/wp-json\/wp\/v2\/product_tag?post=3385"}],"curies":[{"name":"wp","href":"https:\/\/api.w.org\/{rel}","templated":true}]}}