{"id":3441,"date":"2015-02-01T13:05:12","date_gmt":"2015-02-01T12:05:12","guid":{"rendered":"https:\/\/wegeblw.pl\/index.php\/produkt\/omron-cisnieniomierz-naramienny-x4-smart\/"},"modified":"2026-04-07T03:00:11","modified_gmt":"2026-04-07T01:00:11","slug":"omron-cisnieniomierz-naramienny-x4-smart","status":"publish","type":"product","link":"https:\/\/wegeblw.pl\/index.php\/produkt\/omron-cisnieniomierz-naramienny-x4-smart\/","title":{"rendered":"Omron Ci\u015bnieniomierz Naramienny X4 Smart"},"content":{"rendered":"<p>Ibuprofenum, 400 mgLek przeciwb\u00f3lowy, przeciwzapalny, przeciwgor\u0105czkowy.Objawowe leczenie:- \u0142agodnego i umiarkowanego b\u00f3lu, np. b\u00f3lu g\u0142owy, b\u00f3lu miesi\u0105czkowego, b\u00f3lu z\u0119ba- gor\u0105czki i b\u00f3lu zwi\u0105zanego z przezi\u0119bieniem.OTC &#8211; Lek wydawany bez recepty.<\/p>\n<p>Przeciwb\u00f3lowe<\/p>\n<p>bu\u0142ki z sezamem, jagly ekspandowane, w\u0119giel aktywny w proszku, olejek eteryczny na b\u00f3l g\u0142owy, astaksantyna apteka, bia\u0142a sza\u0142wia w\u0142a\u015bciwo\u015bci, erytrotyl<\/p>\n<p><a href=\"https:\/\/www.gastromania.cz\/cisnicke-zastery-mini\">gastromania.cz\/cisnicke-zastery-mini<\/a><\/p>\n","protected":false},"excerpt":{"rendered":"<p>Ibuprofenum, 400 mgLek przeciwb\u00f3lowy, przeciwzapalny, przeciwgor\u0105czkowy.Objawowe leczenie:- \u0142agodnego i umiarkowanego b\u00f3lu, np. b\u00f3lu g\u0142owy, b\u00f3lu miesi\u0105czkowego, b\u00f3lu z\u0119ba- gor\u0105czki i&hellip;<\/p>\n","protected":false},"featured_media":3442,"comment_status":"closed","ping_status":"open","template":"","meta":[],"product_cat":[22],"product_tag":[720,722,691,804,681],"class_list":["post-3441","product","type-product","status-publish","has-post-thumbnail","hentry","product_cat-cisnieniomierze-i-akcesoria","product_tag-komose","product_tag-kurkuma-ile-dziennie","product_tag-olej-ryzowy-wlasciwosci","product_tag-quinoa-jak-gotowac","product_tag-ser-klimek"],"_links":{"self":[{"href":"https:\/\/wegeblw.pl\/index.php\/wp-json\/wp\/v2\/product\/3441","targetHints":{"allow":["GET"]}}],"collection":[{"href":"https:\/\/wegeblw.pl\/index.php\/wp-json\/wp\/v2\/product"}],"about":[{"href":"https:\/\/wegeblw.pl\/index.php\/wp-json\/wp\/v2\/types\/product"}],"replies":[{"embeddable":true,"href":"https:\/\/wegeblw.pl\/index.php\/wp-json\/wp\/v2\/comments?post=3441"}],"wp:featuredmedia":[{"embeddable":true,"href":"https:\/\/wegeblw.pl\/index.php\/wp-json\/wp\/v2\/media\/3442"}],"wp:attachment":[{"href":"https:\/\/wegeblw.pl\/index.php\/wp-json\/wp\/v2\/media?parent=3441"}],"wp:term":[{"taxonomy":"product_cat","embeddable":true,"href":"https:\/\/wegeblw.pl\/index.php\/wp-json\/wp\/v2\/product_cat?post=3441"},{"taxonomy":"product_tag","embeddable":true,"href":"https:\/\/wegeblw.pl\/index.php\/wp-json\/wp\/v2\/product_tag?post=3441"}],"curies":[{"name":"wp","href":"https:\/\/api.w.org\/{rel}","templated":true}]}}