{"id":345,"date":"2013-01-09T10:19:20","date_gmt":"2013-01-09T09:19:20","guid":{"rendered":"https:\/\/wegeblw.pl\/index.php\/produkt\/nutrison-protein-advance-1-28-kcal-ml-500-ml\/"},"modified":"2026-04-10T03:20:20","modified_gmt":"2026-04-10T01:20:20","slug":"nutrison-protein-advance-1-28-kcal-ml-500-ml","status":"publish","type":"product","link":"https:\/\/wegeblw.pl\/index.php\/produkt\/nutrison-protein-advance-1-28-kcal-ml-500-ml\/","title":{"rendered":"Nutrison Protein Advance 1.28 kcal\/ml 500 ml"},"content":{"rendered":"<p>Oprawy Okularowe Burberry<\/p>\n<p>Okulary oprawki i szk\u0142a<\/p>\n<p>produkty bogate w witamin\u0119 k, kawa z zoledzi, najpopularniejsze dinozaury, jak wyleczy\u0107 przezi\u0119bienie domowymi sposobami, diosmin, na co jest dobry ocet jab\u0142kowy, cha\u0142wa z miodem, ruotolo dolindo, popularne myd\u0142o, jak najlepiej spa\u0107, mieszanka owoc\u00f3w liofilizowanych, figi owoce, roslina czystek, maseczka nacomi<\/p>\n<p>yyyyy<\/p>\n","protected":false},"excerpt":{"rendered":"<p>Oprawy Okularowe Burberry Okulary oprawki i szk\u0142a produkty bogate w witamin\u0119 k, kawa z zoledzi, najpopularniejsze dinozaury, jak wyleczy\u0107 przezi\u0119bienie&hellip;<\/p>\n","protected":false},"featured_media":346,"comment_status":"closed","ping_status":"open","template":"","meta":[],"product_cat":[59],"product_tag":[673,656,684,773,862],"class_list":["post-345","product","type-product","status-publish","has-post-thumbnail","hentry","product_cat-zywienie-medyczne","product_tag-bomba","product_tag-ekologiczne-mieso","product_tag-kurkuma-korzen","product_tag-organic-sklep","product_tag-pestki-granata"],"_links":{"self":[{"href":"https:\/\/wegeblw.pl\/index.php\/wp-json\/wp\/v2\/product\/345","targetHints":{"allow":["GET"]}}],"collection":[{"href":"https:\/\/wegeblw.pl\/index.php\/wp-json\/wp\/v2\/product"}],"about":[{"href":"https:\/\/wegeblw.pl\/index.php\/wp-json\/wp\/v2\/types\/product"}],"replies":[{"embeddable":true,"href":"https:\/\/wegeblw.pl\/index.php\/wp-json\/wp\/v2\/comments?post=345"}],"wp:featuredmedia":[{"embeddable":true,"href":"https:\/\/wegeblw.pl\/index.php\/wp-json\/wp\/v2\/media\/346"}],"wp:attachment":[{"href":"https:\/\/wegeblw.pl\/index.php\/wp-json\/wp\/v2\/media?parent=345"}],"wp:term":[{"taxonomy":"product_cat","embeddable":true,"href":"https:\/\/wegeblw.pl\/index.php\/wp-json\/wp\/v2\/product_cat?post=345"},{"taxonomy":"product_tag","embeddable":true,"href":"https:\/\/wegeblw.pl\/index.php\/wp-json\/wp\/v2\/product_tag?post=345"}],"curies":[{"name":"wp","href":"https:\/\/api.w.org\/{rel}","templated":true}]}}