{"id":3471,"date":"2024-01-09T20:27:59","date_gmt":"2024-01-09T19:27:59","guid":{"rendered":"https:\/\/wegeblw.pl\/?post_type=product&#038;p=3471"},"modified":"2026-04-10T07:52:41","modified_gmt":"2026-04-10T05:52:41","slug":"scorpion-tonny-ty9872c3","status":"publish","type":"product","link":"https:\/\/wegeblw.pl\/index.php\/produkt\/scorpion-tonny-ty9872c3\/","title":{"rendered":"Scorpion Tonny TY9872C3"},"content":{"rendered":"<p>BishEffect Biszofit Po\u0142tawski Venovasin 75ml<\/p>\n<p>Preparaty medycyny naturalnej<\/p>\n<p>luteina forte, ga\u0142ka muszkata\u0142owa, olejek z drzewa herbacianego 100, wege mas\u0142o<\/p>\n<p>yyyyy<\/p>\n","protected":false},"excerpt":{"rendered":"<p>BishEffect Biszofit Po\u0142tawski Venovasin 75ml Preparaty medycyny naturalnej luteina forte, ga\u0142ka muszkata\u0142owa, olejek z drzewa herbacianego 100, wege mas\u0142o yyyyy<\/p>\n","protected":false},"featured_media":3472,"comment_status":"closed","ping_status":"open","template":"","meta":[],"product_cat":[249],"product_tag":[734,656,671,827,622],"class_list":["post-3471","product","type-product","status-publish","has-post-thumbnail","hentry","product_cat-okulary-oprawki-i-szkla","product_tag-derma-sklep","product_tag-ekologiczne-mieso","product_tag-jogurt-bez-mleka","product_tag-naturli","product_tag-vege-mieso"],"_links":{"self":[{"href":"https:\/\/wegeblw.pl\/index.php\/wp-json\/wp\/v2\/product\/3471","targetHints":{"allow":["GET"]}}],"collection":[{"href":"https:\/\/wegeblw.pl\/index.php\/wp-json\/wp\/v2\/product"}],"about":[{"href":"https:\/\/wegeblw.pl\/index.php\/wp-json\/wp\/v2\/types\/product"}],"replies":[{"embeddable":true,"href":"https:\/\/wegeblw.pl\/index.php\/wp-json\/wp\/v2\/comments?post=3471"}],"wp:featuredmedia":[{"embeddable":true,"href":"https:\/\/wegeblw.pl\/index.php\/wp-json\/wp\/v2\/media\/3472"}],"wp:attachment":[{"href":"https:\/\/wegeblw.pl\/index.php\/wp-json\/wp\/v2\/media?parent=3471"}],"wp:term":[{"taxonomy":"product_cat","embeddable":true,"href":"https:\/\/wegeblw.pl\/index.php\/wp-json\/wp\/v2\/product_cat?post=3471"},{"taxonomy":"product_tag","embeddable":true,"href":"https:\/\/wegeblw.pl\/index.php\/wp-json\/wp\/v2\/product_tag?post=3471"}],"curies":[{"name":"wp","href":"https:\/\/api.w.org\/{rel}","templated":true}]}}