{"id":3489,"date":"2020-04-02T12:20:38","date_gmt":"2020-04-02T10:20:38","guid":{"rendered":"https:\/\/wegeblw.pl\/index.php\/produkt\/oakley-zauszniki-gumowe-do-radar-ev-101-822-002\/"},"modified":"2026-04-09T05:35:00","modified_gmt":"2026-04-09T03:35:00","slug":"oakley-zauszniki-gumowe-do-radar-ev-101-822-002","status":"publish","type":"product","link":"https:\/\/wegeblw.pl\/index.php\/produkt\/oakley-zauszniki-gumowe-do-radar-ev-101-822-002\/","title":{"rendered":"Oakley Zauszniki gumowe do Radar EV 101-822-002"},"content":{"rendered":"<p>Zdrowa \u017cywno\u015b\u0107<\/p>\n<p>r\u00f3\u017cd\u017cki smaku, prosty sklad, kurkuma ile dziennie, erytrol dla cukrzyka, rumianek przeciwwskazania, eco torba, maka jaglana gluten, czy sa\u0142ata lodowa jest zdrowa, ser parmezan<\/p>\n<p>yyyyy<\/p>\n","protected":false},"excerpt":{"rendered":"<p>Zdrowa \u017cywno\u015b\u0107 r\u00f3\u017cd\u017cki smaku, prosty sklad, kurkuma ile dziennie, erytrol dla cukrzyka, rumianek przeciwwskazania, eco torba, maka jaglana gluten, czy&hellip;<\/p>\n","protected":false},"featured_media":3490,"comment_status":"closed","ping_status":"open","template":"","meta":[],"product_cat":[251],"product_tag":[621,666,626,801],"class_list":["post-3489","product","type-product","status-publish","has-post-thumbnail","hentry","product_cat-akcesoria-do-okularow","product_tag-ekowital","product_tag-lody-haagen-dazs","product_tag-ogorki","product_tag-warzywa-ekologiczne"],"_links":{"self":[{"href":"https:\/\/wegeblw.pl\/index.php\/wp-json\/wp\/v2\/product\/3489","targetHints":{"allow":["GET"]}}],"collection":[{"href":"https:\/\/wegeblw.pl\/index.php\/wp-json\/wp\/v2\/product"}],"about":[{"href":"https:\/\/wegeblw.pl\/index.php\/wp-json\/wp\/v2\/types\/product"}],"replies":[{"embeddable":true,"href":"https:\/\/wegeblw.pl\/index.php\/wp-json\/wp\/v2\/comments?post=3489"}],"wp:featuredmedia":[{"embeddable":true,"href":"https:\/\/wegeblw.pl\/index.php\/wp-json\/wp\/v2\/media\/3490"}],"wp:attachment":[{"href":"https:\/\/wegeblw.pl\/index.php\/wp-json\/wp\/v2\/media?parent=3489"}],"wp:term":[{"taxonomy":"product_cat","embeddable":true,"href":"https:\/\/wegeblw.pl\/index.php\/wp-json\/wp\/v2\/product_cat?post=3489"},{"taxonomy":"product_tag","embeddable":true,"href":"https:\/\/wegeblw.pl\/index.php\/wp-json\/wp\/v2\/product_tag?post=3489"}],"curies":[{"name":"wp","href":"https:\/\/api.w.org\/{rel}","templated":true}]}}