{"id":349,"date":"2020-06-25T07:32:41","date_gmt":"2020-06-25T05:32:41","guid":{"rendered":"https:\/\/wegeblw.pl\/index.php\/produkt\/sesderma-azelac-krem-nawilzajacy-do-twarzy-50ml-resveraderm-liposomal-serum-liposomowe-30ml\/"},"modified":"2026-04-08T16:28:24","modified_gmt":"2026-04-08T14:28:24","slug":"sesderma-azelac-krem-nawilzajacy-do-twarzy-50ml-resveraderm-liposomal-serum-liposomowe-30ml","status":"publish","type":"product","link":"https:\/\/wegeblw.pl\/index.php\/produkt\/sesderma-azelac-krem-nawilzajacy-do-twarzy-50ml-resveraderm-liposomal-serum-liposomowe-30ml\/","title":{"rendered":"Sesderma Azelac Krem Nawil\u017caj\u0105cy Do Twarzy 50ml + Resveraderm Liposomal Serum Liposomowe 30ml"},"content":{"rendered":"<p>KO01 HMS &#8211; to obrotowy twister magnetyczny. Produkt doskonale sprawdzi si\u0119 jako przyrz\u0105d do \u0107wicze\u0144 fitness w warunkach domowych.<\/p>\n<p>Twistery<\/p>\n<p>pierogi bezglutenowe z m\u0105ki sch\u00e4r, \u015bmietanka krem\u00f3wka, extra virgin, jogurt cena, siarka do k\u0105pieli w domu gdzie kupi\u0107<\/p>\n<p>yyyyy<\/p>\n","protected":false},"excerpt":{"rendered":"<p>KO01 HMS &#8211; to obrotowy twister magnetyczny. Produkt doskonale sprawdzi si\u0119 jako przyrz\u0105d do \u0107wicze\u0144 fitness w warunkach domowych. Twistery&hellip;<\/p>\n","protected":false},"featured_media":350,"comment_status":"closed","ping_status":"open","template":"","meta":[],"product_cat":[36],"product_tag":[863,816,679,655,676,792],"class_list":["post-349","product","type-product","status-publish","has-post-thumbnail","hentry","product_cat-dermokosmetyki","product_tag-antidotum","product_tag-bigos-z-soczewica","product_tag-dynia-hokkaido","product_tag-eko-warzywa","product_tag-owoc-granatu-jak-jesc","product_tag-vigo"],"_links":{"self":[{"href":"https:\/\/wegeblw.pl\/index.php\/wp-json\/wp\/v2\/product\/349","targetHints":{"allow":["GET"]}}],"collection":[{"href":"https:\/\/wegeblw.pl\/index.php\/wp-json\/wp\/v2\/product"}],"about":[{"href":"https:\/\/wegeblw.pl\/index.php\/wp-json\/wp\/v2\/types\/product"}],"replies":[{"embeddable":true,"href":"https:\/\/wegeblw.pl\/index.php\/wp-json\/wp\/v2\/comments?post=349"}],"wp:featuredmedia":[{"embeddable":true,"href":"https:\/\/wegeblw.pl\/index.php\/wp-json\/wp\/v2\/media\/350"}],"wp:attachment":[{"href":"https:\/\/wegeblw.pl\/index.php\/wp-json\/wp\/v2\/media?parent=349"}],"wp:term":[{"taxonomy":"product_cat","embeddable":true,"href":"https:\/\/wegeblw.pl\/index.php\/wp-json\/wp\/v2\/product_cat?post=349"},{"taxonomy":"product_tag","embeddable":true,"href":"https:\/\/wegeblw.pl\/index.php\/wp-json\/wp\/v2\/product_tag?post=349"}],"curies":[{"name":"wp","href":"https:\/\/api.w.org\/{rel}","templated":true}]}}