{"id":3495,"date":"2021-03-31T15:15:42","date_gmt":"2021-03-31T13:15:42","guid":{"rendered":"https:\/\/wegeblw.pl\/index.php\/produkt\/guess-krotki-rozowy-t-shirt-damski-z-logo\/"},"modified":"2026-04-10T10:00:48","modified_gmt":"2026-04-10T08:00:48","slug":"guess-krotki-rozowy-t-shirt-damski-z-logo","status":"publish","type":"product","link":"https:\/\/wegeblw.pl\/index.php\/produkt\/guess-krotki-rozowy-t-shirt-damski-z-logo\/","title":{"rendered":"GUESS &#8211; Kr\u00f3tki r\u00f3\u017cowy T-shirt damski z logo"},"content":{"rendered":"<p>Thorne Iso-Phos Izolat Fosfatydyloseryny 60Vkaps<\/p>\n<p>Uk\u0142ad nerwowy i pami\u0119\u0107<\/p>\n<p>schab w plastrach, nerkowiec orzech, olej z pestek dyni t\u0142oczony na zimno, tu\u0144czyk po angielsku, acai jagody, piwo bezalkoholowe a zdrowie, any\u017c w ci\u0105\u017cy, m\u0105ka z semoliny<\/p>\n<p>yyyyy<\/p>\n","protected":false},"excerpt":{"rendered":"<p>Thorne Iso-Phos Izolat Fosfatydyloseryny 60Vkaps Uk\u0142ad nerwowy i pami\u0119\u0107 schab w plastrach, nerkowiec orzech, olej z pestek dyni t\u0142oczony na&hellip;<\/p>\n","protected":false},"featured_media":3496,"comment_status":"closed","ping_status":"open","template":"","meta":[],"product_cat":[299],"product_tag":[656,759,716,690],"class_list":["post-3495","product","type-product","status-publish","has-post-thumbnail","hentry","product_cat-bluzki-damskie","product_tag-ekologiczne-mieso","product_tag-kurkuma","product_tag-leckers","product_tag-maka-z-cieciorki"],"_links":{"self":[{"href":"https:\/\/wegeblw.pl\/index.php\/wp-json\/wp\/v2\/product\/3495","targetHints":{"allow":["GET"]}}],"collection":[{"href":"https:\/\/wegeblw.pl\/index.php\/wp-json\/wp\/v2\/product"}],"about":[{"href":"https:\/\/wegeblw.pl\/index.php\/wp-json\/wp\/v2\/types\/product"}],"replies":[{"embeddable":true,"href":"https:\/\/wegeblw.pl\/index.php\/wp-json\/wp\/v2\/comments?post=3495"}],"wp:featuredmedia":[{"embeddable":true,"href":"https:\/\/wegeblw.pl\/index.php\/wp-json\/wp\/v2\/media\/3496"}],"wp:attachment":[{"href":"https:\/\/wegeblw.pl\/index.php\/wp-json\/wp\/v2\/media?parent=3495"}],"wp:term":[{"taxonomy":"product_cat","embeddable":true,"href":"https:\/\/wegeblw.pl\/index.php\/wp-json\/wp\/v2\/product_cat?post=3495"},{"taxonomy":"product_tag","embeddable":true,"href":"https:\/\/wegeblw.pl\/index.php\/wp-json\/wp\/v2\/product_tag?post=3495"}],"curies":[{"name":"wp","href":"https:\/\/api.w.org\/{rel}","templated":true}]}}