{"id":3509,"date":"2018-12-01T09:59:16","date_gmt":"2018-12-01T08:59:16","guid":{"rendered":"https:\/\/wegeblw.pl\/index.php\/produkt\/gucci-gg0027o-001\/"},"modified":"2026-04-10T03:54:22","modified_gmt":"2026-04-10T01:54:22","slug":"gucci-gg0027o-001","status":"publish","type":"product","link":"https:\/\/wegeblw.pl\/index.php\/produkt\/gucci-gg0027o-001\/","title":{"rendered":"Gucci GG0027O 001"},"content":{"rendered":"<p>Okulary S\u0142oneczne Burberry<\/p>\n<p>Okulary przeciws\u0142oneczne damskie<\/p>\n<p>tapoka, czosnek nied\u017awiedzi kiedy ro\u015bnie, placki dla cukrzyk\u00f3w, fasola mung cena, platki musli, kaczka polska, hunan, imbir na kaszel<\/p>\n<p>yyyyy<\/p>\n","protected":false},"excerpt":{"rendered":"<p>Okulary S\u0142oneczne Burberry Okulary przeciws\u0142oneczne damskie tapoka, czosnek nied\u017awiedzi kiedy ro\u015bnie, placki dla cukrzyk\u00f3w, fasola mung cena, platki musli, kaczka&hellip;<\/p>\n","protected":false},"featured_media":3510,"comment_status":"closed","ping_status":"open","template":"","meta":[],"product_cat":[249],"product_tag":[751,742,679,799],"class_list":["post-3509","product","type-product","status-publish","has-post-thumbnail","hentry","product_cat-okulary-oprawki-i-szkla","product_tag-24-organic","product_tag-beyond-meat-warszawa","product_tag-dynia-hokkaido","product_tag-maslo-migdalowe"],"_links":{"self":[{"href":"https:\/\/wegeblw.pl\/index.php\/wp-json\/wp\/v2\/product\/3509","targetHints":{"allow":["GET"]}}],"collection":[{"href":"https:\/\/wegeblw.pl\/index.php\/wp-json\/wp\/v2\/product"}],"about":[{"href":"https:\/\/wegeblw.pl\/index.php\/wp-json\/wp\/v2\/types\/product"}],"replies":[{"embeddable":true,"href":"https:\/\/wegeblw.pl\/index.php\/wp-json\/wp\/v2\/comments?post=3509"}],"wp:featuredmedia":[{"embeddable":true,"href":"https:\/\/wegeblw.pl\/index.php\/wp-json\/wp\/v2\/media\/3510"}],"wp:attachment":[{"href":"https:\/\/wegeblw.pl\/index.php\/wp-json\/wp\/v2\/media?parent=3509"}],"wp:term":[{"taxonomy":"product_cat","embeddable":true,"href":"https:\/\/wegeblw.pl\/index.php\/wp-json\/wp\/v2\/product_cat?post=3509"},{"taxonomy":"product_tag","embeddable":true,"href":"https:\/\/wegeblw.pl\/index.php\/wp-json\/wp\/v2\/product_tag?post=3509"}],"curies":[{"name":"wp","href":"https:\/\/api.w.org\/{rel}","templated":true}]}}