{"id":3515,"date":"2023-02-08T23:06:09","date_gmt":"2023-02-08T22:06:09","guid":{"rendered":"https:\/\/wegeblw.pl\/?post_type=product&#038;p=3515"},"modified":"2026-04-08T03:45:38","modified_gmt":"2026-04-08T01:45:38","slug":"ray-ban-rx6375-2981","status":"publish","type":"product","link":"https:\/\/wegeblw.pl\/index.php\/produkt\/ray-ban-rx6375-2981\/","title":{"rendered":"Ray Ban RX6375 2981"},"content":{"rendered":"<p>\u041f\u043e\u0441\u0456\u0431\u043d\u0438\u043a \u0434\u043e\u043f\u043e\u043c\u043e\u0436\u0435 \u0434\u0438\u0442\u0438\u043d\u0456 \u0437\u0440\u043e\u0437\u0443\u043c\u0456\u0442\u0438 \u0439 \u043f\u043e\u043b\u044e\u0431\u0438\u0442\u0438 \u043c\u0430\u0442\u0435\u043c\u0430\u0442\u0438\u043a\u0443 \u0456 \u0432\u043e\u0434\u043d\u043e\u0447\u0430\u0441 \u0441\u0444\u043e\u0440\u043c\u0443\u0432\u0430\u0442\u0438 \u0439 \u0437\u0430\u043a\u0440\u0456\u043f\u0438\u0442\u0438 \u0432\u0430\u0436\u043b\u0438\u0432\u0456 \u043d\u0430\u0432\u0438\u0447\u043a\u0438, \u043d\u0435\u043e\u0431\u0445\u0456\u0434\u043d\u0456 \u0434\u043b\u044f \u043d\u0430\u0432\u0447\u0430\u043d\u043d\u044f \u0443 \u0448\u043a\u043e\u043b\u0456 \u0442\u0430 \u043f\u0435\u0440\u0435\u0431\u0443\u0432\u0430\u043d\u043d\u044f \u0432 \u0441\u043e\u0446\u0456\u0443\u043c\u0456.\u0417\u043e\u0448\u0438\u0442 \u0441\u043a\u0430\u043b\u0430\u0434\u0430\u0454\u0442\u044c\u0441\u044f \u0437:- \u0440\u043e\u0437\u0432\u0438\u0432\u0430\u043b\u044c\u043d\u0438\u0445 \u0437\u0430\u0432\u0434\u0430\u043d\u044c;- 30 \u043a\u0430\u0440\u0442\u043e\u043a \u0434\u043b\u044f \u0437\u0430\u043a\u0440\u0456\u043f\u043b\u0435\u043d\u043d\u044f \u043d\u0430\u0432\u0438\u0447\u043e\u043a \u043b\u0456\u0447\u0431\u0438;- \u0432\u043a\u043b\u0430\u0434\u043a\u0438-\u043f\u043b\u0430\u043a\u0430\u0442\u0430 \u0434\u043b\u044f \u0432\u0456\u0437\u0443\u0430\u043b\u044c\u043d\u043e\u0457 \u043f\u0456\u0434\u0442\u0440\u0438\u043c\u043a\u0438;- \u0456\u043d\u0441\u0442\u0440\u0443\u043a\u0446\u0456\u044f \u0437 \u043a\u043e\u0440\u0438\u0441\u0442\u0443\u0432\u0430\u043d\u043d\u044f \u0437\u043e\u0448\u0438\u0442\u043e\u043c;- \u0440\u0435\u043a\u043e\u043c\u0435\u043d\u0434\u0430\u0446\u0456\u0457 \u0437 \u043f\u0440\u0430\u0432\u0438\u043b\u044c\u043d\u043e\u0457 \u043e\u0440\u0433\u0430\u043d\u0437\u0430\u0446\u0456\u0457 \u043d\u0430\u0432\u0447\u0430\u043d\u043d\u044f \u0434\u0438\u0442\u0438\u043d\u0438. \u0420\u043e\u0431\u043e\u0442\u0430 \u0456\u0437 \u0437\u043e\u0448\u0438\u0442\u043e\u043c \u0456 \u043a\u0430\u0440\u0442\u043a\u0430\u043c\u0438 \u0441\u043f\u0440\u0438\u044f\u0442\u0438\u043c\u0435 \u0440\u043e\u0437\u0432\u0438\u0442\u043a\u0443 \u0443\u0432\u0430\u0433\u0438, \u0441\u043f\u043e\u0441\u0442\u0435\u0440\u0435\u0436\u043b\u0438\u0432\u043e\u0441\u0442\u0456, \u043f\u0430\u043c\u2019\u044f\u0442\u0456, \u043b\u043e\u0433\u0456\u0447\u043d\u043e\u0433\u043e \u043c\u0438\u0441\u043b\u0435\u043d\u043d\u044f, \u0437\u0434\u0430\u0442\u043d\u043e\u0441\u0442\u0456 \u0432\u0438\u043a\u043e\u0440\u0438\u0441\u0442\u043e\u0432\u0443\u0432\u0430\u0442\u0438 \u0432\u0456\u0437\u0443\u0430\u043b\u044c\u043d\u0456 \u043f\u0456\u0434\u043a\u0430\u0437\u043a\u0438 \u0442\u0430 \u043f\u043e\u043f\u0435\u0440\u0435\u0434\u043d\u0456\u0439 \u0434\u043e\u0441\u0432\u0456\u0434, \u0443\u0441\u0432\u0456\u0434\u043e\u043c\u043b\u0435\u043d\u043d\u044f \u0439 \u0434\u043e\u0442\u0440\u0438\u043c\u0430\u043d\u043d\u044f \u043f\u0440\u0430\u0432\u0438\u043b, \u043d\u0430\u043f\u043e\u043b\u0435\u0433\u043b\u0438\u0432\u0456\u0441\u0442\u044c \u0443 \u0434\u043e\u0441\u044f\u0433\u043d\u0435\u043d\u043d\u0456 \u043f\u043e\u0441\u0442\u0430\u0432\u043b\u0435\u043d\u043e\u0457 \u043c\u0435\u0442\u0438 \u0442\u0430 \u0456\u043d.\u0420\u043e\u0431\u043e\u0447\u0438\u0439 \u0437\u043e\u0448\u0438\u0442 \u043f\u0440\u0438\u0437\u043d\u0430\u0447\u0435\u043d\u0438\u0439 \u0434\u043b\u044f:- \u0437\u0430\u043a\u0440\u0456\u043f\u043b\u0435\u043d\u043d\u044f \u043d\u0430\u0432\u0438\u0447\u043e\u043a \u043d\u0430\u043f\u0438\u0441\u0430\u043d\u043d\u044f \u0446\u0438\u0444\u0440 \u0456 \u0437\u043d\u0430\u043a\u0456\u0432,- \u0443\u0434\u043e\u0441\u043a\u043e\u043d\u0430\u043b\u0435\u043d\u043d\u044f \u0443\u043c\u0456\u043d\u043d\u044f \u0440\u0430\u0445\u0443\u0432\u0430\u0442\u0438 \u0433\u0440\u0443\u043f\u0430\u043c\u0438,- \u043e\u0441\u0432\u043e\u0454\u043d\u043d\u044f \u043c\u0430\u0442\u0435\u043c\u0430\u0442\u0438\u0447\u043d\u043e\u0457 \u0434\u0456\u0457 \u0434\u043e\u0434\u0430\u0432\u0430\u043d\u043d\u044f.\u0414\u0456\u0442\u0438 \u043f\u043e\u0437\u043d\u0430\u0439\u043e\u043c\u043b\u044f\u0442\u044c\u0441\u044f \u0437 \u043f\u043e\u043d\u044f\u0442\u0442\u044f\u043c\u0438 \u00ab\u0441\u0443\u0441\u0456\u0434\u0438 \u0447\u0438\u0441\u043b\u0430\u00bb, \u00ab\u0447\u0438\u0441\u043b\u043e \u0434\u043e\u00bb, \u00ab\u0447\u0438\u0441\u043b\u043e \u043f\u0456\u0441\u043b\u044f\u00bb, \u0441\u043a\u043b\u0430\u0434 \u0447\u0438\u0441\u043b\u0430, \u043d\u0430 \u043d\u0430\u043e\u0447\u043d\u0438\u0445 \u043f\u0440\u0438\u043a\u043b\u0430\u0434\u0430\u0445 \u0437\u0440\u043e\u0437\u0443\u043c\u0456\u044e\u0442\u044c \u043f\u0435\u0440\u0435\u0441\u0442\u0430\u0432\u043d\u0438\u0439 \u0437\u0430\u043a\u043e\u043d \u0434\u043e\u0434\u0430\u0432\u0430\u043d\u043d\u044f.\u041f\u043e\u0441\u0456\u0431\u043d\u0438\u043a \u043c\u0456\u0441\u0442\u0438\u0442\u044c \u0434\u043e\u0434\u0430\u0442\u043a\u043e\u0432\u0456 4 \u0430\u0440\u043a\u0443\u0448\u0456-\u0432\u043a\u043b\u0430\u0434\u043a\u0438, \u0432\u0438\u0433\u043e\u0442\u043e\u0432\u043b\u0435\u043d\u0456 \u0456\u0437 \u0446\u0443\u043f\u043a\u043e\u0433\u043e \u043a\u0430\u0440\u0442\u043e\u043d\u0443. \u0412\u043a\u043b\u0430\u0434\u043a\u0430 \u2014 \u043f\u0430\u043c\u2019\u044f\u0442\u043a\u0430 \u00ab\u0427\u0438\u0441\u043b\u043e, \u0446\u0438\u0444\u0440\u0430, \u043a\u0456\u043b\u044c\u043a\u0456\u0441\u0442\u044c\u00bb \u0441\u0442\u0430\u043d\u0435 \u043d\u0430\u0434\u0456\u0439\u043d\u0438\u043c \u043f\u043e\u043c\u0456\u0447\u043d\u0438\u043a\u043e\u043c \u0434\u043b\u044f \u0434\u0438\u0442\u0438\u043d\u0438 \u043f\u0456\u0434 \u0447\u0430\u0441 \u0440\u043e\u0431\u043e\u0442\u0438 \u043d\u0430\u0434 \u0437\u043e\u0448\u0438\u0442\u043e\u043c. \u0410 \u0441\u043f\u0435\u0446\u0456\u0430\u043b\u044c\u043d\u0456 \u0440\u043e\u0437\u0440\u0456\u0437\u043d\u0456 \u043a\u0430\u0440\u0442\u043a\u0438 \u0434\u043e\u043f\u043e\u043c\u043e\u0436\u0443\u0442\u044c \u0434\u043e\u0434\u0430\u0442\u043a\u043e\u0432\u043e \u043f\u043e\u043f\u0440\u0430\u043a\u0442\u0438\u043a\u0443\u0432\u0430\u0442\u0438\u0441\u044f \u043f\u0456\u0441\u043b\u044f \u043f\u0438\u0441\u044c\u043c\u043e\u0432\u043e\u0433\u043e \u043e\u043f\u0440\u0430\u0446\u044e\u0432\u0430\u043d\u043d\u044f \u0442\u0435\u043c\u0438.\u0417\u0430\u0432\u0434\u0430\u043d\u043d\u044f \u0432 \u0437\u043e\u0448\u0438\u0442\u0456 \u0440\u043e\u0437\u043c\u0456\u0449\u0435\u043d\u043e \u0432 \u043f\u043e\u0440\u044f\u0434\u043a\u0443, \u044f\u043a\u0438\u0439 \u0454 \u0440\u0435\u0430\u043b\u0456\u0437\u0430\u0446\u0456\u0454\u044e \u0443\u0441\u043f\u0456\u0448\u043d\u043e\u0433\u043e \u043f\u0435\u0434\u0430\u0433\u043e\u0433\u0456\u0447\u043d\u043e\u0433\u043e \u0434\u043e\u0441\u0432\u0456\u0434\u0443 \u0430\u0432\u0442\u043e\u0440\u0430 \u0442\u0430 \u043e\u0431\u0491\u0440\u0443\u043d\u0442\u043e\u0432\u0430\u043d\u0438\u0439 \u043d\u043e\u0432\u0456\u0442\u043d\u0456\u043c\u0438 \u0434\u043e\u0441\u043b\u0456\u0434\u0436\u0435\u043d\u043d\u044f\u043c\u0438 \u0432 \u0433\u0430\u043b\u0443\u0437\u0456 \u043d\u0435\u0439\u0440\u043e\u043f\u0441\u0438\u0445\u043e\u043b\u043e\u0433\u0456\u0457<\/p>\n<p>Podr\u0119czniki szkolne<\/p>\n<p>\u017curawina bez cukru, na co jest dobry ocet jab\u0142kowy, naturalne \u015brodki do sprz\u0105tania, puder bez talku, keratyna do picia, reishi grzyb nie\u015bmiertelno\u015bci, syrop z mniszka z miodem, tortilla wraps, witamina k2 mk7 a leki przeciwzakrzepowe, batony proteinowe bez cukru, kora sosny nadmorskiej, sushi owocowe, jogurt pitny, olej rzepakowy 5l cena<\/p>\n<p>yyyyy<\/p>\n","protected":false},"excerpt":{"rendered":"<p>\u041f\u043e\u0441\u0456\u0431\u043d\u0438\u043a \u0434\u043e\u043f\u043e\u043c\u043e\u0436\u0435 \u0434\u0438\u0442\u0438\u043d\u0456 \u0437\u0440\u043e\u0437\u0443\u043c\u0456\u0442\u0438 \u0439 \u043f\u043e\u043b\u044e\u0431\u0438\u0442\u0438 \u043c\u0430\u0442\u0435\u043c\u0430\u0442\u0438\u043a\u0443 \u0456 \u0432\u043e\u0434\u043d\u043e\u0447\u0430\u0441 \u0441\u0444\u043e\u0440\u043c\u0443\u0432\u0430\u0442\u0438 \u0439 \u0437\u0430\u043a\u0440\u0456\u043f\u0438\u0442\u0438 \u0432\u0430\u0436\u043b\u0438\u0432\u0456 \u043d\u0430\u0432\u0438\u0447\u043a\u0438, \u043d\u0435\u043e\u0431\u0445\u0456\u0434\u043d\u0456 \u0434\u043b\u044f \u043d\u0430\u0432\u0447\u0430\u043d\u043d\u044f \u0443 \u0448\u043a\u043e\u043b\u0456 \u0442\u0430&hellip;<\/p>\n","protected":false},"featured_media":3516,"comment_status":"closed","ping_status":"open","template":"","meta":[],"product_cat":[249],"product_tag":[658,621,747,643,629,665],"class_list":["post-3515","product","type-product","status-publish","has-post-thumbnail","hentry","product_cat-okulary-oprawki-i-szkla","product_tag-beyond-meat-polska","product_tag-ekowital","product_tag-guma-guar-co-to","product_tag-jak-ugotowac-komose","product_tag-maka-z-ciecierzycy","product_tag-weganskie-mieso"],"_links":{"self":[{"href":"https:\/\/wegeblw.pl\/index.php\/wp-json\/wp\/v2\/product\/3515","targetHints":{"allow":["GET"]}}],"collection":[{"href":"https:\/\/wegeblw.pl\/index.php\/wp-json\/wp\/v2\/product"}],"about":[{"href":"https:\/\/wegeblw.pl\/index.php\/wp-json\/wp\/v2\/types\/product"}],"replies":[{"embeddable":true,"href":"https:\/\/wegeblw.pl\/index.php\/wp-json\/wp\/v2\/comments?post=3515"}],"wp:featuredmedia":[{"embeddable":true,"href":"https:\/\/wegeblw.pl\/index.php\/wp-json\/wp\/v2\/media\/3516"}],"wp:attachment":[{"href":"https:\/\/wegeblw.pl\/index.php\/wp-json\/wp\/v2\/media?parent=3515"}],"wp:term":[{"taxonomy":"product_cat","embeddable":true,"href":"https:\/\/wegeblw.pl\/index.php\/wp-json\/wp\/v2\/product_cat?post=3515"},{"taxonomy":"product_tag","embeddable":true,"href":"https:\/\/wegeblw.pl\/index.php\/wp-json\/wp\/v2\/product_tag?post=3515"}],"curies":[{"name":"wp","href":"https:\/\/api.w.org\/{rel}","templated":true}]}}