{"id":3519,"date":"2014-06-16T18:13:52","date_gmt":"2014-06-16T16:13:52","guid":{"rendered":"https:\/\/wegeblw.pl\/index.php\/produkt\/okulary-korekcyjne-dzieciece-ray-ban-ry-1601-3812-48-rozmiar-xs\/"},"modified":"2026-04-09T02:02:41","modified_gmt":"2026-04-09T00:02:41","slug":"okulary-korekcyjne-dzieciece-ray-ban-ry-1601-3812-48-rozmiar-xs","status":"publish","type":"product","link":"https:\/\/wegeblw.pl\/index.php\/produkt\/okulary-korekcyjne-dzieciece-ray-ban-ry-1601-3812-48-rozmiar-xs\/","title":{"rendered":"OKULARY KOREKCYJNE DZIECI\u0118CE RAY-BAN RY 1601 3812 48 ROZMIAR XS"},"content":{"rendered":"<p>Stan produktuNowy z metk\u0105KolekcjaTestKolor kopertyDwukolorowy\u015arednica koperty (od-do)46 &#8211; 50 mmSzeroko\u015b\u0107 paska26\u015arednica koperty (dok\u0142adnie)46 mmGrubo\u015b\u0107 koperty13 mmRodzaj kopertyStal nierdzewnaKolor tarczyCzarnyFunkcjeTarcza 24-godzinna,Chronograf,DataRodzajM\u0119skiSzkie\u0142koMineralneMechanizmKwarcowyKolor paskaCzarnyMateria\u0142 paskaTworzywo sztuczneWodoszczelno\u015b\u01075 ATMTyp mechanizmuKwarcowyWy\u015bwietlaczAnalogowyTyp kalendarzaDzie\u0144 miesi\u0105ca, dzie\u0144 tygodnia,Zapi\u0119cieKlamerka<\/p>\n<p>Zegarki<\/p>\n<p>arachidowe, wega\u0144ski ser \u017c\u00f3\u0142ty, matcha wroc\u0142aw, soft gel, mieszanka do wypieku chleba, syrop z li\u015bci laurowych i cytryny<\/p>\n<p><a href=\"https:\/\/www.blog.wsuniterra.pl\/index.php\/2021\/07\/27\/stanowczo-i-zyczliwie\/\">https:\/\/www.blog.wsuniterra.pl\/index.php\/2021\/07\/27\/stanowczo-i-zyczliwie\/<\/a><\/p>\n","protected":false},"excerpt":{"rendered":"<p>Stan produktuNowy z metk\u0105KolekcjaTestKolor kopertyDwukolorowy\u015arednica koperty (od-do)46 &#8211; 50 mmSzeroko\u015b\u0107 paska26\u015arednica koperty (dok\u0142adnie)46 mmGrubo\u015b\u0107 koperty13 mmRodzaj kopertyStal nierdzewnaKolor tarczyCzarnyFunkcjeTarcza 24-godzinna,Chronograf,DataRodzajM\u0119skiSzkie\u0142koMineralneMechanizmKwarcowyKolor&hellip;<\/p>\n","protected":false},"featured_media":3520,"comment_status":"closed","ping_status":"open","template":"","meta":[],"product_cat":[249],"product_tag":[635,744,620,752],"class_list":["post-3519","product","type-product","status-publish","has-post-thumbnail","hentry","product_cat-okulary-oprawki-i-szkla","product_tag-4-her","product_tag-haagen-dazs","product_tag-kielbasa-wiejska","product_tag-mleko-bez-laktozy"],"_links":{"self":[{"href":"https:\/\/wegeblw.pl\/index.php\/wp-json\/wp\/v2\/product\/3519","targetHints":{"allow":["GET"]}}],"collection":[{"href":"https:\/\/wegeblw.pl\/index.php\/wp-json\/wp\/v2\/product"}],"about":[{"href":"https:\/\/wegeblw.pl\/index.php\/wp-json\/wp\/v2\/types\/product"}],"replies":[{"embeddable":true,"href":"https:\/\/wegeblw.pl\/index.php\/wp-json\/wp\/v2\/comments?post=3519"}],"wp:featuredmedia":[{"embeddable":true,"href":"https:\/\/wegeblw.pl\/index.php\/wp-json\/wp\/v2\/media\/3520"}],"wp:attachment":[{"href":"https:\/\/wegeblw.pl\/index.php\/wp-json\/wp\/v2\/media?parent=3519"}],"wp:term":[{"taxonomy":"product_cat","embeddable":true,"href":"https:\/\/wegeblw.pl\/index.php\/wp-json\/wp\/v2\/product_cat?post=3519"},{"taxonomy":"product_tag","embeddable":true,"href":"https:\/\/wegeblw.pl\/index.php\/wp-json\/wp\/v2\/product_tag?post=3519"}],"curies":[{"name":"wp","href":"https:\/\/api.w.org\/{rel}","templated":true}]}}