{"id":3525,"date":"2024-05-25T20:49:59","date_gmt":"2024-05-25T18:49:59","guid":{"rendered":"https:\/\/wegeblw.pl\/?post_type=product&#038;p=3525"},"modified":"2026-05-11T21:02:37","modified_gmt":"2026-05-11T19:02:37","slug":"nike-aerobill-tailwind-cap-biala-bv2204-100","status":"publish","type":"product","link":"https:\/\/wegeblw.pl\/index.php\/produkt\/nike-aerobill-tailwind-cap-biala-bv2204-100\/","title":{"rendered":"Nike Aerobill Tailwind Cap Bia\u0142a Bv2204 100"},"content":{"rendered":"<p>\u015awietny smak owoc\u00f3w Aromatyzowana organiczna mieszanka herbat owocowych z naturalnym aromatem porzeczki, opracowana specjalnie dla dzieci, inspiruje wspania\u0142ym smakiem i naturaln\u0105 s\u0142odycz\u0105 natury. Organiczna herbata &#8222;Bibo Beere&#8221; smakuje r\u00f3wnie\u017c na zimno. B\u00f3br BIBO, stra\u017cnik wody, pokazuje, jak wa\u017cna jest ochrona przyrody i w zabawny spos\u00f3b przybli\u017ca j\u0105 dzieciom. Ma\u0142e zagadki w opakowaniu pokazuj\u0105, jak ekscytuj\u0105ca jest przyroda. To sprawia, \u017ce picie herbaty jest przyjemno\u015bci\u0105 r\u00f3wnie\u017c dla dzieci!<\/p>\n<p>Zio\u0142a i herbaty lecznicze<\/p>\n<p>kie\u0142ki kozieradki, estragon przyprawa, sanprobi super formula opinie, barc, herbata wi\u015bnie w rumie, herbata z rzodkiewk\u0105, s\u00f3l epsom 5 kg, p\u0142ask\u00f3rka, obiady liofilizowane, sol himalajska rozowa, kudzu dzia\u0142anie, w\u0142a\u015bciwo\u015bci czosnku nied\u017awiedziego, wega\u0144ski ser ple\u015bniowy, praca mi\u0119\u015bni szkieletowych jest niezale\u017cna od naszej woli, tulsi herbata, kasza z samopszy, m\u0105ka \u017cytnia do chleba, sklep ekologiczny gliwice, \u017cywokost z gojnikiem olej, mus migda\u0142owy<\/p>\n<p>yyyyy<\/p>\n","protected":false},"excerpt":{"rendered":"<p>\u015awietny smak owoc\u00f3w Aromatyzowana organiczna mieszanka herbat owocowych z naturalnym aromatem porzeczki, opracowana specjalnie dla dzieci, inspiruje wspania\u0142ym smakiem i&hellip;<\/p>\n","protected":false},"featured_media":3526,"comment_status":"closed","ping_status":"open","template":"","meta":[],"product_cat":[300],"product_tag":[858,830,789,792],"class_list":["post-3525","product","type-product","status-publish","has-post-thumbnail","hentry","product_cat-czapki-i-chusty-do-biegania","product_tag-majonez-vitapol","product_tag-organic-24","product_tag-pestki-granatu","product_tag-vigo"],"_links":{"self":[{"href":"https:\/\/wegeblw.pl\/index.php\/wp-json\/wp\/v2\/product\/3525","targetHints":{"allow":["GET"]}}],"collection":[{"href":"https:\/\/wegeblw.pl\/index.php\/wp-json\/wp\/v2\/product"}],"about":[{"href":"https:\/\/wegeblw.pl\/index.php\/wp-json\/wp\/v2\/types\/product"}],"replies":[{"embeddable":true,"href":"https:\/\/wegeblw.pl\/index.php\/wp-json\/wp\/v2\/comments?post=3525"}],"wp:featuredmedia":[{"embeddable":true,"href":"https:\/\/wegeblw.pl\/index.php\/wp-json\/wp\/v2\/media\/3526"}],"wp:attachment":[{"href":"https:\/\/wegeblw.pl\/index.php\/wp-json\/wp\/v2\/media?parent=3525"}],"wp:term":[{"taxonomy":"product_cat","embeddable":true,"href":"https:\/\/wegeblw.pl\/index.php\/wp-json\/wp\/v2\/product_cat?post=3525"},{"taxonomy":"product_tag","embeddable":true,"href":"https:\/\/wegeblw.pl\/index.php\/wp-json\/wp\/v2\/product_tag?post=3525"}],"curies":[{"name":"wp","href":"https:\/\/api.w.org\/{rel}","templated":true}]}}