{"id":353,"date":"2017-01-27T07:01:47","date_gmt":"2017-01-27T06:01:47","guid":{"rendered":"https:\/\/wegeblw.pl\/index.php\/produkt\/dermash-serum-kwasow-omega-15ml\/"},"modified":"2026-04-07T06:33:56","modified_gmt":"2026-04-07T04:33:56","slug":"dermash-serum-kwasow-omega-15ml","status":"publish","type":"product","link":"https:\/\/wegeblw.pl\/index.php\/produkt\/dermash-serum-kwasow-omega-15ml\/","title":{"rendered":"Dermash Serum Kwas\u00f3w Omega 15ml"},"content":{"rendered":"<p>Kocio\u0142 gazowy Vaillant ecoTEC intro to kocio\u0142 dwufunkcyjny do mieszka\u0144 z 3-4 mieszka\u0144cami, kt\u00f3rym wystarczy ogrzewanie i przygotowywanie ciep\u0142ej wody u\u017cytkowej na bie\u017c\u0105co bez osobnego zasobnika ciep\u0142ej wody u\u017cytkowej.\u00a0                            <\/p>\n<p>Vaillant Ecotec Intro Vcw 18\/24 As\/1-1\u00a0 (10026095)G\u0142\u00f3wne zalety: Zastosowanie do ogrzewania grzejnikowego i pod\u0142ogowego w mieszkaniach Niskie koszty instalacji Mo\u017cliwa praca z otwart\u0105 komor\u0105 spalania lub z zamkni\u0119t\u0105 komor\u0105 spalania z certyfikowanym uk\u0142adem odprowadzania spalin Niezawodna technologia Trwa\u0142o\u015b\u0107 i niezawodno\u015b\u0107 Cechy szczeg\u00f3lne:Moc cieplna 24 kW w trybie ciep\u0142ej wody u\u017cytkowejMoc cieplna 18 kW w trybie ogrzewaniaWymiary urz\u0105dzenia: 626 \/ 400 \/ 270 mm, masa ok. 25,6 kgNowe rozmieszczenie kr\u00f3\u0107c\u00f3w przy\u0142\u0105czeniowychMo\u017cliwo\u015b\u0107 zasilania gazem E (G20), Lw (G27) albo gazem p\u0142ynnym 3P (G31 propan)\u00a0Maksymalna temperatura na zasilaniu w trybie ogrzewania: 75\u00b0CMaksymalna temperatura ciep\u0142ej wody u\u017cytkowej: 55\u00b0C\u00a0Przeponowe naczynie wzbiorcze o obj\u0119to\u015bci 8 litr\u00f3w 2-gwiazdkowy komfort ciep\u0142ej wody u\u017cytkowej\u00a0Wymiennik ciep\u0142a ze stali szlachetnej<\/p>\n<p>Kot\u0142y<\/p>\n<p>strona sok z buraka, maccheroni, bio market wroc\u0142aw, p\u0142atki dro\u017cd\u017cowe cena, humus co to jest, ser gouda sk\u0142ad, cena kakao, 4 szpaki bia\u0142ystok, ostropest plamisty ro\u015blina, narine kapsu\u0142ki, 120 g, maczu\u017cnik chi\u0144ski, ziarna ekspandowane, krople ark, dmso a uk\u0142ad nerwowy, sza\u0142wia jak d\u0142ugo mo\u017cna stosowa\u0107, ry\u017c ja\u015bminowy indeks glikemiczny, m\u0105ka cena<\/p>\n<p>yyyyy<\/p>\n","protected":false},"excerpt":{"rendered":"<p>Kocio\u0142 gazowy Vaillant ecoTEC intro to kocio\u0142 dwufunkcyjny do mieszka\u0144 z 3-4 mieszka\u0144cami, kt\u00f3rym wystarczy ogrzewanie i przygotowywanie ciep\u0142ej wody&hellip;<\/p>\n","protected":false},"featured_media":354,"comment_status":"closed","ping_status":"open","template":"","meta":[],"product_cat":[60],"product_tag":[635,787,769,626],"class_list":["post-353","product","type-product","status-publish","has-post-thumbnail","hentry","product_cat-serum-do-twarzy","product_tag-4-her","product_tag-beyond-meet","product_tag-mieso-mielone-wege","product_tag-ogorki"],"_links":{"self":[{"href":"https:\/\/wegeblw.pl\/index.php\/wp-json\/wp\/v2\/product\/353","targetHints":{"allow":["GET"]}}],"collection":[{"href":"https:\/\/wegeblw.pl\/index.php\/wp-json\/wp\/v2\/product"}],"about":[{"href":"https:\/\/wegeblw.pl\/index.php\/wp-json\/wp\/v2\/types\/product"}],"replies":[{"embeddable":true,"href":"https:\/\/wegeblw.pl\/index.php\/wp-json\/wp\/v2\/comments?post=353"}],"wp:featuredmedia":[{"embeddable":true,"href":"https:\/\/wegeblw.pl\/index.php\/wp-json\/wp\/v2\/media\/354"}],"wp:attachment":[{"href":"https:\/\/wegeblw.pl\/index.php\/wp-json\/wp\/v2\/media?parent=353"}],"wp:term":[{"taxonomy":"product_cat","embeddable":true,"href":"https:\/\/wegeblw.pl\/index.php\/wp-json\/wp\/v2\/product_cat?post=353"},{"taxonomy":"product_tag","embeddable":true,"href":"https:\/\/wegeblw.pl\/index.php\/wp-json\/wp\/v2\/product_tag?post=353"}],"curies":[{"name":"wp","href":"https:\/\/api.w.org\/{rel}","templated":true}]}}