{"id":3533,"date":"2018-07-21T00:27:59","date_gmt":"2018-07-20T22:27:59","guid":{"rendered":"https:\/\/wegeblw.pl\/index.php\/produkt\/mini-wywrotka-wozidlo-zi-rd300-zipper\/"},"modified":"2026-04-08T22:58:35","modified_gmt":"2026-04-08T20:58:35","slug":"mini-wywrotka-wozidlo-zi-rd300-zipper","status":"publish","type":"product","link":"https:\/\/wegeblw.pl\/index.php\/produkt\/mini-wywrotka-wozidlo-zi-rd300-zipper\/","title":{"rendered":"Mini wywrotka wozid\u0142o ZI-RD300 ZIPPER"},"content":{"rendered":"<p>WYSOCE WYDAJNYSuper skoncentrowany szampon do mycia samochod\u00f3w. Bardzo wydajny! Jedno opakowanie wystarcza na umycie ponad 50 aut osobowych.SKUTECZNIE USUWA ZABRUDZENIANiezwykle szybko i skutecznie usuwa wszelkie zabrudzenia. Neturalne PH sprawia ,\u017ce jest bezpieczny dla wosk\u00f3w. Nadaje si\u0119 do wszystkich typ\u00f3w lakier\u00f3w, tak\u017ce metalizowanych i przezroczystych. Mo\u017ce by\u0107 mieszany z wod\u0105 wodoci\u0105gow\u0105.OBFITA PIANASzampon samochodowy posiada doskona\u0142e w\u0142a\u015bciwo\u015bci pieni\u0105ce, dzi\u0119ki czemu nie ma ryzyka zarysowania lakieru przez drobiny piasku i brudu.UWAGA: Nie dopu\u015bci\u0107 do wyschni\u0119cia produktu na karoserii. Mycie zaleca si\u0119 przeprowadza\u0107 w cieniu. Bezpieczny dla \u015brodowiska naturalnego &#8211; ulega biodegradacji.SPOS\u00d3B U\u017bYCIA:1. Je\u017celi to mo\u017cliwe sp\u0142uka\u0107 wi\u0119kszy brud strumieniem bie\u017c\u0105cej wody.2. Wla\u0107 1-3 nakr\u0119tki szamponu samochodowego na wiadro wody i wymiesza\u0107.3. Spryska\u0107 wod\u0105 ca\u0142e auto, zaczynaj\u0105c od dachu, a na ko\u0142ach ko\u0144cz\u0105c.4. My\u0107 przy pomocy g\u0105bki lub szczotki.5. Sp\u0142uka\u0107 czyst\u0105 wod\u0105 i pozostawi\u0107 do wyschni\u0119cia.<\/p>\n<p>Szampony samochodowe<\/p>\n<p>biszkopty bez cukru biedronka, czy chalwa jest zdrowa, sok ze \u015bwie\u017cych og\u00f3rk\u00f3w, schar mix b, chleb \u015bwi\u0119toja\u0144ski, burgery warzywne, bia\u0142y mak cena, dieta ketogeniczna przepisy dla pocz\u0105tkuj\u0105cych, silver spoon, b\u00f3b mro\u017cony opinie, syrop z pedow sosny, kardamon mak\u00f3w, ashwagandha na co pomaga, ser labneh, \u017ceberka w sosie bbq<\/p>\n<p><a href=\"https:\/\/aft.pl\/grupy-produktowe\/zasuwy\">zasuwa kana\u0142owa<\/a><\/p>\n","protected":false},"excerpt":{"rendered":"<p>WYSOCE WYDAJNYSuper skoncentrowany szampon do mycia samochod\u00f3w. Bardzo wydajny! Jedno opakowanie wystarcza na umycie ponad 50 aut osobowych.SKUTECZNIE USUWA ZABRUDZENIANiezwykle&hellip;<\/p>\n","protected":false},"featured_media":3534,"comment_status":"closed","ping_status":"open","template":"","meta":[],"product_cat":[302],"product_tag":[673,629,817,665],"class_list":["post-3533","product","type-product","status-publish","has-post-thumbnail","hentry","product_cat-wozidla","product_tag-bomba","product_tag-maka-z-ciecierzycy","product_tag-niepasteryzowane-mleko","product_tag-weganskie-mieso"],"_links":{"self":[{"href":"https:\/\/wegeblw.pl\/index.php\/wp-json\/wp\/v2\/product\/3533","targetHints":{"allow":["GET"]}}],"collection":[{"href":"https:\/\/wegeblw.pl\/index.php\/wp-json\/wp\/v2\/product"}],"about":[{"href":"https:\/\/wegeblw.pl\/index.php\/wp-json\/wp\/v2\/types\/product"}],"replies":[{"embeddable":true,"href":"https:\/\/wegeblw.pl\/index.php\/wp-json\/wp\/v2\/comments?post=3533"}],"wp:featuredmedia":[{"embeddable":true,"href":"https:\/\/wegeblw.pl\/index.php\/wp-json\/wp\/v2\/media\/3534"}],"wp:attachment":[{"href":"https:\/\/wegeblw.pl\/index.php\/wp-json\/wp\/v2\/media?parent=3533"}],"wp:term":[{"taxonomy":"product_cat","embeddable":true,"href":"https:\/\/wegeblw.pl\/index.php\/wp-json\/wp\/v2\/product_cat?post=3533"},{"taxonomy":"product_tag","embeddable":true,"href":"https:\/\/wegeblw.pl\/index.php\/wp-json\/wp\/v2\/product_tag?post=3533"}],"curies":[{"name":"wp","href":"https:\/\/api.w.org\/{rel}","templated":true}]}}