{"id":355,"date":"2013-09-18T02:40:50","date_gmt":"2013-09-18T00:40:50","guid":{"rendered":"https:\/\/wegeblw.pl\/index.php\/produkt\/dermash-anticellulite-skoncentrowane-serum-przeciw-cellulitowi-30ml\/"},"modified":"2026-04-07T13:09:53","modified_gmt":"2026-04-07T11:09:53","slug":"dermash-anticellulite-skoncentrowane-serum-przeciw-cellulitowi-30ml","status":"publish","type":"product","link":"https:\/\/wegeblw.pl\/index.php\/produkt\/dermash-anticellulite-skoncentrowane-serum-przeciw-cellulitowi-30ml\/","title":{"rendered":"Dermash Anticellulite Skoncentrowane serum przeciw cellulitowi 30ml"},"content":{"rendered":"<p>Na spokojny wiecz\u00f3rmieszanka zio\u0142owa z dodatkamiSk\u0142adniki:jab\u0142ko,melisa,dziurawiec zwyczajny,malina li\u015b\u0107,korze\u0144 lukrecji,aromat,malina grys,malwa niebieska.Dziurawiec \u0142agodzi objawy depresji i dzia\u0142a uspokajaj\u0105co. Reguluje r\u00f3wnie\u017c poziom serotoniny, co jest odczuwalnej jako poprawa samopoczucia. Melisa \u0142agodzi b\u00f3le g\u0142owy i dzia\u0142a rozkurczowo na \u017co\u0142\u0105dek i jelita.<\/p>\n<p>Zio\u0142a i herbaty lecznicze<\/p>\n<p>sea band, ramen miso przepis, jak leczyc przeziebienie, kostki sojowe, przecena, pierzga mi\u00f3d, cieciorka cena, slimak bobo, m\u0105ka z kaszy jaglanej, sliwki wlasciwosci lecznicze, aksamitna sk\u00f3ra, intymna sklep, bobowina, usuni\u0119cie wody z organizmu, najdro\u017csze przyprawy \u015bwiata, krem truflowy, skrzyp polny na w\u0142osy jak zrobi\u0107, najzdrowsze p\u0142atki<\/p>\n<p>yyyyy<\/p>\n","protected":false},"excerpt":{"rendered":"<p>Na spokojny wiecz\u00f3rmieszanka zio\u0142owa z dodatkamiSk\u0142adniki:jab\u0142ko,melisa,dziurawiec zwyczajny,malina li\u015b\u0107,korze\u0144 lukrecji,aromat,malina grys,malwa niebieska.Dziurawiec \u0142agodzi objawy depresji i dzia\u0142a uspokajaj\u0105co. Reguluje r\u00f3wnie\u017c poziom&hellip;<\/p>\n","protected":false},"featured_media":356,"comment_status":"closed","ping_status":"open","template":"","meta":[],"product_cat":[61],"product_tag":[742,805,847,647,759,699],"class_list":["post-355","product","type-product","status-publish","has-post-thumbnail","hentry","product_cat-wyszczuplanie-i-ujedrnianie","product_tag-beyond-meat-warszawa","product_tag-czy-makaron-sojowy-jest-zdrowy","product_tag-czym-zastapic-nabial","product_tag-kurczak-bio","product_tag-kurkuma","product_tag-sok-z-cytryn"],"_links":{"self":[{"href":"https:\/\/wegeblw.pl\/index.php\/wp-json\/wp\/v2\/product\/355","targetHints":{"allow":["GET"]}}],"collection":[{"href":"https:\/\/wegeblw.pl\/index.php\/wp-json\/wp\/v2\/product"}],"about":[{"href":"https:\/\/wegeblw.pl\/index.php\/wp-json\/wp\/v2\/types\/product"}],"replies":[{"embeddable":true,"href":"https:\/\/wegeblw.pl\/index.php\/wp-json\/wp\/v2\/comments?post=355"}],"wp:featuredmedia":[{"embeddable":true,"href":"https:\/\/wegeblw.pl\/index.php\/wp-json\/wp\/v2\/media\/356"}],"wp:attachment":[{"href":"https:\/\/wegeblw.pl\/index.php\/wp-json\/wp\/v2\/media?parent=355"}],"wp:term":[{"taxonomy":"product_cat","embeddable":true,"href":"https:\/\/wegeblw.pl\/index.php\/wp-json\/wp\/v2\/product_cat?post=355"},{"taxonomy":"product_tag","embeddable":true,"href":"https:\/\/wegeblw.pl\/index.php\/wp-json\/wp\/v2\/product_tag?post=355"}],"curies":[{"name":"wp","href":"https:\/\/api.w.org\/{rel}","templated":true}]}}