{"id":3567,"date":"2023-10-25T20:42:29","date_gmt":"2023-10-25T18:42:29","guid":{"rendered":"https:\/\/wegeblw.pl\/?post_type=product&#038;p=3567"},"modified":"2026-04-10T07:34:00","modified_gmt":"2026-04-10T05:34:00","slug":"beorganic-sen-bio-450-mg-x-100tabl","status":"publish","type":"product","link":"https:\/\/wegeblw.pl\/index.php\/produkt\/beorganic-sen-bio-450-mg-x-100tabl\/","title":{"rendered":"Beorganic Sen BIO 450 mg x 100tabl."},"content":{"rendered":"<p>Mega Food Immune Defense Shelf-Stable Probiotics 15 szczep\u00f3w probiotycznych suplement diety 30 tabletek to zestaw 15 unikalnych szczep\u00f3w bakterii odpornych na soki trawienne w ilo\u015bci 20mld jtk \u017cywych bakterii.<\/p>\n<p>Uk\u0142ad pokarmowy i trawienie<\/p>\n<p>jodowanie soli, zupa \u015bwi\u0119conka, tempeh co to, witamina b12 najlepiej przyswajalna, gulaszowe wieprzowe, antyrak nowy styl \u017cycia, bezmleczne, p\u0142atki dro\u017cd\u017cowe w\u0142a\u015bciwo\u015bci<\/p>\n<p>yyyyy<\/p>\n","protected":false},"excerpt":{"rendered":"<p>Mega Food Immune Defense Shelf-Stable Probiotics 15 szczep\u00f3w probiotycznych suplement diety 30 tabletek to zestaw 15 unikalnych szczep\u00f3w bakterii odpornych&hellip;<\/p>\n","protected":false},"featured_media":3568,"comment_status":"closed","ping_status":"open","template":"","meta":[],"product_cat":[18],"product_tag":[742,645,873,757,707],"class_list":["post-3567","product","type-product","status-publish","has-post-thumbnail","hentry","product_cat-mineraly-i-witaminy","product_tag-beyond-meat-warszawa","product_tag-fioletowe-bataty","product_tag-jak-przygotowac-komose-ryzowa","product_tag-roslinny-qurczak","product_tag-wege-mieso"],"_links":{"self":[{"href":"https:\/\/wegeblw.pl\/index.php\/wp-json\/wp\/v2\/product\/3567","targetHints":{"allow":["GET"]}}],"collection":[{"href":"https:\/\/wegeblw.pl\/index.php\/wp-json\/wp\/v2\/product"}],"about":[{"href":"https:\/\/wegeblw.pl\/index.php\/wp-json\/wp\/v2\/types\/product"}],"replies":[{"embeddable":true,"href":"https:\/\/wegeblw.pl\/index.php\/wp-json\/wp\/v2\/comments?post=3567"}],"wp:featuredmedia":[{"embeddable":true,"href":"https:\/\/wegeblw.pl\/index.php\/wp-json\/wp\/v2\/media\/3568"}],"wp:attachment":[{"href":"https:\/\/wegeblw.pl\/index.php\/wp-json\/wp\/v2\/media?parent=3567"}],"wp:term":[{"taxonomy":"product_cat","embeddable":true,"href":"https:\/\/wegeblw.pl\/index.php\/wp-json\/wp\/v2\/product_cat?post=3567"},{"taxonomy":"product_tag","embeddable":true,"href":"https:\/\/wegeblw.pl\/index.php\/wp-json\/wp\/v2\/product_tag?post=3567"}],"curies":[{"name":"wp","href":"https:\/\/api.w.org\/{rel}","templated":true}]}}