{"id":3585,"date":"2014-09-27T09:16:38","date_gmt":"2014-09-27T07:16:38","guid":{"rendered":"https:\/\/wegeblw.pl\/index.php\/produkt\/versus-versace-moscova-vsphh3121\/"},"modified":"2026-04-09T13:42:51","modified_gmt":"2026-04-09T11:42:51","slug":"versus-versace-moscova-vsphh3121","status":"publish","type":"product","link":"https:\/\/wegeblw.pl\/index.php\/produkt\/versus-versace-moscova-vsphh3121\/","title":{"rendered":"Versus Versace Moscova VSPHH3121"},"content":{"rendered":"<p>Uriage Bari\u00e9sun Cream SPF 30 krem ochronny do twarzy i cia\u0142a SPF 30 50 ml. Uriage Bari\u00e9sun Cream SPF 30 najlepsza cena. Uriage kup teraz.<\/p>\n<p>Dermokosmetyki<\/p>\n<p>jawa woda, tortilla, co najlepiej na kaca, aromat do kawy, ry\u017c ja\u015bminowy warto\u015bci od\u017cywcze, logo bio, czy nerkowce s\u0105 zdrowe, m\u0105ka semolina lidl, kiwi cena, syrop z mleczu jak si\u0119 robi<\/p>\n<p><a href=\"https:\/\/ktclinic.pl\/zabiegi\/lipoliza-iniekcyjna\/\">lipoliza iniekcyjna bydgoszcz<\/a><\/p>\n","protected":false},"excerpt":{"rendered":"<p>Uriage Bari\u00e9sun Cream SPF 30 krem ochronny do twarzy i cia\u0142a SPF 30 50 ml. Uriage Bari\u00e9sun Cream SPF 30&hellip;<\/p>\n","protected":false},"featured_media":3586,"comment_status":"closed","ping_status":"open","template":"","meta":[],"product_cat":[254],"product_tag":[735,733,707],"class_list":["post-3585","product","type-product","status-publish","has-post-thumbnail","hentry","product_cat-zegarki","product_tag-na-dobranoc","product_tag-organicmarket","product_tag-wege-mieso"],"_links":{"self":[{"href":"https:\/\/wegeblw.pl\/index.php\/wp-json\/wp\/v2\/product\/3585","targetHints":{"allow":["GET"]}}],"collection":[{"href":"https:\/\/wegeblw.pl\/index.php\/wp-json\/wp\/v2\/product"}],"about":[{"href":"https:\/\/wegeblw.pl\/index.php\/wp-json\/wp\/v2\/types\/product"}],"replies":[{"embeddable":true,"href":"https:\/\/wegeblw.pl\/index.php\/wp-json\/wp\/v2\/comments?post=3585"}],"wp:featuredmedia":[{"embeddable":true,"href":"https:\/\/wegeblw.pl\/index.php\/wp-json\/wp\/v2\/media\/3586"}],"wp:attachment":[{"href":"https:\/\/wegeblw.pl\/index.php\/wp-json\/wp\/v2\/media?parent=3585"}],"wp:term":[{"taxonomy":"product_cat","embeddable":true,"href":"https:\/\/wegeblw.pl\/index.php\/wp-json\/wp\/v2\/product_cat?post=3585"},{"taxonomy":"product_tag","embeddable":true,"href":"https:\/\/wegeblw.pl\/index.php\/wp-json\/wp\/v2\/product_tag?post=3585"}],"curies":[{"name":"wp","href":"https:\/\/api.w.org\/{rel}","templated":true}]}}