{"id":3601,"date":"2024-12-21T12:49:43","date_gmt":"2024-12-21T11:49:43","guid":{"rendered":"https:\/\/wegeblw.pl\/?post_type=product&#038;p=3601"},"modified":"2026-04-08T09:30:00","modified_gmt":"2026-04-08T07:30:00","slug":"versace-versus-luksusowe-damskie-szpilki-65","status":"publish","type":"product","link":"https:\/\/wegeblw.pl\/index.php\/produkt\/versace-versus-luksusowe-damskie-szpilki-65\/","title":{"rendered":"VERSACE VERSUS luksusowe damskie szpilki -65%%%"},"content":{"rendered":"<p>Oprawy okularowe Burberry<\/p>\n<p>Okulary oprawki i szk\u0142a<\/p>\n<p>dukan dieta pl, kasza owsiana bezglutenowa, pszenica na kuti\u0119 biedronka, awokado a cukrzyca, ciasteczka z samych orzech\u00f3w, spirulina pl, herbata z kopru w\u0142oskiego w\u0142a\u015bciwo\u015bci, mieszka\u0144cy ameryki po\u0142udniowej, produkty pszeniczne, morele rzesz\u00f3w<\/p>\n<p>yyyyy<\/p>\n","protected":false},"excerpt":{"rendered":"<p>Oprawy okularowe Burberry Okulary oprawki i szk\u0142a dukan dieta pl, kasza owsiana bezglutenowa, pszenica na kuti\u0119 biedronka, awokado a cukrzyca,&hellip;<\/p>\n","protected":false},"featured_media":3602,"comment_status":"closed","ping_status":"open","template":"","meta":[],"product_cat":[309],"product_tag":[804,707],"class_list":["post-3601","product","type-product","status-publish","has-post-thumbnail","hentry","product_cat-czolenka","product_tag-quinoa-jak-gotowac","product_tag-wege-mieso"],"_links":{"self":[{"href":"https:\/\/wegeblw.pl\/index.php\/wp-json\/wp\/v2\/product\/3601","targetHints":{"allow":["GET"]}}],"collection":[{"href":"https:\/\/wegeblw.pl\/index.php\/wp-json\/wp\/v2\/product"}],"about":[{"href":"https:\/\/wegeblw.pl\/index.php\/wp-json\/wp\/v2\/types\/product"}],"replies":[{"embeddable":true,"href":"https:\/\/wegeblw.pl\/index.php\/wp-json\/wp\/v2\/comments?post=3601"}],"wp:featuredmedia":[{"embeddable":true,"href":"https:\/\/wegeblw.pl\/index.php\/wp-json\/wp\/v2\/media\/3602"}],"wp:attachment":[{"href":"https:\/\/wegeblw.pl\/index.php\/wp-json\/wp\/v2\/media?parent=3601"}],"wp:term":[{"taxonomy":"product_cat","embeddable":true,"href":"https:\/\/wegeblw.pl\/index.php\/wp-json\/wp\/v2\/product_cat?post=3601"},{"taxonomy":"product_tag","embeddable":true,"href":"https:\/\/wegeblw.pl\/index.php\/wp-json\/wp\/v2\/product_tag?post=3601"}],"curies":[{"name":"wp","href":"https:\/\/api.w.org\/{rel}","templated":true}]}}