{"id":3619,"date":"2014-12-04T22:07:19","date_gmt":"2014-12-04T21:07:19","guid":{"rendered":"https:\/\/wegeblw.pl\/index.php\/produkt\/versace-ve-1279-1002-76578394\/"},"modified":"2026-04-07T04:46:00","modified_gmt":"2026-04-07T02:46:00","slug":"versace-ve-1279-1002-76578394","status":"publish","type":"product","link":"https:\/\/wegeblw.pl\/index.php\/produkt\/versace-ve-1279-1002-76578394\/","title":{"rendered":"Versace VE 1279 1002 (76578394)"},"content":{"rendered":"<p>Rywalizacja braci. Rodzinne tajemnice. Zbrodnia?Will, Brian i Luke to bracia. Nienawidz\u0105 si\u0119. Rywalizuj\u0105 ze sob\u0105 od zawsze. Mo\u017ce to wina matki, kt\u00f3ra nie potrafi\u0142a obdarzy\u0107 ich mi\u0142o\u015bci\u0105 sprawiedliwie? A mo\u017ce po prostu ich charakter\u00f3w? W ko\u0144cu wszyscy s\u0105 ju\u017c doro\u015bli i sami odpowiadaj\u0105 za w\u0142asne czyny. Wszyscy? No nie. Ju\u017c nie. Jeden z braci jest martwy. Le\u017cy przed nimi w trumnie. Ale kt\u00f3ry to z nich? I kto go zabi\u0142?Nowy thriller autorki \u015bwiatowych bestseller\u00f3w!<\/p>\n<p>Literatura sensacyjna i grozy<\/p>\n<p>karobu, platki.owsiane, kasztanowa 1, sok ze \u015bwie\u017cej pokrzywy, nalesniki proteinowe, mas\u0142a shea, maciag<\/p>\n<p>yyyyy<\/p>\n","protected":false},"excerpt":{"rendered":"<p>Rywalizacja braci. Rodzinne tajemnice. Zbrodnia?Will, Brian i Luke to bracia. Nienawidz\u0105 si\u0119. Rywalizuj\u0105 ze sob\u0105 od zawsze. Mo\u017ce to wina&hellip;<\/p>\n","protected":false},"featured_media":3620,"comment_status":"closed","ping_status":"open","template":"","meta":[],"product_cat":[249],"product_tag":[633,849,717],"class_list":["post-3619","product","type-product","status-publish","has-post-thumbnail","hentry","product_cat-okulary-oprawki-i-szkla","product_tag-maka-migdalowa","product_tag-mogli","product_tag-odzywka-onlybio"],"_links":{"self":[{"href":"https:\/\/wegeblw.pl\/index.php\/wp-json\/wp\/v2\/product\/3619","targetHints":{"allow":["GET"]}}],"collection":[{"href":"https:\/\/wegeblw.pl\/index.php\/wp-json\/wp\/v2\/product"}],"about":[{"href":"https:\/\/wegeblw.pl\/index.php\/wp-json\/wp\/v2\/types\/product"}],"replies":[{"embeddable":true,"href":"https:\/\/wegeblw.pl\/index.php\/wp-json\/wp\/v2\/comments?post=3619"}],"wp:featuredmedia":[{"embeddable":true,"href":"https:\/\/wegeblw.pl\/index.php\/wp-json\/wp\/v2\/media\/3620"}],"wp:attachment":[{"href":"https:\/\/wegeblw.pl\/index.php\/wp-json\/wp\/v2\/media?parent=3619"}],"wp:term":[{"taxonomy":"product_cat","embeddable":true,"href":"https:\/\/wegeblw.pl\/index.php\/wp-json\/wp\/v2\/product_cat?post=3619"},{"taxonomy":"product_tag","embeddable":true,"href":"https:\/\/wegeblw.pl\/index.php\/wp-json\/wp\/v2\/product_tag?post=3619"}],"curies":[{"name":"wp","href":"https:\/\/api.w.org\/{rel}","templated":true}]}}