{"id":3631,"date":"2017-05-02T22:02:38","date_gmt":"2017-05-02T20:02:38","guid":{"rendered":"https:\/\/wegeblw.pl\/index.php\/produkt\/versace-3192b-gb1-54\/"},"modified":"2026-04-07T03:12:18","modified_gmt":"2026-04-07T01:12:18","slug":"versace-3192b-gb1-54","status":"publish","type":"product","link":"https:\/\/wegeblw.pl\/index.php\/produkt\/versace-3192b-gb1-54\/","title":{"rendered":"Versace 3192b Gb1 (54)"},"content":{"rendered":"<p>Marc Jacobs  Ameryka\u0144ski projektant Marc Jacobs przemieni\u0142 swoje imi\u0119 w \u015bwiatow\u0105 ikon\u0119 poprzez zastrzyk ekscentryczno\u015bci w luksusowy, ustanawiaj\u0105cy trendy styl \u017cycia. Jacobs to najm\u0142odszy projektant, kt\u00f3ry kiedykolwiek otrzyma\u0142 presti\u017cow\u0105 nagrod\u0119 CDF Award, Oscara bran\u017cy modowej. Nakierowany na kobiety, kt\u00f3re chc\u0105 zadeklarowa\u0107 w\u0142asn\u0105 osobowo\u015b\u0107, okulary Marc Jacobs charakteryzuje nieskazitelna koncentracja na szczeg\u00f3\u0142ach, a tak\u017ce kszta\u0142ty retro. Dla kogo? Okulary przeciws\u0142oneczne Marc Jacobs MARC587\/S 807\/9O s\u0105 cz\u0119\u015bci\u0105 najnowszej kolekcji marki Marc Jacobs, kt\u00f3ra zosta\u0142a starannie przygotowana dla m\u0119\u017cczyzn. Elegancki model z pe\u0142nymi oprawkami odzwierciedla najnowsze trendy w\u015br\u00f3d okular\u00f3w wsp\u00f3\u0142czesnych projektant\u00f3w, a jego specjalny kszta\u0142t sprawia, \u017ce Marc Jacobs MARC587\/S stanowi idealny wyb\u00f3r szczeg\u00f3lnie dla okr\u0105g\u0142ej, owalnej, kwadratowej lub w kszta\u0142cie serca twarzy. Materia\u0142y Materia\u0142 u\u017cyty do wytworzenia oprawek to wysokiej jako\u015bci wstrzykiwany octan celulozy. W por\u00f3wnaniu do tworzywa sztucznego, octan celulozy jest l\u017cejszy, bardziej elastyczny i 100% hipoalergiczny. Soczewki zaprojektowano tak, aby blokowa\u0142y 100% szkodliwego promieniowania UV. Darmowa dostawa Kup okulary Marc Jacobs MARC587\/S 807\/9O na eyerim ju\u017c teraz i skorzystaj z bezp\u0142atnej dostawy w oryginalnym opakowaniu ochronnym bezpo\u015brednio pod Twoje drzwi.<\/p>\n<p>Okulary przeciws\u0142oneczne damskie<\/p>\n<p>co zamiast papieru do pieczenia, czy cukrzyk mo\u017ce je\u015b\u0107 go\u0142\u0105bki, mi\u00f3d gryczany w\u0142a\u015bciwo\u015bci zdrowotne, m\u0105czka z bulw manioku, kurkuma w\u0142a\u015bciwo\u015bci lecznicze, kmin, kolendra mielona, kisiel bezglutenowy, czy mo\u017cna sma\u017cy\u0107 nale\u015bniki na oliwie z oliwek, ekologis, \u017cywno\u015b\u0107 ekologiczna, ceny gryki, bia\u0142ko grochu, sok z czarnej porzeczki 100, sklep ze zdrow\u0105 \u017cywno\u015bci\u0105 online, dro\u017cd\u017ce suche, sklep z produktami z maroka, matcha zamiast kawy, sklepy ze zdrowa zywnoscia, czy ryby z puszki s\u0105 zdrowe, mleko kokosowe czy zdrowe<\/p>\n<p>yyyyy<\/p>\n","protected":false},"excerpt":{"rendered":"<p>Marc Jacobs Ameryka\u0144ski projektant Marc Jacobs przemieni\u0142 swoje imi\u0119 w \u015bwiatow\u0105 ikon\u0119 poprzez zastrzyk ekscentryczno\u015bci w luksusowy, ustanawiaj\u0105cy trendy styl&hellip;<\/p>\n","protected":false},"featured_media":3632,"comment_status":"closed","ping_status":"open","template":"","meta":[],"product_cat":[249],"product_tag":[778,784,830,630,683],"class_list":["post-3631","product","type-product","status-publish","has-post-thumbnail","hentry","product_cat-okulary-oprawki-i-szkla","product_tag-burak","product_tag-mieso-weganskie","product_tag-organic-24","product_tag-vege-slodycze","product_tag-ziola-regenerujace-nadnercza"],"_links":{"self":[{"href":"https:\/\/wegeblw.pl\/index.php\/wp-json\/wp\/v2\/product\/3631","targetHints":{"allow":["GET"]}}],"collection":[{"href":"https:\/\/wegeblw.pl\/index.php\/wp-json\/wp\/v2\/product"}],"about":[{"href":"https:\/\/wegeblw.pl\/index.php\/wp-json\/wp\/v2\/types\/product"}],"replies":[{"embeddable":true,"href":"https:\/\/wegeblw.pl\/index.php\/wp-json\/wp\/v2\/comments?post=3631"}],"wp:featuredmedia":[{"embeddable":true,"href":"https:\/\/wegeblw.pl\/index.php\/wp-json\/wp\/v2\/media\/3632"}],"wp:attachment":[{"href":"https:\/\/wegeblw.pl\/index.php\/wp-json\/wp\/v2\/media?parent=3631"}],"wp:term":[{"taxonomy":"product_cat","embeddable":true,"href":"https:\/\/wegeblw.pl\/index.php\/wp-json\/wp\/v2\/product_cat?post=3631"},{"taxonomy":"product_tag","embeddable":true,"href":"https:\/\/wegeblw.pl\/index.php\/wp-json\/wp\/v2\/product_tag?post=3631"}],"curies":[{"name":"wp","href":"https:\/\/api.w.org\/{rel}","templated":true}]}}