{"id":3659,"date":"2019-10-29T17:48:41","date_gmt":"2019-10-29T16:48:41","guid":{"rendered":"https:\/\/wegeblw.pl\/index.php\/produkt\/versace-okulary-korekcyjne-ve-3255-gb1-54\/"},"modified":"2026-04-29T13:15:36","modified_gmt":"2026-04-29T11:15:36","slug":"versace-okulary-korekcyjne-ve-3255-gb1-54","status":"publish","type":"product","link":"https:\/\/wegeblw.pl\/index.php\/produkt\/versace-okulary-korekcyjne-ve-3255-gb1-54\/","title":{"rendered":"Versace Okulary Korekcyjne VE 3255 Gb1 54"},"content":{"rendered":"<p>Homeopatyczny produkt leczniczy, kt\u00f3ry nie posiadawskaza\u0144 leczniczych. Lek ten mo\u017cna stosowa\u0107 w leczeniu r\u00f3\u017cnych chor\u00f3b.Ze wzgl\u0119du na szerokie zastosowanie do leku nie dodaje si\u0119 ulotki, aniinformacji zwi\u0105zanych ze sposobem dawkowania.<\/p>\n<p>Homeopatia<\/p>\n<p>kwiat geranium, mielona kozieradka, organic farma zdrowia warszawa, i do my best, kawa bezkofeinowa lidl, d3k2mk7<\/p>\n<p><a href=\"https:\/\/krolewskie-miody.pl\/miod-na-twarz-i-wlosy-pielegnacyjne-zastosowanie-miodu\/\">domowa maseczka z miodu<\/a><\/p>\n","protected":false},"excerpt":{"rendered":"<p>Homeopatyczny produkt leczniczy, kt\u00f3ry nie posiadawskaza\u0144 leczniczych. Lek ten mo\u017cna stosowa\u0107 w leczeniu r\u00f3\u017cnych chor\u00f3b.Ze wzgl\u0119du na szerokie zastosowanie do&hellip;<\/p>\n","protected":false},"featured_media":3660,"comment_status":"closed","ping_status":"open","template":"","meta":[],"product_cat":[249],"product_tag":[780,684,623,630],"class_list":["post-3659","product","type-product","status-publish","has-post-thumbnail","hentry","product_cat-okulary-oprawki-i-szkla","product_tag-b12","product_tag-kurkuma-korzen","product_tag-mleko-roslinne","product_tag-vege-slodycze"],"_links":{"self":[{"href":"https:\/\/wegeblw.pl\/index.php\/wp-json\/wp\/v2\/product\/3659","targetHints":{"allow":["GET"]}}],"collection":[{"href":"https:\/\/wegeblw.pl\/index.php\/wp-json\/wp\/v2\/product"}],"about":[{"href":"https:\/\/wegeblw.pl\/index.php\/wp-json\/wp\/v2\/types\/product"}],"replies":[{"embeddable":true,"href":"https:\/\/wegeblw.pl\/index.php\/wp-json\/wp\/v2\/comments?post=3659"}],"wp:featuredmedia":[{"embeddable":true,"href":"https:\/\/wegeblw.pl\/index.php\/wp-json\/wp\/v2\/media\/3660"}],"wp:attachment":[{"href":"https:\/\/wegeblw.pl\/index.php\/wp-json\/wp\/v2\/media?parent=3659"}],"wp:term":[{"taxonomy":"product_cat","embeddable":true,"href":"https:\/\/wegeblw.pl\/index.php\/wp-json\/wp\/v2\/product_cat?post=3659"},{"taxonomy":"product_tag","embeddable":true,"href":"https:\/\/wegeblw.pl\/index.php\/wp-json\/wp\/v2\/product_tag?post=3659"}],"curies":[{"name":"wp","href":"https:\/\/api.w.org\/{rel}","templated":true}]}}