{"id":3661,"date":"2023-01-18T02:40:12","date_gmt":"2023-01-18T01:40:12","guid":{"rendered":"https:\/\/wegeblw.pl\/?post_type=product&#038;p=3661"},"modified":"2026-04-10T04:48:27","modified_gmt":"2026-04-10T02:48:27","slug":"versace-ve-1280-1252-7668380","status":"publish","type":"product","link":"https:\/\/wegeblw.pl\/index.php\/produkt\/versace-ve-1280-1252-7668380\/","title":{"rendered":"Versace VE 1280 1252 (7668380)"},"content":{"rendered":"<p>Wspiera zdrowie sk\u00f3ry i b\u0142on \u015bluzowychWspomaga funkcjonowanie uk\u0142adu odporno\u015bciowegoWspiera utrzymanie prawid\u0142owego poziomu z\u0119b\u00f3w i ko\u015bciNaturalne kapsu\u0142ki ro\u015blinne Biovitum Liquid Witamina ADEK to zestaw witamin rozpuszczalnych w t\u0142uszczach. Witamina A korzystnie wp\u0142ywa na utrzymanie zdrowia sk\u00f3ry oraz prawid\u0142owego wzroku. Witamina E wspomaga ochron\u0119 DNA, bia\u0142ek i lipid\u00f3w. Witamina D wspomaga utrzymanie prawid\u0142owego stanu z\u0119b\u00f3w i ko\u015bci, wch\u0142anianie i wykorzystywanie wapnia i fosforu. Wspiera podzia\u0142y kom\u00f3rek i funkcjonowanie uk\u0142adu odporno\u015bciowego. Witamina K wspomaga utrzymanie prawid\u0142owego stanu ko\u015bci, wp\u0142ywa tak\u017ce na prawid\u0142owe krzepni\u0119cie krwi.1 kapsu\u0142ka 1 raz dziennieSk\u0142adnikiZawarto\u015b\u0107 w 1 tabletceWitamina A300 \u00b5g (37,5% RWS*)Witamina D50 \u00b5g 2000 IU (1000% RWS*)Witamina E10 mg (83,33% RWS*)Witamina K50 \u00b5g (66,6% RWS*)<\/p>\n<p>Minera\u0142y i witaminy<\/p>\n<p>szczypiorek wlasciwosci zdrowotne, azotan chromu, semolina gdzie kupic, witamina k2 + d3, ciasteczka owsiane z orzechami, suszone zio\u0142a, kulki czekoladowe, zasady od\u017cywiania, witamina d + k2, \u017cel do mycia twarzy vianek, ile kosztuje 10 jajek, mi\u00f3d rzepakowy<\/p>\n<p><a href=\"https:\/\/wrolety.pl\/product\/roleta-dachowa\/\">roleta na okno dachowe<\/a><\/p>\n","protected":false},"excerpt":{"rendered":"<p>Wspiera zdrowie sk\u00f3ry i b\u0142on \u015bluzowychWspomaga funkcjonowanie uk\u0142adu odporno\u015bciowegoWspiera utrzymanie prawid\u0142owego poziomu z\u0119b\u00f3w i ko\u015bciNaturalne kapsu\u0142ki ro\u015blinne Biovitum Liquid Witamina&hellip;<\/p>\n","protected":false},"featured_media":3662,"comment_status":"closed","ping_status":"open","template":"","meta":[],"product_cat":[249],"product_tag":[762,806,725,743,665],"class_list":["post-3661","product","type-product","status-publish","has-post-thumbnail","hentry","product_cat-okulary-oprawki-i-szkla","product_tag-cynamon-cejlonski","product_tag-mieso-ekologiczne","product_tag-pasta-sezamowa-do-czego","product_tag-siemie-lniane","product_tag-weganskie-mieso"],"_links":{"self":[{"href":"https:\/\/wegeblw.pl\/index.php\/wp-json\/wp\/v2\/product\/3661","targetHints":{"allow":["GET"]}}],"collection":[{"href":"https:\/\/wegeblw.pl\/index.php\/wp-json\/wp\/v2\/product"}],"about":[{"href":"https:\/\/wegeblw.pl\/index.php\/wp-json\/wp\/v2\/types\/product"}],"replies":[{"embeddable":true,"href":"https:\/\/wegeblw.pl\/index.php\/wp-json\/wp\/v2\/comments?post=3661"}],"wp:featuredmedia":[{"embeddable":true,"href":"https:\/\/wegeblw.pl\/index.php\/wp-json\/wp\/v2\/media\/3662"}],"wp:attachment":[{"href":"https:\/\/wegeblw.pl\/index.php\/wp-json\/wp\/v2\/media?parent=3661"}],"wp:term":[{"taxonomy":"product_cat","embeddable":true,"href":"https:\/\/wegeblw.pl\/index.php\/wp-json\/wp\/v2\/product_cat?post=3661"},{"taxonomy":"product_tag","embeddable":true,"href":"https:\/\/wegeblw.pl\/index.php\/wp-json\/wp\/v2\/product_tag?post=3661"}],"curies":[{"name":"wp","href":"https:\/\/api.w.org\/{rel}","templated":true}]}}