{"id":367,"date":"2022-01-25T06:51:12","date_gmt":"2022-01-25T05:51:12","guid":{"rendered":"https:\/\/wegeblw.pl\/index.php\/produkt\/lierac-premium-xmass-zestaw-odzywczy-krem-przeciwstarzeniowy-50-mlprzeciwstarzeniowy-krem-pod-oczy-15-ml\/"},"modified":"2026-04-07T13:20:16","modified_gmt":"2026-04-07T11:20:16","slug":"lierac-premium-xmass-zestaw-odzywczy-krem-przeciwstarzeniowy-50-mlprzeciwstarzeniowy-krem-pod-oczy-15-ml","status":"publish","type":"product","link":"https:\/\/wegeblw.pl\/index.php\/produkt\/lierac-premium-xmass-zestaw-odzywczy-krem-przeciwstarzeniowy-50-mlprzeciwstarzeniowy-krem-pod-oczy-15-ml\/","title":{"rendered":"Lierac Premium Xmass Zestaw od\u017cywczy krem przeciwstarzeniowy, 50 ml+przeciwstarzeniowy krem pod oczy, 15 ml"},"content":{"rendered":"<p>Witamina D i olej z konopi siewnych pomagaj\u0105 w prawid\u0142owym funkcjonowaniu uk\u0142adu odporno\u015bciowego i mi\u0119\u015bni.Witamina D pomaga w utrzymaniu zdrowych ko\u015bci.Witamina D pomaga zmniejszy\u0107 ryzyko upadku zwi\u0105zane z niestabilno\u015bci\u0105 postawy i os\u0142abieniem mi\u0119\u015bni. Upadki stanowi\u0105 czynnik ryzyka w odniesieniu do z\u0142ama\u0144 ko\u015bci u os\u00f3b obojga p\u0142ci w wieku 60 lat i starszych. Korzystne dzia\u0142anie wyst\u0119puje w przypadku spo\u017cywania dziennie 20 \u03bcg witaminy D ze wszystkich \u017ar\u00f3de\u0142.Istnieje wiele czynnik\u00f3w ryzyka z\u0142amania ko\u015bci i zmiana jednego z tych czynnik\u00f3w mo\u017ce wywiera\u0107 korzystny wp\u0142yw lub nie wywiera\u0107 go.<\/p>\n<p>Witaminy i minera\u0142y<\/p>\n<p>solgar gaba, mi\u00f3d z rzepaku, menu diety d\u0105browskiej, mleko 1,5%, zakwas przenny, maka pszenna typ 1850, jedrne posladki, clean therapy, keto dieta co mozna jesc, przepisy na chleb bezglutenowy, actinovo, bio warzywa, kostka gorzkiej czekolady dziennie, 500 ml wody, \u015bmietana 30, olej z pestek dyni apteka, nale\u015bniki bezglutenowe, marseille, barszcz z butelki, barwniki do k\u0105pieli dla dzieci<\/p>\n<p>yyyyy<\/p>\n","protected":false},"excerpt":{"rendered":"<p>Witamina D i olej z konopi siewnych pomagaj\u0105 w prawid\u0142owym funkcjonowaniu uk\u0142adu odporno\u015bciowego i mi\u0119\u015bni.Witamina D pomaga w utrzymaniu zdrowych&hellip;<\/p>\n","protected":false},"featured_media":368,"comment_status":"closed","ping_status":"open","template":"","meta":[],"product_cat":[36],"product_tag":[864,692,628,693],"class_list":["post-367","product","type-product","status-publish","has-post-thumbnail","hentry","product_cat-dermokosmetyki","product_tag-benjamissimo-happy-edition-curcuma-ginger-lemon","product_tag-jelito-drazliwe","product_tag-mieso-roslinne","product_tag-serek-kremowy"],"_links":{"self":[{"href":"https:\/\/wegeblw.pl\/index.php\/wp-json\/wp\/v2\/product\/367","targetHints":{"allow":["GET"]}}],"collection":[{"href":"https:\/\/wegeblw.pl\/index.php\/wp-json\/wp\/v2\/product"}],"about":[{"href":"https:\/\/wegeblw.pl\/index.php\/wp-json\/wp\/v2\/types\/product"}],"replies":[{"embeddable":true,"href":"https:\/\/wegeblw.pl\/index.php\/wp-json\/wp\/v2\/comments?post=367"}],"wp:featuredmedia":[{"embeddable":true,"href":"https:\/\/wegeblw.pl\/index.php\/wp-json\/wp\/v2\/media\/368"}],"wp:attachment":[{"href":"https:\/\/wegeblw.pl\/index.php\/wp-json\/wp\/v2\/media?parent=367"}],"wp:term":[{"taxonomy":"product_cat","embeddable":true,"href":"https:\/\/wegeblw.pl\/index.php\/wp-json\/wp\/v2\/product_cat?post=367"},{"taxonomy":"product_tag","embeddable":true,"href":"https:\/\/wegeblw.pl\/index.php\/wp-json\/wp\/v2\/product_tag?post=367"}],"curies":[{"name":"wp","href":"https:\/\/api.w.org\/{rel}","templated":true}]}}