{"id":3717,"date":"2013-08-06T22:44:32","date_gmt":"2013-08-06T20:44:32","guid":{"rendered":"https:\/\/wegeblw.pl\/index.php\/produkt\/lacoste-2001064\/"},"modified":"2026-04-08T06:28:45","modified_gmt":"2026-04-08T04:28:45","slug":"lacoste-2001064","status":"publish","type":"product","link":"https:\/\/wegeblw.pl\/index.php\/produkt\/lacoste-2001064\/","title":{"rendered":"Lacoste 2001064"},"content":{"rendered":"<p>Soczewki jednodniowe MyDay, 30 szt. -0.75<\/p>\n<p>Soczewki kontaktowe<\/p>\n<p>klopsy wegetarianskie, szklanki termiczne 300 ml, curry \u017c\u00f3\u0142te, dzienna dawka b\u0142onnika, yetba mate, komosa ry\u017cowa quinoa<\/p>\n<p><a href=\"https:\/\/kamieniarski.net\/uslugi-kamieniarskie-bydgoszcz\/\">zak\u0142ad kamieniarski bydgoszcz<\/a><\/p>\n","protected":false},"excerpt":{"rendered":"<p>Soczewki jednodniowe MyDay, 30 szt. -0.75 Soczewki kontaktowe klopsy wegetarianskie, szklanki termiczne 300 ml, curry \u017c\u00f3\u0142te, dzienna dawka b\u0142onnika, yetba&hellip;<\/p>\n","protected":false},"featured_media":3718,"comment_status":"closed","ping_status":"open","template":"","meta":[],"product_cat":[254],"product_tag":[627,623,665,707],"class_list":["post-3717","product","type-product","status-publish","has-post-thumbnail","hentry","product_cat-zegarki","product_tag-agnieszka-cegielska-blog","product_tag-mleko-roslinne","product_tag-weganskie-mieso","product_tag-wege-mieso"],"_links":{"self":[{"href":"https:\/\/wegeblw.pl\/index.php\/wp-json\/wp\/v2\/product\/3717","targetHints":{"allow":["GET"]}}],"collection":[{"href":"https:\/\/wegeblw.pl\/index.php\/wp-json\/wp\/v2\/product"}],"about":[{"href":"https:\/\/wegeblw.pl\/index.php\/wp-json\/wp\/v2\/types\/product"}],"replies":[{"embeddable":true,"href":"https:\/\/wegeblw.pl\/index.php\/wp-json\/wp\/v2\/comments?post=3717"}],"wp:featuredmedia":[{"embeddable":true,"href":"https:\/\/wegeblw.pl\/index.php\/wp-json\/wp\/v2\/media\/3718"}],"wp:attachment":[{"href":"https:\/\/wegeblw.pl\/index.php\/wp-json\/wp\/v2\/media?parent=3717"}],"wp:term":[{"taxonomy":"product_cat","embeddable":true,"href":"https:\/\/wegeblw.pl\/index.php\/wp-json\/wp\/v2\/product_cat?post=3717"},{"taxonomy":"product_tag","embeddable":true,"href":"https:\/\/wegeblw.pl\/index.php\/wp-json\/wp\/v2\/product_tag?post=3717"}],"curies":[{"name":"wp","href":"https:\/\/api.w.org\/{rel}","templated":true}]}}