{"id":3725,"date":"2014-08-03T14:26:18","date_gmt":"2014-08-03T12:26:18","guid":{"rendered":"https:\/\/wegeblw.pl\/index.php\/produkt\/seiko-sne569p1\/"},"modified":"2026-04-08T23:23:19","modified_gmt":"2026-04-08T21:23:19","slug":"seiko-sne569p1","status":"publish","type":"product","link":"https:\/\/wegeblw.pl\/index.php\/produkt\/seiko-sne569p1\/","title":{"rendered":"Seiko SNE569P1"},"content":{"rendered":"<p>Bioparol Colfarm, w\u0142a\u015bciwo\u015bci:W\u0142a\u015bciwo\u015bci niekt\u00f3rych sk\u0142adnik\u00f3w:nienasycone kwasy t\u0142uszczowe zast\u0119powanie w diecie t\u0142uszcz\u00f3w nasyconych t\u0142uszczami nienasyconymi pomaga w utrzymaniu prawid\u0142owego poziomu cholesterolu we krwi.Bioparol Colfarm, sk\u0142adniki:Olej z wiesio\u0142ka, skrobia z tapioki, substancja utrzymuj\u0105ca wilgo\u0107: glicerol, przeciwutleniacz: mieszanka tokoferoli. Sk\u0142adniki: 1 kapsu\u0142ka:Olej zimnot\u0142oczony z wiesio\u0142ka 500 mgNienasycone kwasy t\u0142uszczowe 400 mgw tym:Kwas linolowy (LA) 360 mgKwas gamma-linolenowy 40 mg*RWS &#8211; Referencyjna Warto\u015b\u0107 Spo\u017cycia.Przeciwwskazania:Nadwra\u017cliwo\u015b\u0107 na kt\u00f3rykolwiek ze sk\u0142adnik\u00f3w preparatu. W okresie ci\u0105\u017cy i karmienia piersi\u0105 przed zastosowaniem nale\u017cy skonsultowa\u0107 si\u0119 z lekarzem lub farmaceut\u0105.Bioparol Colfarm, spo\u017cycie:1-2 kapsu\u0142ki 3 razy dziennie.Wa\u017cne informacje:Nie nale\u017cy przekracza\u0107 zalecanej porcji do spo\u017cycia w ci\u0105gu dnia. Suplement diety nie mo\u017ce by\u0107 stosowany jako substytut (zamiennik) zr\u00f3\u017cnicowanej diety ani aktywnego trybu \u017cycia. Utrzymanie prawid\u0142owego stanu zdrowia wymaga zr\u00f3wnowa\u017conego i zr\u00f3\u017cnicowanego od\u017cywiania i prowadzenia zdrowego trybu \u017cycia. Istnieje wiele czynnik\u00f3w ryzyka choroby. Zmiana jednego z tych czynnik\u00f3w ryzyka mo\u017ce wywiera\u0107 korzystny wp\u0142yw lub nie wywiera\u0107 go. Przechowywa\u0107 w spos\u00f3b niedost\u0119pny dla ma\u0142ych dzieci w temperaturze pokojowej. Chroni\u0107 przed \u015bwiat\u0142em.Pojemno\u015b\u0107 opakowania:60 kapsu\u0142ek ro\u015blinnych.Producent:Zak\u0142ady Farmaceutyczne COLFARM S.A.ul. Wojska Polskiego 339-300 Mielec<\/p>\n<p>Uk\u0142ad kr\u0105\u017cenia i serce<\/p>\n<p>mango suszone, vit adek, buzdyganek naziemny zio\u0142a, mi\u00f3d 1l, rozst\u0119py na piersiach w okresie dojrzewania, yerba mate guarana, fresh green walnut wormwood, pomidory w puszce mutti<\/p>\n<p>yyyyy<\/p>\n","protected":false},"excerpt":{"rendered":"<p>Bioparol Colfarm, w\u0142a\u015bciwo\u015bci:W\u0142a\u015bciwo\u015bci niekt\u00f3rych sk\u0142adnik\u00f3w:nienasycone kwasy t\u0142uszczowe zast\u0119powanie w diecie t\u0142uszcz\u00f3w nasyconych t\u0142uszczami nienasyconymi pomaga w utrzymaniu prawid\u0142owego poziomu cholesterolu&hellip;<\/p>\n","protected":false},"featured_media":3726,"comment_status":"closed","ping_status":"open","template":"","meta":[],"product_cat":[254],"product_tag":[861,765,731,649],"class_list":["post-3725","product","type-product","status-publish","has-post-thumbnail","hentry","product_cat-zegarki","product_tag-czym-zastapic-jogurt-naturalny","product_tag-makaron-bez-kalorii","product_tag-margaryna-bez-oleju-palmowego","product_tag-organic24"],"_links":{"self":[{"href":"https:\/\/wegeblw.pl\/index.php\/wp-json\/wp\/v2\/product\/3725","targetHints":{"allow":["GET"]}}],"collection":[{"href":"https:\/\/wegeblw.pl\/index.php\/wp-json\/wp\/v2\/product"}],"about":[{"href":"https:\/\/wegeblw.pl\/index.php\/wp-json\/wp\/v2\/types\/product"}],"replies":[{"embeddable":true,"href":"https:\/\/wegeblw.pl\/index.php\/wp-json\/wp\/v2\/comments?post=3725"}],"wp:featuredmedia":[{"embeddable":true,"href":"https:\/\/wegeblw.pl\/index.php\/wp-json\/wp\/v2\/media\/3726"}],"wp:attachment":[{"href":"https:\/\/wegeblw.pl\/index.php\/wp-json\/wp\/v2\/media?parent=3725"}],"wp:term":[{"taxonomy":"product_cat","embeddable":true,"href":"https:\/\/wegeblw.pl\/index.php\/wp-json\/wp\/v2\/product_cat?post=3725"},{"taxonomy":"product_tag","embeddable":true,"href":"https:\/\/wegeblw.pl\/index.php\/wp-json\/wp\/v2\/product_tag?post=3725"}],"curies":[{"name":"wp","href":"https:\/\/api.w.org\/{rel}","templated":true}]}}