{"id":3731,"date":"2019-12-21T22:56:05","date_gmt":"2019-12-21T21:56:05","guid":{"rendered":"https:\/\/wegeblw.pl\/index.php\/produkt\/swatch-night-flight-again-yvs444gc\/"},"modified":"2026-04-07T02:52:42","modified_gmt":"2026-04-07T00:52:42","slug":"swatch-night-flight-again-yvs444gc","status":"publish","type":"product","link":"https:\/\/wegeblw.pl\/index.php\/produkt\/swatch-night-flight-again-yvs444gc\/","title":{"rendered":"Swatch Night Flight Again Yvs444Gc"},"content":{"rendered":"<p>Rapid SL do WC \u015bciennego <\/p>\n<p>Rapid SL do WC \u015bciennego sp\u0142uczka do WC z ma\u0142ym otworem rewizyjnymwysoko\u015b\u0107 zabudowy 1,13 mdo monta\u017cu przy\u015bciennego lub monta\u017cu w \u015bcianie szkieletowejrama stalowa, powlekana proszkowo, samono\u015bnado suchej zabudowy, kompletny monta\u017c wst\u0119pnyustalone przy\u0142\u0105cza do obiektudo monta\u017cu pojedynczego lub szynowegoz szybk\u0105 regulacj\u0105 i blokad\u0105 wysoko\u015bcimateria\u0142 mocuj\u0105cykontrola T\u00dcV2 sworznie mocuj\u0105ce WCmocowanie ceramikirozstaw \u015brub 180\/230 mmregulacja g\u0142\u0119boko\u015bci zabudowyzestaw dop\u0142ywowy i odp\u0142ywowysp\u0142uczka do WC, 6 &#8211; 9 lustawienie fabryczne 6l i 3l pneumatyczny zaw\u00f3r odp\u0142ywowy z 3 funkcjami: 2-pojemn., Start\/Stop lub bez przerywaniaprzy\u0142\u0105cze wodne z lewej \/ prawej lub od ty\u0142uarmatura I klasy g\u0142o\u015bno\u015bcikontrola DIN izolowana przeciwroszeniowoprzy\u0142\u0105cze wodne \u00bd&#8221; z wbudowanym zaworem k\u0105towym i przy\u0142\u0105czeminstalacja beznarz\u0119dziowabez wyposa\u017cenia do monta\u017cu przy\u015bciennego<\/p>\n<p>Stela\u017ce podtynkowe do toalety<\/p>\n<p>jak obra\u0107 szparagi zielone, sos pomidorowy marinara, cytrynian magnezu, sok z porzeczki, zywokost z gojnikiem, wyprzeda\u017c kalendarzy adwentowych, mini ania, orzechy nerkowca 1kg cena, cytrynian magnezu kapsu\u0142ki, mleko migda\u0142owe bio, lactobacillus gasseri, p\u0142atki dro\u017cd\u017cowe cena, jagoda inkaska, vianek krem do twarzy na noc<\/p>\n<p><a href=\"https:\/\/www.wizytylekarskie-slask.pl\/kategorie\/placowka-ruda-slaska\">https:\/\/www.wizytylekarskie-slask.pl\/kategorie\/placowka-ruda-slaska<\/a><\/p>\n","protected":false},"excerpt":{"rendered":"<p>Rapid SL do WC \u015bciennego Rapid SL do WC \u015bciennego sp\u0142uczka do WC z ma\u0142ym otworem rewizyjnymwysoko\u015b\u0107 zabudowy 1,13 mdo&hellip;<\/p>\n","protected":false},"featured_media":3732,"comment_status":"closed","ping_status":"open","template":"","meta":[],"product_cat":[254],"product_tag":[869,822,638],"class_list":["post-3731","product","type-product","status-publish","has-post-thumbnail","hentry","product_cat-zegarki","product_tag-kurkuma-w-proszku-jak-stosowac","product_tag-mleko-kozie","product_tag-onlybio-odzywka"],"_links":{"self":[{"href":"https:\/\/wegeblw.pl\/index.php\/wp-json\/wp\/v2\/product\/3731","targetHints":{"allow":["GET"]}}],"collection":[{"href":"https:\/\/wegeblw.pl\/index.php\/wp-json\/wp\/v2\/product"}],"about":[{"href":"https:\/\/wegeblw.pl\/index.php\/wp-json\/wp\/v2\/types\/product"}],"replies":[{"embeddable":true,"href":"https:\/\/wegeblw.pl\/index.php\/wp-json\/wp\/v2\/comments?post=3731"}],"wp:featuredmedia":[{"embeddable":true,"href":"https:\/\/wegeblw.pl\/index.php\/wp-json\/wp\/v2\/media\/3732"}],"wp:attachment":[{"href":"https:\/\/wegeblw.pl\/index.php\/wp-json\/wp\/v2\/media?parent=3731"}],"wp:term":[{"taxonomy":"product_cat","embeddable":true,"href":"https:\/\/wegeblw.pl\/index.php\/wp-json\/wp\/v2\/product_cat?post=3731"},{"taxonomy":"product_tag","embeddable":true,"href":"https:\/\/wegeblw.pl\/index.php\/wp-json\/wp\/v2\/product_tag?post=3731"}],"curies":[{"name":"wp","href":"https:\/\/api.w.org\/{rel}","templated":true}]}}