{"id":3739,"date":"2020-07-24T19:46:29","date_gmt":"2020-07-24T17:46:29","guid":{"rendered":"https:\/\/wegeblw.pl\/index.php\/produkt\/casio-g-shock-set-ga-110rb-1aer-bezel-10358741-pasek-10577142\/"},"modified":"2026-04-08T04:30:04","modified_gmt":"2026-04-08T02:30:04","slug":"casio-g-shock-set-ga-110rb-1aer-bezel-10358741-pasek-10577142","status":"publish","type":"product","link":"https:\/\/wegeblw.pl\/index.php\/produkt\/casio-g-shock-set-ga-110rb-1aer-bezel-10358741-pasek-10577142\/","title":{"rendered":"Casio G-SHOCK SET GA-110RB-1AER + BEZEL 10358741 + PASEK 10577142"},"content":{"rendered":"<p>Okulary S\u0142oneczne Burberry<\/p>\n<p>Okulary przeciws\u0142oneczne damskie<\/p>\n<p>tapoka, czosnek nied\u017awiedzi kiedy ro\u015bnie, placki dla cukrzyk\u00f3w, fasola mung cena, platki musli, kaczka polska, hunan, imbir na kaszel<\/p>\n<p>yyyyy<\/p>\n","protected":false},"excerpt":{"rendered":"<p>Okulary S\u0142oneczne Burberry Okulary przeciws\u0142oneczne damskie tapoka, czosnek nied\u017awiedzi kiedy ro\u015bnie, placki dla cukrzyk\u00f3w, fasola mung cena, platki musli, kaczka&hellip;<\/p>\n","protected":false},"featured_media":3740,"comment_status":"closed","ping_status":"open","template":"","meta":[],"product_cat":[254],"product_tag":[847,651,819,813,795],"class_list":["post-3739","product","type-product","status-publish","has-post-thumbnail","hentry","product_cat-zegarki","product_tag-czym-zastapic-nabial","product_tag-dieta-bezbialkowa","product_tag-kosze-prezentowe","product_tag-tortilla","product_tag-wino-bez-siarczanow"],"_links":{"self":[{"href":"https:\/\/wegeblw.pl\/index.php\/wp-json\/wp\/v2\/product\/3739","targetHints":{"allow":["GET"]}}],"collection":[{"href":"https:\/\/wegeblw.pl\/index.php\/wp-json\/wp\/v2\/product"}],"about":[{"href":"https:\/\/wegeblw.pl\/index.php\/wp-json\/wp\/v2\/types\/product"}],"replies":[{"embeddable":true,"href":"https:\/\/wegeblw.pl\/index.php\/wp-json\/wp\/v2\/comments?post=3739"}],"wp:featuredmedia":[{"embeddable":true,"href":"https:\/\/wegeblw.pl\/index.php\/wp-json\/wp\/v2\/media\/3740"}],"wp:attachment":[{"href":"https:\/\/wegeblw.pl\/index.php\/wp-json\/wp\/v2\/media?parent=3739"}],"wp:term":[{"taxonomy":"product_cat","embeddable":true,"href":"https:\/\/wegeblw.pl\/index.php\/wp-json\/wp\/v2\/product_cat?post=3739"},{"taxonomy":"product_tag","embeddable":true,"href":"https:\/\/wegeblw.pl\/index.php\/wp-json\/wp\/v2\/product_tag?post=3739"}],"curies":[{"name":"wp","href":"https:\/\/api.w.org\/{rel}","templated":true}]}}