{"id":3741,"date":"2018-10-21T01:53:42","date_gmt":"2018-10-20T23:53:42","guid":{"rendered":"https:\/\/wegeblw.pl\/index.php\/produkt\/edox-royal-lady-23096-357j-nid\/"},"modified":"2026-04-10T06:21:56","modified_gmt":"2026-04-10T04:21:56","slug":"edox-royal-lady-23096-357j-nid","status":"publish","type":"product","link":"https:\/\/wegeblw.pl\/index.php\/produkt\/edox-royal-lady-23096-357j-nid\/","title":{"rendered":"Edox Royal Lady 23096 357J Nid"},"content":{"rendered":"<p>.                            <\/p>\n<p>Sesderma Samay Kontur Oczu Krem 15mlSesderma Samay kontur oczu to lekka emulsja stworzona z my\u015bl\u0105 o piel\u0119gnacji wra\u017cliwej sk\u00f3ry wok\u00f3\u0142 oczu. Wyj\u0105tkowa kompozycja sk\u0142adnik\u00f3w aktywnych redukuje cienie i zmarszczki w okolicach oczu, doskonale nawil\u017ca, \u0142agodzi, a tak\u017ce wzmacnia barier\u0119 ochronn\u0105 sk\u00f3ry. Zawarty w sk\u0142adzie kosmetyku bakuchiol sp\u0142yca zmarszczki i redukuje szorstko\u015b\u0107 sk\u00f3ry, jednocze\u015bnie nie powoduj\u0105c podra\u017cnie\u0144. Sesderma Samay kontur oczu wzbogacona zosta\u0142a opatentowan\u0105 technologi\u0105 SENSISOMAS\u00ae, kt\u00f3ra wzmacnia barier\u0119 ochronn\u0105 sk\u00f3ry, a tak\u017ce przeciwdzia\u0142a jej starzeniu.                            <\/p>\n<p>Spos\u00f3b u\u017cyciaNak\u0142ada\u0107 na oczyszczon\u0105 sk\u00f3r\u0119 wok\u00f3\u0142 oczu.\u00a0Delikatnie wklepa\u0107.\u00a0Stosowa\u0107 rano i\/lub wieczorem.Sk\u0142adniki\u00a0Aqua, Glycerin, Polyglyceryl-3 Distearate, Isostearyl Isostearate, Prunus Amygdalus Dulcis Oil (olej ze s\u0142odkich migda\u0142\u00f3w), Glyceryl Stearate, Cetearyl Alcohol, Butyrospermum Parkii Butter Extract (mas\u0142o shea), Allantoin (alantoina), Alpha-Glucan Oligosaccharide, Bakuchiol (bakuchiol), Benzoic Acid, Bidens Pilosa Extract, Calendula Officinalis Flower Extract (wyci\u0105g z kwiat\u00f3w nagietka lekarskiego), Caprylic\/Capric Triglyceride, Caprylyl Glycol, Carbomer, Chamomilla Recutita Extract (ekstrakt z rumianku), Disodium Edta, Elaeis Guineensis Oil, Glyceryl Stearate Citrate, Gossypium Herbaceum Seed Oil (olej z nasion bawe\u0142ny), Lactis Proteinum, Lactose, Lecithin, Linum Usitatissimum Seed Oil (olej lniany), Parfum, Polysorbate 20, Propanediol, Sodium Hydroxide, Tephrosia Purpurea Seed Extract, Tocopherol, Tocopheryl Acetate, Triethyl Citrate, Xanthan Gum.<\/p>\n<p>Dermokosmetyki<\/p>\n<p>p\u0142atki bezglutenowe owsiane, ciastka babci ani, kozieradka kie\u0142ki, \u017cywe kultury bakterii apteka, ro\u015bliny str\u0105czkowe rodzaje, olej z pestek awokado, herbaty ekologiczne, drobna kaszka kukurydziana, witamina b12 wch\u0142anianie<\/p>\n<p>yyyyy<\/p>\n","protected":false},"excerpt":{"rendered":"<p>. Sesderma Samay Kontur Oczu Krem 15mlSesderma Samay kontur oczu to lekka emulsja stworzona z my\u015bl\u0105 o piel\u0119gnacji wra\u017cliwej sk\u00f3ry&hellip;<\/p>\n","protected":false},"featured_media":3742,"comment_status":"closed","ping_status":"open","template":"","meta":[],"product_cat":[254],"product_tag":[770,667,767,665],"class_list":["post-3741","product","type-product","status-publish","has-post-thumbnail","hentry","product_cat-zegarki","product_tag-komosa-ryzowa-gotowanie","product_tag-makaron-sojowy-ig","product_tag-quinoa-komosa-ryzowa","product_tag-weganskie-mieso"],"_links":{"self":[{"href":"https:\/\/wegeblw.pl\/index.php\/wp-json\/wp\/v2\/product\/3741","targetHints":{"allow":["GET"]}}],"collection":[{"href":"https:\/\/wegeblw.pl\/index.php\/wp-json\/wp\/v2\/product"}],"about":[{"href":"https:\/\/wegeblw.pl\/index.php\/wp-json\/wp\/v2\/types\/product"}],"replies":[{"embeddable":true,"href":"https:\/\/wegeblw.pl\/index.php\/wp-json\/wp\/v2\/comments?post=3741"}],"wp:featuredmedia":[{"embeddable":true,"href":"https:\/\/wegeblw.pl\/index.php\/wp-json\/wp\/v2\/media\/3742"}],"wp:attachment":[{"href":"https:\/\/wegeblw.pl\/index.php\/wp-json\/wp\/v2\/media?parent=3741"}],"wp:term":[{"taxonomy":"product_cat","embeddable":true,"href":"https:\/\/wegeblw.pl\/index.php\/wp-json\/wp\/v2\/product_cat?post=3741"},{"taxonomy":"product_tag","embeddable":true,"href":"https:\/\/wegeblw.pl\/index.php\/wp-json\/wp\/v2\/product_tag?post=3741"}],"curies":[{"name":"wp","href":"https:\/\/api.w.org\/{rel}","templated":true}]}}