{"id":3751,"date":"2013-08-16T05:07:00","date_gmt":"2013-08-16T03:07:00","guid":{"rendered":"https:\/\/wegeblw.pl\/index.php\/produkt\/casio-classic-mtp-1314l-7avef\/"},"modified":"2026-04-08T21:35:38","modified_gmt":"2026-04-08T19:35:38","slug":"casio-classic-mtp-1314l-7avef","status":"publish","type":"product","link":"https:\/\/wegeblw.pl\/index.php\/produkt\/casio-classic-mtp-1314l-7avef\/","title":{"rendered":"Casio Classic MTP-1314L-7AVEF"},"content":{"rendered":"<p>ETUI FUTERA\u0141 NA DZIECI\u0118CEOKULARY SC-10A<\/p>\n<p>Akcesoria do okular\u00f3w<\/p>\n<p>l theanina, sheik bananowy, chleb na proszku do pieczenia, b 50, ketchup premium, m\u0105ka razowa cena, galart, chleb orkiszowy na zakwasie<\/p>\n<p>yyyyy<\/p>\n","protected":false},"excerpt":{"rendered":"<p>ETUI FUTERA\u0141 NA DZIECI\u0118CEOKULARY SC-10A Akcesoria do okular\u00f3w l theanina, sheik bananowy, chleb na proszku do pieczenia, b 50, ketchup&hellip;<\/p>\n","protected":false},"featured_media":3752,"comment_status":"closed","ping_status":"open","template":"","meta":[],"product_cat":[254],"product_tag":[731,738,803,867,832],"class_list":["post-3751","product","type-product","status-publish","has-post-thumbnail","hentry","product_cat-zegarki","product_tag-margaryna-bez-oleju-palmowego","product_tag-mieso-bio","product_tag-rodzaje-orzechow","product_tag-siemie-lniane-blonnik","product_tag-vitapol-majonez"],"_links":{"self":[{"href":"https:\/\/wegeblw.pl\/index.php\/wp-json\/wp\/v2\/product\/3751","targetHints":{"allow":["GET"]}}],"collection":[{"href":"https:\/\/wegeblw.pl\/index.php\/wp-json\/wp\/v2\/product"}],"about":[{"href":"https:\/\/wegeblw.pl\/index.php\/wp-json\/wp\/v2\/types\/product"}],"replies":[{"embeddable":true,"href":"https:\/\/wegeblw.pl\/index.php\/wp-json\/wp\/v2\/comments?post=3751"}],"wp:featuredmedia":[{"embeddable":true,"href":"https:\/\/wegeblw.pl\/index.php\/wp-json\/wp\/v2\/media\/3752"}],"wp:attachment":[{"href":"https:\/\/wegeblw.pl\/index.php\/wp-json\/wp\/v2\/media?parent=3751"}],"wp:term":[{"taxonomy":"product_cat","embeddable":true,"href":"https:\/\/wegeblw.pl\/index.php\/wp-json\/wp\/v2\/product_cat?post=3751"},{"taxonomy":"product_tag","embeddable":true,"href":"https:\/\/wegeblw.pl\/index.php\/wp-json\/wp\/v2\/product_tag?post=3751"}],"curies":[{"name":"wp","href":"https:\/\/api.w.org\/{rel}","templated":true}]}}